{"id":94177,"date":"2026-01-20T09:20:02","date_gmt":"2026-01-20T07:20:02","guid":{"rendered":"https:\/\/logistiikkakeskus.net\/kauppa\/tuote\/hukkavarisailio-xerox-c230-c235\/"},"modified":"2026-01-20T09:20:02","modified_gmt":"2026-01-20T07:20:02","slug":"hukkavarisailio-xerox-c230-c235","status":"publish","type":"product","link":"https:\/\/logistiikkakeskus.net\/kauppa\/tuote\/hukkavarisailio-xerox-c230-c235\/","title":{"rendered":"Hukkav\u00e4ris\u00e4ili\u00f6 Xerox C230\/C235"},"content":{"rendered":"<p>Tulostuskapasiteetti: 15000 sivua<\/p>\n<p>008R13326<\/p>\n","protected":false},"excerpt":{"rendered":"<p>Tulostuskapasiteetti: 15000 sivua 008R13326<\/p>\n","protected":false},"featured_media":0,"comment_status":"open","ping_status":"closed","template":"","meta":[],"product_brand":[],"product_cat":[3246],"product_tag":[],"class_list":{"0":"post-94177","1":"product","2":"type-product","3":"status-publish","5":"product_cat-it-toimisto-sahkolaitteet-ja-tarv-tulostustarvikkeet-laserkasetit-muut","7":"first","8":"instock","9":"shipping-taxable","10":"purchasable","11":"product-type-simple"},"_links":{"self":[{"href":"https:\/\/logistiikkakeskus.net\/kauppa\/wp-json\/wp\/v2\/product\/94177","targetHints":{"allow":["GET"]}}],"collection":[{"href":"https:\/\/logistiikkakeskus.net\/kauppa\/wp-json\/wp\/v2\/product"}],"about":[{"href":"https:\/\/logistiikkakeskus.net\/kauppa\/wp-json\/wp\/v2\/types\/product"}],"replies":[{"embeddable":true,"href":"https:\/\/logistiikkakeskus.net\/kauppa\/wp-json\/wp\/v2\/comments?post=94177"}],"wp:attachment":[{"href":"https:\/\/logistiikkakeskus.net\/kauppa\/wp-json\/wp\/v2\/media?parent=94177"}],"wp:term":[{"taxonomy":"product_brand","embeddable":true,"href":"https:\/\/logistiikkakeskus.net\/kauppa\/wp-json\/wp\/v2\/product_brand?post=94177"},{"taxonomy":"product_cat","embeddable":true,"href":"https:\/\/logistiikkakeskus.net\/kauppa\/wp-json\/wp\/v2\/product_cat?post=94177"},{"taxonomy":"product_tag","embeddable":true,"href":"https:\/\/logistiikkakeskus.net\/kauppa\/wp-json\/wp\/v2\/product_tag?post=94177"}],"curies":[{"name":"wp","href":"https:\/\/api.w.org\/{rel}","templated":true}]}}