{"id":94058,"date":"2026-01-20T09:14:43","date_gmt":"2026-01-20T07:14:43","guid":{"rendered":"https:\/\/logistiikkakeskus.net\/kauppa\/tuote\/laserkasetti-samsung-ml-d2850\/"},"modified":"2026-01-20T09:14:43","modified_gmt":"2026-01-20T07:14:43","slug":"laserkasetti-samsung-ml-d2850","status":"publish","type":"product","link":"https:\/\/logistiikkakeskus.net\/kauppa\/tuote\/laserkasetti-samsung-ml-d2850\/","title":{"rendered":"Laserkasetti samsung ml-d2850"},"content":{"rendered":"<p>Laserkasetti Samsung ML-D2850A\/ELS (2k), musta<\/h2>\n<p>Alkuper\u00e4inenmustalaserv\u00e4rikasetti, joka antaa korkealaatuisen tulostusj\u00e4ljen.Laserkasetti omaa suuren tulostuskapasiteetin &#8211; t\u00e4ll\u00e4 tulostat n. 2000sivua 5% peitolla.<\/p>\n<p> Sopii seuraaviin laitteisiin:<\/b>ML-2850 D,ML-2851 ND, ML-2850, ML-2850 DR, ML-2851 NDR, ML-2851 NDL, ML-2853 D,ML-2853 ND, ML-2450, ML-2450 P, ML-2451, ML-2451 N <\/ul>\n<p>Toimittajantuotenro. ML-D2850B\/ELS hakusanat: tulostintarvikkeet, tulostinkasettilasertulostin, LEO-TUOTE<\/i><\/p>\n","protected":false},"excerpt":{"rendered":"<p>Laserkasetti Samsung ML-D2850A\/ELS (2k), musta Alkuper\u00e4inenmustalaserv\u00e4rikasetti, joka antaa korkealaatuisen tulostusj\u00e4ljen.Laserkasetti omaa suuren tulostuskapasiteetin &#8211; t\u00e4ll\u00e4 tulostat n. 2000sivua 5% peitolla. Sopii seuraaviin laitteisiin:ML-2850 D,ML-2851 ND, ML-2850, ML-2850 DR, ML-2851 NDR, ML-2851 NDL, ML-2853 D,ML-2853 ND, ML-2450, ML-2450 P, ML-2451, ML-2451 N Toimittajantuotenro. ML-D2850B\/ELS hakusanat: tulostintarvikkeet, tulostinkasettilasertulostin, LEO-TUOTE<\/p>\n","protected":false},"featured_media":101474,"comment_status":"open","ping_status":"closed","template":"","meta":[],"product_brand":[],"product_cat":[3245],"product_tag":[],"class_list":{"0":"post-94058","1":"product","2":"type-product","3":"status-publish","4":"has-post-thumbnail","6":"product_cat-it-toimisto-sahkolaitteet-ja-tarv-tulostustarvikkeet-laserkasetit-samsung","8":"first","9":"instock","10":"shipping-taxable","11":"purchasable","12":"product-type-simple"},"_links":{"self":[{"href":"https:\/\/logistiikkakeskus.net\/kauppa\/wp-json\/wp\/v2\/product\/94058","targetHints":{"allow":["GET"]}}],"collection":[{"href":"https:\/\/logistiikkakeskus.net\/kauppa\/wp-json\/wp\/v2\/product"}],"about":[{"href":"https:\/\/logistiikkakeskus.net\/kauppa\/wp-json\/wp\/v2\/types\/product"}],"replies":[{"embeddable":true,"href":"https:\/\/logistiikkakeskus.net\/kauppa\/wp-json\/wp\/v2\/comments?post=94058"}],"wp:featuredmedia":[{"embeddable":true,"href":"https:\/\/logistiikkakeskus.net\/kauppa\/wp-json\/wp\/v2\/media\/101474"}],"wp:attachment":[{"href":"https:\/\/logistiikkakeskus.net\/kauppa\/wp-json\/wp\/v2\/media?parent=94058"}],"wp:term":[{"taxonomy":"product_brand","embeddable":true,"href":"https:\/\/logistiikkakeskus.net\/kauppa\/wp-json\/wp\/v2\/product_brand?post=94058"},{"taxonomy":"product_cat","embeddable":true,"href":"https:\/\/logistiikkakeskus.net\/kauppa\/wp-json\/wp\/v2\/product_cat?post=94058"},{"taxonomy":"product_tag","embeddable":true,"href":"https:\/\/logistiikkakeskus.net\/kauppa\/wp-json\/wp\/v2\/product_tag?post=94058"}],"curies":[{"name":"wp","href":"https:\/\/api.w.org\/{rel}","templated":true}]}}