{"id":93817,"date":"2025-10-15T10:22:00","date_gmt":"2025-10-15T07:22:00","guid":{"rendered":"https:\/\/logistiikkakeskus.net\/kauppa\/tuote\/veren-ketoaineliuskat-freestyle-precisio\/"},"modified":"2026-01-20T09:20:38","modified_gmt":"2026-01-20T07:20:38","slug":"veren-ketoaineliuskat-freestyle-precisio","status":"publish","type":"product","link":"https:\/\/logistiikkakeskus.net\/kauppa\/tuote\/veren-ketoaineliuskat-freestyle-precisio\/","title":{"rendered":"Veren ketoaineliuskat FreeStyle Precisio"},"content":{"rendered":"<p>Myyntiyksikk\u00f6 RAS (10 kpl)<\/p>\n<p>Ketoaineliuska FreeStyle Precision B-ketone, ketoaineidenmittausverest\u00e4.<\/p>\n<p>Diabetekseen liittyy riski sairastua ketoasidoosiin. Josep\u00e4iletketoasidoosia, voit v\u00e4ltt\u00e4\u00e4 sairastumiselta mittaamalla ketoaineetsamantien verest\u00e4. Mittausliuskat sopivat omaseurantaan sek\u00e4terveydenhuollon ammattilaisille.<\/p>\n<ul>Sis\u00e4lt\u00e4\u00e4:<\/p>\n<li>yksitt\u00e4ispakatut mittausliuskat 10 kpl\n<li>kalibrointiliuska\n<li>k\u00e4ytt\u00f6ohje<\/ul>\n<p>Sopii seuraaviin mittareihin: FreeStyle Precision Neo,FreeStyleLibre ja FreeStyle Libre 2<\/p>\n<p><i>Hakusanat: ketoaineliuskat, ketone, ketoaineidenmittaus<\/i><\/p>\n","protected":false},"excerpt":{"rendered":"<p>Myyntiyksikk\u00f6 RAS (10 kpl) Ketoaineliuska FreeStyle Precision B-ketone, ketoaineidenmittausverest\u00e4. Diabetekseen liittyy riski sairastua ketoasidoosiin. Josep\u00e4iletketoasidoosia, voit v\u00e4ltt\u00e4\u00e4 sairastumiselta mittaamalla ketoaineetsamantien verest\u00e4. Mittausliuskat sopivat omaseurantaan sek\u00e4terveydenhuollon ammattilaisille. Sis\u00e4lt\u00e4\u00e4: yksitt\u00e4ispakatut mittausliuskat 10 kpl kalibrointiliuska k\u00e4ytt\u00f6ohje Sopii seuraaviin mittareihin: FreeStyle Precision Neo,FreeStyleLibre ja FreeStyle Libre 2 Hakusanat: ketoaineliuskat, ketone, ketoaineidenmittaus<\/p>\n","protected":false},"featured_media":104832,"comment_status":"open","ping_status":"closed","template":"","meta":[],"product_brand":[],"product_cat":[3276],"product_tag":[],"class_list":{"0":"post-93817","1":"product","2":"type-product","3":"status-publish","4":"has-post-thumbnail","6":"product_cat-hoitotarvikkeet-diabetes-hoitotarvikkeet-testiliuskat-ja-lansetit","8":"first","9":"instock","10":"shipping-taxable","11":"purchasable","12":"product-type-simple"},"_links":{"self":[{"href":"https:\/\/logistiikkakeskus.net\/kauppa\/wp-json\/wp\/v2\/product\/93817","targetHints":{"allow":["GET"]}}],"collection":[{"href":"https:\/\/logistiikkakeskus.net\/kauppa\/wp-json\/wp\/v2\/product"}],"about":[{"href":"https:\/\/logistiikkakeskus.net\/kauppa\/wp-json\/wp\/v2\/types\/product"}],"replies":[{"embeddable":true,"href":"https:\/\/logistiikkakeskus.net\/kauppa\/wp-json\/wp\/v2\/comments?post=93817"}],"wp:featuredmedia":[{"embeddable":true,"href":"https:\/\/logistiikkakeskus.net\/kauppa\/wp-json\/wp\/v2\/media\/104832"}],"wp:attachment":[{"href":"https:\/\/logistiikkakeskus.net\/kauppa\/wp-json\/wp\/v2\/media?parent=93817"}],"wp:term":[{"taxonomy":"product_brand","embeddable":true,"href":"https:\/\/logistiikkakeskus.net\/kauppa\/wp-json\/wp\/v2\/product_brand?post=93817"},{"taxonomy":"product_cat","embeddable":true,"href":"https:\/\/logistiikkakeskus.net\/kauppa\/wp-json\/wp\/v2\/product_cat?post=93817"},{"taxonomy":"product_tag","embeddable":true,"href":"https:\/\/logistiikkakeskus.net\/kauppa\/wp-json\/wp\/v2\/product_tag?post=93817"}],"curies":[{"name":"wp","href":"https:\/\/api.w.org\/{rel}","templated":true}]}}