{"id":93775,"date":"2025-10-15T10:20:25","date_gmt":"2025-10-15T07:20:25","guid":{"rendered":"https:\/\/logistiikkakeskus.net\/kauppa\/tuote\/nitriilikasine-kemikaalisuoja-8\/"},"modified":"2026-01-20T09:19:31","modified_gmt":"2026-01-20T07:19:31","slug":"nitriilikasine-kemikaalisuoja-8","status":"publish","type":"product","link":"https:\/\/logistiikkakeskus.net\/kauppa\/tuote\/nitriilikasine-kemikaalisuoja-8\/","title":{"rendered":"Nitriilik\u00e4sine kemikaalisuoja, 8"},"content":{"rendered":"<p>Tilaustuote. Tilaustuotteella on normaalia pidempitoimitusaika.Tilaustuotteella ei ole palautusoikeutta.<\/p>\n<p>Kemikaalisuojak\u00e4sine, nitriili, vuorellinen, suojauskemikaalejavastaan, \u00f6ljyn- ja rasvankest\u00e4v\u00e4, hyv\u00e4ksytty elintarvikek\u00e4ytt\u00f6\u00f6n.<\/p>\n<p>Kevyet 0,38 mm paksut k\u00e4sineet soveltuvat monenlaisilleteollisuudenaloille, kuten teollisuussiivous, laboratorioty\u00f6, kevytkokoonpano, ilmailu- ja avaruusteollisuus sek\u00e4 kemianteollisuus.<\/p>\n<ul>\n<li>Pituus 330 mm\n<li>Elintarvikehyv\u00e4ksytty\n<li>CE CAT III<\/ul>\n<p><i>Hakusanat: kemikaalik\u00e4sine, kemikaalisuoja,elintarvike<\/i><\/p>\n","protected":false},"excerpt":{"rendered":"<p>Tilaustuote. Tilaustuotteella on normaalia pidempitoimitusaika.Tilaustuotteella ei ole palautusoikeutta. Kemikaalisuojak\u00e4sine, nitriili, vuorellinen, suojauskemikaalejavastaan, \u00f6ljyn- ja rasvankest\u00e4v\u00e4, hyv\u00e4ksytty elintarvikek\u00e4ytt\u00f6\u00f6n. Kevyet 0,38 mm paksut k\u00e4sineet soveltuvat monenlaisilleteollisuudenaloille, kuten teollisuussiivous, laboratorioty\u00f6, kevytkokoonpano, ilmailu- ja avaruusteollisuus sek\u00e4 kemianteollisuus. Pituus 330 mm Elintarvikehyv\u00e4ksytty CE CAT III Hakusanat: kemikaalik\u00e4sine, kemikaalisuoja,elintarvike<\/p>\n","protected":false},"featured_media":104168,"comment_status":"open","ping_status":"closed","template":"","meta":[],"product_brand":[],"product_cat":[3383],"product_tag":[],"class_list":{"0":"post-93775","1":"product","2":"type-product","3":"status-publish","4":"has-post-thumbnail","6":"product_cat-henkilonsuojaimet-ja-tyoturvallisuus-henkilonsuojaimet-kasineet","8":"first","9":"instock","10":"shipping-taxable","11":"purchasable","12":"product-type-simple"},"_links":{"self":[{"href":"https:\/\/logistiikkakeskus.net\/kauppa\/wp-json\/wp\/v2\/product\/93775","targetHints":{"allow":["GET"]}}],"collection":[{"href":"https:\/\/logistiikkakeskus.net\/kauppa\/wp-json\/wp\/v2\/product"}],"about":[{"href":"https:\/\/logistiikkakeskus.net\/kauppa\/wp-json\/wp\/v2\/types\/product"}],"replies":[{"embeddable":true,"href":"https:\/\/logistiikkakeskus.net\/kauppa\/wp-json\/wp\/v2\/comments?post=93775"}],"wp:featuredmedia":[{"embeddable":true,"href":"https:\/\/logistiikkakeskus.net\/kauppa\/wp-json\/wp\/v2\/media\/104168"}],"wp:attachment":[{"href":"https:\/\/logistiikkakeskus.net\/kauppa\/wp-json\/wp\/v2\/media?parent=93775"}],"wp:term":[{"taxonomy":"product_brand","embeddable":true,"href":"https:\/\/logistiikkakeskus.net\/kauppa\/wp-json\/wp\/v2\/product_brand?post=93775"},{"taxonomy":"product_cat","embeddable":true,"href":"https:\/\/logistiikkakeskus.net\/kauppa\/wp-json\/wp\/v2\/product_cat?post=93775"},{"taxonomy":"product_tag","embeddable":true,"href":"https:\/\/logistiikkakeskus.net\/kauppa\/wp-json\/wp\/v2\/product_tag?post=93775"}],"curies":[{"name":"wp","href":"https:\/\/api.w.org\/{rel}","templated":true}]}}