{"id":93756,"date":"2025-10-15T10:20:15","date_gmt":"2025-10-15T07:20:15","guid":{"rendered":"https:\/\/logistiikkakeskus.net\/kauppa\/tuote\/nitriilikasine-elintarvike-7-s\/"},"modified":"2026-01-20T09:19:25","modified_gmt":"2026-01-20T07:19:25","slug":"nitriilikasine-elintarvike-7-s","status":"publish","type":"product","link":"https:\/\/logistiikkakeskus.net\/kauppa\/tuote\/nitriilikasine-elintarvike-7-s\/","title":{"rendered":"Nitriilik\u00e4sine elintarvike, 7 (S)"},"content":{"rendered":"<p>Myyntiyksikk\u00f6: NIP (12 paria)<\/p>\n<p>Tilaustuote. Tilaustuotteella on normaalia pidempitoimitusaika.Tilaustuotteella ei ole palautusoikeutta.<\/p>\n<p>Portwest A814 on suunniteltu erityisestielintarviketeollisuudentarpeita silm\u00e4ll\u00e4pit\u00e4en. Erinomaisen joustavuuden ja sormin\u00e4pp\u00e4ryydensek\u00e4 erinomaisen rep\u00e4isyn- ja puhkeamisenkest\u00e4vyyden ansiosta n\u00e4m\u00e4k\u00e4sineet ovat ihanteelliset elintarvikkeiden k\u00e4sittelyyn.<\/p>\n<ul>\n<li>Lateksiton ja silikoniton\n<li>Paksuus: 0,28 mm\n<li>Pituus: 330 mm\n<li>CE elintarvikehyv\u00e4ksytty<\/ul>\n<p><i>Hakusanat: nitriili, nitriilik\u00e4sine, nitriilihanska,nitriilisuojak\u00e4sine, kemikaalik\u00e4sine, elintarvike<\/i><\/p>\n","protected":false},"excerpt":{"rendered":"<p>Myyntiyksikk\u00f6: NIP (12 paria) Tilaustuote. Tilaustuotteella on normaalia pidempitoimitusaika.Tilaustuotteella ei ole palautusoikeutta. Portwest A814 on suunniteltu erityisestielintarviketeollisuudentarpeita silm\u00e4ll\u00e4pit\u00e4en. Erinomaisen joustavuuden ja sormin\u00e4pp\u00e4ryydensek\u00e4 erinomaisen rep\u00e4isyn- ja puhkeamisenkest\u00e4vyyden ansiosta n\u00e4m\u00e4k\u00e4sineet ovat ihanteelliset elintarvikkeiden k\u00e4sittelyyn. Lateksiton ja silikoniton Paksuus: 0,28 mm Pituus: 330 mm CE elintarvikehyv\u00e4ksytty Hakusanat: nitriili, nitriilik\u00e4sine, nitriilihanska,nitriilisuojak\u00e4sine, kemikaalik\u00e4sine, elintarvike<\/p>\n","protected":false},"featured_media":104096,"comment_status":"open","ping_status":"closed","template":"","meta":[],"product_brand":[],"product_cat":[3383],"product_tag":[],"class_list":{"0":"post-93756","1":"product","2":"type-product","3":"status-publish","4":"has-post-thumbnail","6":"product_cat-henkilonsuojaimet-ja-tyoturvallisuus-henkilonsuojaimet-kasineet","8":"first","9":"instock","10":"shipping-taxable","11":"purchasable","12":"product-type-simple"},"_links":{"self":[{"href":"https:\/\/logistiikkakeskus.net\/kauppa\/wp-json\/wp\/v2\/product\/93756","targetHints":{"allow":["GET"]}}],"collection":[{"href":"https:\/\/logistiikkakeskus.net\/kauppa\/wp-json\/wp\/v2\/product"}],"about":[{"href":"https:\/\/logistiikkakeskus.net\/kauppa\/wp-json\/wp\/v2\/types\/product"}],"replies":[{"embeddable":true,"href":"https:\/\/logistiikkakeskus.net\/kauppa\/wp-json\/wp\/v2\/comments?post=93756"}],"wp:featuredmedia":[{"embeddable":true,"href":"https:\/\/logistiikkakeskus.net\/kauppa\/wp-json\/wp\/v2\/media\/104096"}],"wp:attachment":[{"href":"https:\/\/logistiikkakeskus.net\/kauppa\/wp-json\/wp\/v2\/media?parent=93756"}],"wp:term":[{"taxonomy":"product_brand","embeddable":true,"href":"https:\/\/logistiikkakeskus.net\/kauppa\/wp-json\/wp\/v2\/product_brand?post=93756"},{"taxonomy":"product_cat","embeddable":true,"href":"https:\/\/logistiikkakeskus.net\/kauppa\/wp-json\/wp\/v2\/product_cat?post=93756"},{"taxonomy":"product_tag","embeddable":true,"href":"https:\/\/logistiikkakeskus.net\/kauppa\/wp-json\/wp\/v2\/product_tag?post=93756"}],"curies":[{"name":"wp","href":"https:\/\/api.w.org\/{rel}","templated":true}]}}