{"id":93714,"date":"2025-10-15T10:18:29","date_gmt":"2025-10-15T07:18:29","guid":{"rendered":"https:\/\/logistiikkakeskus.net\/kauppa\/tuote\/kompostin-sekoitussauva-kekkila\/"},"modified":"2026-01-20T09:17:57","modified_gmt":"2026-01-20T07:17:57","slug":"kompostin-sekoitussauva-kekkila","status":"publish","type":"product","link":"https:\/\/logistiikkakeskus.net\/kauppa\/tuote\/kompostin-sekoitussauva-kekkila\/","title":{"rendered":"Kompostin sekoitussauva Kekkil\u00e4"},"content":{"rendered":"<p>KompostointiSekoitussauvalla sekoitat kompostia tehokkaasti ja edist\u00e4t sitenkompostoitumisprosessia. Ter\u00e4ksest\u00e4 valmistettu sekoitussauva uppoaamassaan ja luistamattomaksi pinnoitettu kahva varmistaa tukevan otteen.Pituus 90 cm.luistamattomaton pinnote kahvassamateriaali: sinkitty ter\u00e4smitat: 900 x 150 x 20 mm<\/p>\n","protected":false},"excerpt":{"rendered":"<p>KompostointiSekoitussauvalla sekoitat kompostia tehokkaasti ja edist\u00e4t sitenkompostoitumisprosessia. Ter\u00e4ksest\u00e4 valmistettu sekoitussauva uppoaamassaan ja luistamattomaksi pinnoitettu kahva varmistaa tukevan otteen.Pituus 90 cm.luistamattomaton pinnote kahvassamateriaali: sinkitty ter\u00e4smitat: 900 x 150 x 20 mm<\/p>\n","protected":false},"featured_media":0,"comment_status":"open","ping_status":"closed","template":"","meta":[],"product_brand":[],"product_cat":[3362],"product_tag":[],"class_list":{"0":"post-93714","1":"product","2":"type-product","3":"status-publish","5":"product_cat-tyokalut-puutarhatyokalut-muut-puutarhatyokalut","7":"first","8":"instock","9":"shipping-taxable","10":"purchasable","11":"product-type-simple"},"_links":{"self":[{"href":"https:\/\/logistiikkakeskus.net\/kauppa\/wp-json\/wp\/v2\/product\/93714","targetHints":{"allow":["GET"]}}],"collection":[{"href":"https:\/\/logistiikkakeskus.net\/kauppa\/wp-json\/wp\/v2\/product"}],"about":[{"href":"https:\/\/logistiikkakeskus.net\/kauppa\/wp-json\/wp\/v2\/types\/product"}],"replies":[{"embeddable":true,"href":"https:\/\/logistiikkakeskus.net\/kauppa\/wp-json\/wp\/v2\/comments?post=93714"}],"wp:attachment":[{"href":"https:\/\/logistiikkakeskus.net\/kauppa\/wp-json\/wp\/v2\/media?parent=93714"}],"wp:term":[{"taxonomy":"product_brand","embeddable":true,"href":"https:\/\/logistiikkakeskus.net\/kauppa\/wp-json\/wp\/v2\/product_brand?post=93714"},{"taxonomy":"product_cat","embeddable":true,"href":"https:\/\/logistiikkakeskus.net\/kauppa\/wp-json\/wp\/v2\/product_cat?post=93714"},{"taxonomy":"product_tag","embeddable":true,"href":"https:\/\/logistiikkakeskus.net\/kauppa\/wp-json\/wp\/v2\/product_tag?post=93714"}],"curies":[{"name":"wp","href":"https:\/\/api.w.org\/{rel}","templated":true}]}}