{"id":93625,"date":"2025-10-15T10:14:11","date_gmt":"2025-10-15T07:14:11","guid":{"rendered":"https:\/\/logistiikkakeskus.net\/kauppa\/tuote\/ironkey-keypad-200-usb-flash-asema-32gt\/"},"modified":"2026-01-20T09:14:59","modified_gmt":"2026-01-20T07:14:59","slug":"ironkey-keypad-200-usb-flash-asema-32gt","status":"publish","type":"product","link":"https:\/\/logistiikkakeskus.net\/kauppa\/tuote\/ironkey-keypad-200-usb-flash-asema-32gt\/","title":{"rendered":"IronKey Keypad 200 USB Flash-asema 32Gt"},"content":{"rendered":"<p>Kingston IronKey Keypad 200 on k\u00e4ytt\u00f6j\u00e4rjestelm\u00e4riippumatonlaitteistosalattu USB-muistitikku, jossa on aakkosnumeerinen n\u00e4pp\u00e4imist\u00f6PIN-koodin k\u00e4tev\u00e4\u00e4 sy\u00f6tt\u00f6\u00e4 varten.<\/p>\n","protected":false},"excerpt":{"rendered":"<p>Kingston IronKey Keypad 200 on k\u00e4ytt\u00f6j\u00e4rjestelm\u00e4riippumatonlaitteistosalattu USB-muistitikku, jossa on aakkosnumeerinen n\u00e4pp\u00e4imist\u00f6PIN-koodin k\u00e4tev\u00e4\u00e4 sy\u00f6tt\u00f6\u00e4 varten.<\/p>\n","protected":false},"featured_media":101653,"comment_status":"open","ping_status":"closed","template":"","meta":[],"product_brand":[],"product_cat":[3254],"product_tag":[],"class_list":{"0":"post-93625","1":"product","2":"type-product","3":"status-publish","4":"has-post-thumbnail","6":"product_cat-it-toimisto-sahkolaitteet-ja-tarv-tallennusmediat-usb-muistit","8":"first","9":"instock","10":"shipping-taxable","11":"purchasable","12":"product-type-simple"},"_links":{"self":[{"href":"https:\/\/logistiikkakeskus.net\/kauppa\/wp-json\/wp\/v2\/product\/93625","targetHints":{"allow":["GET"]}}],"collection":[{"href":"https:\/\/logistiikkakeskus.net\/kauppa\/wp-json\/wp\/v2\/product"}],"about":[{"href":"https:\/\/logistiikkakeskus.net\/kauppa\/wp-json\/wp\/v2\/types\/product"}],"replies":[{"embeddable":true,"href":"https:\/\/logistiikkakeskus.net\/kauppa\/wp-json\/wp\/v2\/comments?post=93625"}],"wp:featuredmedia":[{"embeddable":true,"href":"https:\/\/logistiikkakeskus.net\/kauppa\/wp-json\/wp\/v2\/media\/101653"}],"wp:attachment":[{"href":"https:\/\/logistiikkakeskus.net\/kauppa\/wp-json\/wp\/v2\/media?parent=93625"}],"wp:term":[{"taxonomy":"product_brand","embeddable":true,"href":"https:\/\/logistiikkakeskus.net\/kauppa\/wp-json\/wp\/v2\/product_brand?post=93625"},{"taxonomy":"product_cat","embeddable":true,"href":"https:\/\/logistiikkakeskus.net\/kauppa\/wp-json\/wp\/v2\/product_cat?post=93625"},{"taxonomy":"product_tag","embeddable":true,"href":"https:\/\/logistiikkakeskus.net\/kauppa\/wp-json\/wp\/v2\/product_tag?post=93625"}],"curies":[{"name":"wp","href":"https:\/\/api.w.org\/{rel}","templated":true}]}}