{"id":93623,"date":"2025-10-15T10:14:11","date_gmt":"2025-10-15T07:14:11","guid":{"rendered":"https:\/\/logistiikkakeskus.net\/kauppa\/tuote\/litiumparisto-2cr5\/"},"modified":"2026-01-20T09:14:58","modified_gmt":"2026-01-20T07:14:58","slug":"litiumparisto-2cr5","status":"publish","type":"product","link":"https:\/\/logistiikkakeskus.net\/kauppa\/tuote\/litiumparisto-2cr5\/","title":{"rendered":"Litiumparisto 2CR5"},"content":{"rendered":"<h2>2CR5 litiumparisto cylindrical<\/h2>\n<p>Eritt\u00e4in tehokas ja pitk\u00e4kestoinen litiumparisto, soveltuuerinomaisestiesimerkiksi automaattisiin hanoihin, digitaalikameroihin jasalamavaloihin. Kest\u00e4\u00e4 hyvin \u00e4\u00e4ril\u00e4mp\u00f6tiloja. J\u00e4nnite 6V, kapasiteetti1600mAh, Litium.<\/p>\n<p><i>hakusanat: paristo, paristot, litiumparisto, 2CR5<\/i><\/p>\n","protected":false},"excerpt":{"rendered":"<p>2CR5 litiumparisto cylindrical Eritt\u00e4in tehokas ja pitk\u00e4kestoinen litiumparisto, soveltuuerinomaisestiesimerkiksi automaattisiin hanoihin, digitaalikameroihin jasalamavaloihin. Kest\u00e4\u00e4 hyvin \u00e4\u00e4ril\u00e4mp\u00f6tiloja. J\u00e4nnite 6V, kapasiteetti1600mAh, Litium. hakusanat: paristo, paristot, litiumparisto, 2CR5<\/p>\n","protected":false},"featured_media":101648,"comment_status":"open","ping_status":"closed","template":"","meta":[],"product_brand":[],"product_cat":[3252],"product_tag":[],"class_list":{"0":"post-93623","1":"product","2":"type-product","3":"status-publish","4":"has-post-thumbnail","6":"product_cat-it-toimisto-sahkolaitteet-ja-tarv-sahkolaitteet-ja-tarvikkeet-paristot-ja-akut","8":"first","9":"instock","10":"shipping-taxable","11":"purchasable","12":"product-type-simple"},"_links":{"self":[{"href":"https:\/\/logistiikkakeskus.net\/kauppa\/wp-json\/wp\/v2\/product\/93623","targetHints":{"allow":["GET"]}}],"collection":[{"href":"https:\/\/logistiikkakeskus.net\/kauppa\/wp-json\/wp\/v2\/product"}],"about":[{"href":"https:\/\/logistiikkakeskus.net\/kauppa\/wp-json\/wp\/v2\/types\/product"}],"replies":[{"embeddable":true,"href":"https:\/\/logistiikkakeskus.net\/kauppa\/wp-json\/wp\/v2\/comments?post=93623"}],"wp:featuredmedia":[{"embeddable":true,"href":"https:\/\/logistiikkakeskus.net\/kauppa\/wp-json\/wp\/v2\/media\/101648"}],"wp:attachment":[{"href":"https:\/\/logistiikkakeskus.net\/kauppa\/wp-json\/wp\/v2\/media?parent=93623"}],"wp:term":[{"taxonomy":"product_brand","embeddable":true,"href":"https:\/\/logistiikkakeskus.net\/kauppa\/wp-json\/wp\/v2\/product_brand?post=93623"},{"taxonomy":"product_cat","embeddable":true,"href":"https:\/\/logistiikkakeskus.net\/kauppa\/wp-json\/wp\/v2\/product_cat?post=93623"},{"taxonomy":"product_tag","embeddable":true,"href":"https:\/\/logistiikkakeskus.net\/kauppa\/wp-json\/wp\/v2\/product_tag?post=93623"}],"curies":[{"name":"wp","href":"https:\/\/api.w.org\/{rel}","templated":true}]}}