{"id":93580,"date":"2025-10-15T10:13:10","date_gmt":"2025-10-15T07:13:10","guid":{"rendered":"https:\/\/logistiikkakeskus.net\/kauppa\/tuote\/biohajoava-ruokaveitsi-17-cm\/"},"modified":"2026-01-20T09:13:56","modified_gmt":"2026-01-20T07:13:56","slug":"biohajoava-ruokaveitsi-17-cm","status":"publish","type":"product","link":"https:\/\/logistiikkakeskus.net\/kauppa\/tuote\/biohajoava-ruokaveitsi-17-cm\/","title":{"rendered":"Biohajoava ruokaveitsi 17 cm"},"content":{"rendered":"<p>Myyntiyksikk\u00f6 PSS (50 kpl) ryhm\u00e4pakk. 20 pss\/ltk<\/p>\n<p>Kertak\u00e4ytt\u00f6inen ruokaveitsi, paperi<\/p>\n<p>Paperista valmistettu ja kierr\u00e4tett\u00e4v\u00e4 ruokailuv\u00e4line sile\u00e4ll\u00e4pinnalla, joka antaa miellytt\u00e4v\u00e4n suutuntuman. Tyylik\u00e4s muotoilu yhdess\u00e4vankan rakenteen kanssa, tekee aterimesta oivallisen valinnan niinkuumalle kuin kylm\u00e4lle ruoalle.<\/p>\n<p><i>Hakusanat: kompostoituva, kertak\u00e4ytt\u00f6astiat,kertak\u00e4ytt\u00f6veitsi,kertak\u00e4ytt\u00f6aterimet, kertak\u00e4ytt\u00f6veitset<\/i><\/p>\n","protected":false},"excerpt":{"rendered":"<p>Myyntiyksikk\u00f6 PSS (50 kpl) ryhm\u00e4pakk. 20 pss\/ltk Kertak\u00e4ytt\u00f6inen ruokaveitsi, paperi Paperista valmistettu ja kierr\u00e4tett\u00e4v\u00e4 ruokailuv\u00e4line sile\u00e4ll\u00e4pinnalla, joka antaa miellytt\u00e4v\u00e4n suutuntuman. Tyylik\u00e4s muotoilu yhdess\u00e4vankan rakenteen kanssa, tekee aterimesta oivallisen valinnan niinkuumalle kuin kylm\u00e4lle ruoalle. Hakusanat: kompostoituva, kertak\u00e4ytt\u00f6astiat,kertak\u00e4ytt\u00f6veitsi,kertak\u00e4ytt\u00f6aterimet, kertak\u00e4ytt\u00f6veitset<\/p>\n","protected":false},"featured_media":100904,"comment_status":"open","ping_status":"closed","template":"","meta":[],"product_brand":[],"product_cat":[3194],"product_tag":[],"class_list":{"0":"post-93580","1":"product","2":"type-product","3":"status-publish","4":"has-post-thumbnail","6":"product_cat-talouspaperit-tavarat-ja-tarvikkeet-kertakayttoastiat-aterimet","8":"first","9":"instock","10":"shipping-taxable","11":"purchasable","12":"product-type-simple"},"_links":{"self":[{"href":"https:\/\/logistiikkakeskus.net\/kauppa\/wp-json\/wp\/v2\/product\/93580","targetHints":{"allow":["GET"]}}],"collection":[{"href":"https:\/\/logistiikkakeskus.net\/kauppa\/wp-json\/wp\/v2\/product"}],"about":[{"href":"https:\/\/logistiikkakeskus.net\/kauppa\/wp-json\/wp\/v2\/types\/product"}],"replies":[{"embeddable":true,"href":"https:\/\/logistiikkakeskus.net\/kauppa\/wp-json\/wp\/v2\/comments?post=93580"}],"wp:featuredmedia":[{"embeddable":true,"href":"https:\/\/logistiikkakeskus.net\/kauppa\/wp-json\/wp\/v2\/media\/100904"}],"wp:attachment":[{"href":"https:\/\/logistiikkakeskus.net\/kauppa\/wp-json\/wp\/v2\/media?parent=93580"}],"wp:term":[{"taxonomy":"product_brand","embeddable":true,"href":"https:\/\/logistiikkakeskus.net\/kauppa\/wp-json\/wp\/v2\/product_brand?post=93580"},{"taxonomy":"product_cat","embeddable":true,"href":"https:\/\/logistiikkakeskus.net\/kauppa\/wp-json\/wp\/v2\/product_cat?post=93580"},{"taxonomy":"product_tag","embeddable":true,"href":"https:\/\/logistiikkakeskus.net\/kauppa\/wp-json\/wp\/v2\/product_tag?post=93580"}],"curies":[{"name":"wp","href":"https:\/\/api.w.org\/{rel}","templated":true}]}}