{"id":92981,"date":"2025-03-04T11:45:04","date_gmt":"2025-03-04T09:45:04","guid":{"rendered":"https:\/\/logistiikkakeskus.net\/kauppa\/tuote\/x-ihovoide-tenaskin-lotion-500ml-pumppu\/"},"modified":"2025-03-04T11:45:04","modified_gmt":"2025-03-04T09:45:04","slug":"x-ihovoide-tenaskin-lotion-500ml-pumppu","status":"publish","type":"product","link":"https:\/\/logistiikkakeskus.net\/kauppa\/tuote\/x-ihovoide-tenaskin-lotion-500ml-pumppu\/","title":{"rendered":"X Ihovoide, TenaSkin Lotion 500ml pumppu"},"content":{"rendered":"<p>Myyntiyksikk\u00f6 PLO (500ml), ryhm\u00e4pak.10 plo\/ltk<\/p>\n<h2>TenaSkin LotionKosteusemulsio miedostihajustettu, 500ml pumppupullo<\/h2>\n<ul>\n<li>miedostihajustettu Tena kosteusemulsio sis\u00e4lt\u00e4\u00e4 ihonluonnollisiakosteuttajia\n<li>koostumukseltaan kevyt emulsiotekeeihostapehme\u00e4n tuntuisen\n<li>soveltuu normaalille jakuivalle iholle\n<li>imeyryynopeasti ja tahraamatta\n<li>sopii koko vartalolle\n<li>dermatologisestitestattu\n<li>sis\u00e4lt\u00e4\u00e4 luonnollisia \u00f6ljyj\u00e4 ja E-vitamiinia\n<li>joutsenmerkitty tuote<\/ul>\n<p>Vastuullinen<i><br \/>hakusanat: ihovoide,perusvoide, kosteusvoide,kosteusemulsio, hajustettu, pumppupullo<\/i><\/p>\n","protected":false},"excerpt":{"rendered":"<p>Myyntiyksikk\u00f6 PLO (500ml), ryhm\u00e4pak.10 plo\/ltk TenaSkin LotionKosteusemulsio miedostihajustettu, 500ml pumppupullo miedostihajustettu Tena kosteusemulsio sis\u00e4lt\u00e4\u00e4 ihonluonnollisiakosteuttajia koostumukseltaan kevyt emulsiotekeeihostapehme\u00e4n tuntuisen soveltuu normaalille jakuivalle iholle imeyryynopeasti ja tahraamatta sopii koko vartalolle dermatologisestitestattu sis\u00e4lt\u00e4\u00e4 luonnollisia \u00f6ljyj\u00e4 ja E-vitamiinia joutsenmerkitty tuote Vastuullinenhakusanat: ihovoide,perusvoide, kosteusvoide,kosteusemulsio, hajustettu, pumppupullo<\/p>\n","protected":false},"featured_media":0,"comment_status":"open","ping_status":"closed","template":"","meta":[],"product_brand":[],"product_cat":[3279],"product_tag":[],"class_list":{"0":"post-92981","1":"product","2":"type-product","3":"status-publish","5":"product_cat-hoitotarvikkeet-henkilokohtainen-hygienia-hygieniatarvikkeet","7":"first","8":"instock","9":"shipping-taxable","10":"purchasable","11":"product-type-simple"},"_links":{"self":[{"href":"https:\/\/logistiikkakeskus.net\/kauppa\/wp-json\/wp\/v2\/product\/92981","targetHints":{"allow":["GET"]}}],"collection":[{"href":"https:\/\/logistiikkakeskus.net\/kauppa\/wp-json\/wp\/v2\/product"}],"about":[{"href":"https:\/\/logistiikkakeskus.net\/kauppa\/wp-json\/wp\/v2\/types\/product"}],"replies":[{"embeddable":true,"href":"https:\/\/logistiikkakeskus.net\/kauppa\/wp-json\/wp\/v2\/comments?post=92981"}],"wp:attachment":[{"href":"https:\/\/logistiikkakeskus.net\/kauppa\/wp-json\/wp\/v2\/media?parent=92981"}],"wp:term":[{"taxonomy":"product_brand","embeddable":true,"href":"https:\/\/logistiikkakeskus.net\/kauppa\/wp-json\/wp\/v2\/product_brand?post=92981"},{"taxonomy":"product_cat","embeddable":true,"href":"https:\/\/logistiikkakeskus.net\/kauppa\/wp-json\/wp\/v2\/product_cat?post=92981"},{"taxonomy":"product_tag","embeddable":true,"href":"https:\/\/logistiikkakeskus.net\/kauppa\/wp-json\/wp\/v2\/product_tag?post=92981"}],"curies":[{"name":"wp","href":"https:\/\/api.w.org\/{rel}","templated":true}]}}