{"id":92979,"date":"2025-03-04T11:45:00","date_gmt":"2025-03-04T09:45:00","guid":{"rendered":"https:\/\/logistiikkakeskus.net\/kauppa\/tuote\/x-ihon-pesusaippua-avalon-100ml-hajuton\/"},"modified":"2025-10-15T10:21:32","modified_gmt":"2025-10-15T07:21:32","slug":"x-ihon-pesusaippua-avalon-100ml-hajuton","status":"publish","type":"product","link":"https:\/\/logistiikkakeskus.net\/kauppa\/tuote\/x-ihon-pesusaippua-avalon-100ml-hajuton\/","title":{"rendered":"X Ihon pesusaippua Avalon 100ml hajuton"},"content":{"rendered":"<p>myyntiyksikk\u00f6 PLO (100ml),ryhm\u00e4pak. 24 kpl\/ltk<\/p>\n<h2>Avalon nestesaippua 100ml pullo hajustamaton<\/h2>\n<ul>\n<li>Vaativan ja herk\u00e4n ihonnestesaippua\n<li>sopii kokovartalon sek\u00e4 k\u00e4sien pesuun\n<li><b>Hajustamaton ja v\u00e4riaineeton<\/b>\n<li>Sis\u00e4lt\u00e4\u00e4 iholle t\u00e4rkeit\u00e4 B3-,B5-,B6-,C-,ja E-vitamiineja\n<li>pH 6.0\n<li>ei kuivata ihoa<\/p>\n<\/ul>\n<p><i><br \/>hakusanat: Ihon pesusaippua,pesuneste,nestesaippuak\u00e4sien,kokovartalon pesuaine Avalon 100ml pullohajustamaton<\/i><\/p>\n","protected":false},"excerpt":{"rendered":"<p>myyntiyksikk\u00f6 PLO (100ml),ryhm\u00e4pak. 24 kpl\/ltk Avalon nestesaippua 100ml pullo hajustamaton Vaativan ja herk\u00e4n ihonnestesaippua sopii kokovartalon sek\u00e4 k\u00e4sien pesuun Hajustamaton ja v\u00e4riaineeton Sis\u00e4lt\u00e4\u00e4 iholle t\u00e4rkeit\u00e4 B3-,B5-,B6-,C-,ja E-vitamiineja pH 6.0 ei kuivata ihoa hakusanat: Ihon pesusaippua,pesuneste,nestesaippuak\u00e4sien,kokovartalon pesuaine Avalon 100ml pullohajustamaton<\/p>\n","protected":false},"featured_media":0,"comment_status":"open","ping_status":"closed","template":"","meta":[],"product_brand":[],"product_cat":[3446],"product_tag":[],"class_list":{"0":"post-92979","1":"product","2":"type-product","3":"status-publish","5":"product_cat-hoitotarvikkeet-henkilokohtainen-hygienia-ihon-pesunesteet","7":"first","8":"instock","9":"shipping-taxable","10":"purchasable","11":"product-type-simple"},"_links":{"self":[{"href":"https:\/\/logistiikkakeskus.net\/kauppa\/wp-json\/wp\/v2\/product\/92979","targetHints":{"allow":["GET"]}}],"collection":[{"href":"https:\/\/logistiikkakeskus.net\/kauppa\/wp-json\/wp\/v2\/product"}],"about":[{"href":"https:\/\/logistiikkakeskus.net\/kauppa\/wp-json\/wp\/v2\/types\/product"}],"replies":[{"embeddable":true,"href":"https:\/\/logistiikkakeskus.net\/kauppa\/wp-json\/wp\/v2\/comments?post=92979"}],"wp:attachment":[{"href":"https:\/\/logistiikkakeskus.net\/kauppa\/wp-json\/wp\/v2\/media?parent=92979"}],"wp:term":[{"taxonomy":"product_brand","embeddable":true,"href":"https:\/\/logistiikkakeskus.net\/kauppa\/wp-json\/wp\/v2\/product_brand?post=92979"},{"taxonomy":"product_cat","embeddable":true,"href":"https:\/\/logistiikkakeskus.net\/kauppa\/wp-json\/wp\/v2\/product_cat?post=92979"},{"taxonomy":"product_tag","embeddable":true,"href":"https:\/\/logistiikkakeskus.net\/kauppa\/wp-json\/wp\/v2\/product_tag?post=92979"}],"curies":[{"name":"wp","href":"https:\/\/api.w.org\/{rel}","templated":true}]}}