{"id":92970,"date":"2025-03-04T11:44:54","date_gmt":"2025-03-04T09:44:54","guid":{"rendered":"https:\/\/logistiikkakeskus.net\/kauppa\/tuote\/x-turvajalkine-jalas-9985-exalter-43\/"},"modified":"2026-01-20T09:20:04","modified_gmt":"2026-01-20T07:20:04","slug":"x-turvajalkine-jalas-9985-exalter-43","status":"publish","type":"product","link":"https:\/\/logistiikkakeskus.net\/kauppa\/tuote\/x-turvajalkine-jalas-9985-exalter-43\/","title":{"rendered":"X Turvajalkine Jalas 9985 Exalter 43"},"content":{"rendered":"<p>TILAUSTUOTE.TUOTTEELLA NORMAALIA PIDEMPI TOIMITUSAIKA.Jalkineen sukkamainen rakenne tekee nilkkurista sporttisen jaergonominen muotoilu lis\u00e4\u00e4 mukavuutta.Pinta on vett\u00e4hylkiv\u00e4.BOA-pikakiinnitysj\u00e4rjestelm\u00e4 on jalkineen ulkosivulla,jossa se on sek\u00e4suojassa ett\u00e4 helppo k\u00e4ytt\u00e4\u00e4.Jalkineessa on alumiininen varvassuoja jaPTC-tekstiilinaulaanastumisuoja sek\u00e4 kovaa kulutusta kest\u00e4v\u00e4 k\u00e4rki.Ulkopohja on kuumuutta ja \u00f6ljy\u00e4 kest\u00e4v\u00e4.Materiaali:P\u00e4\u00e4llinen mikrokuitua ja tekstiili\u00e4,vuori polyesteri\u00e4,pohjakumia,v\u00e4lipohja PU,alumiini varvassuoja ja komposiittinennnaulaanastumissuoja.Lesti:Normaali<\/p>\n","protected":false},"excerpt":{"rendered":"<p>TILAUSTUOTE.TUOTTEELLA NORMAALIA PIDEMPI TOIMITUSAIKA.Jalkineen sukkamainen rakenne tekee nilkkurista sporttisen jaergonominen muotoilu lis\u00e4\u00e4 mukavuutta.Pinta on vett\u00e4hylkiv\u00e4.BOA-pikakiinnitysj\u00e4rjestelm\u00e4 on jalkineen ulkosivulla,jossa se on sek\u00e4suojassa ett\u00e4 helppo k\u00e4ytt\u00e4\u00e4.Jalkineessa on alumiininen varvassuoja jaPTC-tekstiilinaulaanastumisuoja sek\u00e4 kovaa kulutusta kest\u00e4v\u00e4 k\u00e4rki.Ulkopohja on kuumuutta ja \u00f6ljy\u00e4 kest\u00e4v\u00e4.Materiaali:P\u00e4\u00e4llinen mikrokuitua ja tekstiili\u00e4,vuori polyesteri\u00e4,pohjakumia,v\u00e4lipohja PU,alumiini varvassuoja ja komposiittinennnaulaanastumissuoja.Lesti:Normaali<\/p>\n","protected":false},"featured_media":104461,"comment_status":"open","ping_status":"closed","template":"","meta":[],"product_brand":[],"product_cat":[3415],"product_tag":[],"class_list":{"0":"post-92970","1":"product","2":"type-product","3":"status-publish","4":"has-post-thumbnail","6":"product_cat-henkilonsuojaimet-ja-tyoturvallisuus-jalkineet-turvakengat","8":"first","9":"instock","10":"shipping-taxable","11":"purchasable","12":"product-type-simple"},"_links":{"self":[{"href":"https:\/\/logistiikkakeskus.net\/kauppa\/wp-json\/wp\/v2\/product\/92970","targetHints":{"allow":["GET"]}}],"collection":[{"href":"https:\/\/logistiikkakeskus.net\/kauppa\/wp-json\/wp\/v2\/product"}],"about":[{"href":"https:\/\/logistiikkakeskus.net\/kauppa\/wp-json\/wp\/v2\/types\/product"}],"replies":[{"embeddable":true,"href":"https:\/\/logistiikkakeskus.net\/kauppa\/wp-json\/wp\/v2\/comments?post=92970"}],"wp:featuredmedia":[{"embeddable":true,"href":"https:\/\/logistiikkakeskus.net\/kauppa\/wp-json\/wp\/v2\/media\/104461"}],"wp:attachment":[{"href":"https:\/\/logistiikkakeskus.net\/kauppa\/wp-json\/wp\/v2\/media?parent=92970"}],"wp:term":[{"taxonomy":"product_brand","embeddable":true,"href":"https:\/\/logistiikkakeskus.net\/kauppa\/wp-json\/wp\/v2\/product_brand?post=92970"},{"taxonomy":"product_cat","embeddable":true,"href":"https:\/\/logistiikkakeskus.net\/kauppa\/wp-json\/wp\/v2\/product_cat?post=92970"},{"taxonomy":"product_tag","embeddable":true,"href":"https:\/\/logistiikkakeskus.net\/kauppa\/wp-json\/wp\/v2\/product_tag?post=92970"}],"curies":[{"name":"wp","href":"https:\/\/api.w.org\/{rel}","templated":true}]}}