{"id":92965,"date":"2025-03-04T11:44:30","date_gmt":"2025-03-04T09:44:30","guid":{"rendered":"https:\/\/logistiikkakeskus.net\/kauppa\/tuote\/hukkavarisailio-hp-5kz38a\/"},"modified":"2026-01-20T09:19:52","modified_gmt":"2026-01-20T07:19:52","slug":"hukkavarisailio-hp-5kz38a","status":"publish","type":"product","link":"https:\/\/logistiikkakeskus.net\/kauppa\/tuote\/hukkavarisailio-hp-5kz38a\/","title":{"rendered":"Hukkav\u00e4ris\u00e4ili\u00f6 HP 5KZ38A"},"content":{"rendered":"<p>Riittoisuus: 7000 sivua.<\/p>\n<p>Sopii seuraaviin laitteisiin:<\/p>\n<ul>\n<li>Color Laser 150a\n<li>Color Laser 150nw\n<li>Color Laser MFP 178nw\n<li>Color Laser MFP 178nwg\n<li>Color Laser MFP 179fng\n<li>Color Laser MFP 179fnw<\/ul>\n<p><i>Hakusanat: v\u00e4rikasetti, mustekasetti<\/i><\/p>\n","protected":false},"excerpt":{"rendered":"<p>Riittoisuus: 7000 sivua. Sopii seuraaviin laitteisiin: Color Laser 150a Color Laser 150nw Color Laser MFP 178nw Color Laser MFP 178nwg Color Laser MFP 179fng Color Laser MFP 179fnw Hakusanat: v\u00e4rikasetti, mustekasetti<\/p>\n","protected":false},"featured_media":104372,"comment_status":"open","ping_status":"closed","template":"","meta":[],"product_brand":[],"product_cat":[3243],"product_tag":[],"class_list":{"0":"post-92965","1":"product","2":"type-product","3":"status-publish","4":"has-post-thumbnail","6":"product_cat-it-toimisto-sahkolaitteet-ja-tarv-tulostustarvikkeet-laserkasetit-hp","8":"first","9":"instock","10":"shipping-taxable","11":"purchasable","12":"product-type-simple"},"_links":{"self":[{"href":"https:\/\/logistiikkakeskus.net\/kauppa\/wp-json\/wp\/v2\/product\/92965","targetHints":{"allow":["GET"]}}],"collection":[{"href":"https:\/\/logistiikkakeskus.net\/kauppa\/wp-json\/wp\/v2\/product"}],"about":[{"href":"https:\/\/logistiikkakeskus.net\/kauppa\/wp-json\/wp\/v2\/types\/product"}],"replies":[{"embeddable":true,"href":"https:\/\/logistiikkakeskus.net\/kauppa\/wp-json\/wp\/v2\/comments?post=92965"}],"wp:featuredmedia":[{"embeddable":true,"href":"https:\/\/logistiikkakeskus.net\/kauppa\/wp-json\/wp\/v2\/media\/104372"}],"wp:attachment":[{"href":"https:\/\/logistiikkakeskus.net\/kauppa\/wp-json\/wp\/v2\/media?parent=92965"}],"wp:term":[{"taxonomy":"product_brand","embeddable":true,"href":"https:\/\/logistiikkakeskus.net\/kauppa\/wp-json\/wp\/v2\/product_brand?post=92965"},{"taxonomy":"product_cat","embeddable":true,"href":"https:\/\/logistiikkakeskus.net\/kauppa\/wp-json\/wp\/v2\/product_cat?post=92965"},{"taxonomy":"product_tag","embeddable":true,"href":"https:\/\/logistiikkakeskus.net\/kauppa\/wp-json\/wp\/v2\/product_tag?post=92965"}],"curies":[{"name":"wp","href":"https:\/\/api.w.org\/{rel}","templated":true}]}}