{"id":92961,"date":"2025-03-04T11:43:47","date_gmt":"2025-03-04T09:43:47","guid":{"rendered":"https:\/\/logistiikkakeskus.net\/kauppa\/tuote\/x-lierilakki-kaannettava-stara-logolla\/"},"modified":"2026-01-20T09:19:37","modified_gmt":"2026-01-20T07:19:37","slug":"x-lierilakki-kaannettava-stara-logolla","status":"publish","type":"product","link":"https:\/\/logistiikkakeskus.net\/kauppa\/tuote\/x-lierilakki-kaannettava-stara-logolla\/","title":{"rendered":"X Lierilakki k\u00e4\u00e4nnett\u00e4v\u00e4 STARA-logolla"},"content":{"rendered":"<p>Lierilakki STARA-logolla.Lakki on k\u00e4\u00e4nnett\u00e4v\u00e4. Toinen puoli tummansininen,toinen puoli vihre\u00e4.Vain Staran ty\u00f6ntekij\u00f6iden k\u00e4ytt\u00f6\u00f6n.hakusanat: kes\u00e4hattu, k\u00e4\u00e4nt\u00f6hattu, lierihattu<\/p>\n","protected":false},"excerpt":{"rendered":"<p>Lierilakki STARA-logolla.Lakki on k\u00e4\u00e4nnett\u00e4v\u00e4. Toinen puoli tummansininen,toinen puoli vihre\u00e4.Vain Staran ty\u00f6ntekij\u00f6iden k\u00e4ytt\u00f6\u00f6n.hakusanat: kes\u00e4hattu, k\u00e4\u00e4nt\u00f6hattu, lierihattu<\/p>\n","protected":false},"featured_media":104209,"comment_status":"open","ping_status":"closed","template":"","meta":[],"product_brand":[],"product_cat":[3287],"product_tag":[],"class_list":{"0":"post-92961","1":"product","2":"type-product","3":"status-publish","4":"has-post-thumbnail","6":"product_cat-vaatteet-tyovaatteet-stara-asusteet","8":"first","9":"instock","10":"shipping-taxable","11":"purchasable","12":"product-type-simple"},"_links":{"self":[{"href":"https:\/\/logistiikkakeskus.net\/kauppa\/wp-json\/wp\/v2\/product\/92961","targetHints":{"allow":["GET"]}}],"collection":[{"href":"https:\/\/logistiikkakeskus.net\/kauppa\/wp-json\/wp\/v2\/product"}],"about":[{"href":"https:\/\/logistiikkakeskus.net\/kauppa\/wp-json\/wp\/v2\/types\/product"}],"replies":[{"embeddable":true,"href":"https:\/\/logistiikkakeskus.net\/kauppa\/wp-json\/wp\/v2\/comments?post=92961"}],"wp:featuredmedia":[{"embeddable":true,"href":"https:\/\/logistiikkakeskus.net\/kauppa\/wp-json\/wp\/v2\/media\/104209"}],"wp:attachment":[{"href":"https:\/\/logistiikkakeskus.net\/kauppa\/wp-json\/wp\/v2\/media?parent=92961"}],"wp:term":[{"taxonomy":"product_brand","embeddable":true,"href":"https:\/\/logistiikkakeskus.net\/kauppa\/wp-json\/wp\/v2\/product_brand?post=92961"},{"taxonomy":"product_cat","embeddable":true,"href":"https:\/\/logistiikkakeskus.net\/kauppa\/wp-json\/wp\/v2\/product_cat?post=92961"},{"taxonomy":"product_tag","embeddable":true,"href":"https:\/\/logistiikkakeskus.net\/kauppa\/wp-json\/wp\/v2\/product_tag?post=92961"}],"curies":[{"name":"wp","href":"https:\/\/api.w.org\/{rel}","templated":true}]}}