{"id":92959,"date":"2025-03-04T11:43:46","date_gmt":"2025-03-04T09:43:46","guid":{"rendered":"https:\/\/logistiikkakeskus.net\/kauppa\/tuote\/x-suojakypara-cerva-alpinworker-keltain\/"},"modified":"2026-01-20T09:19:36","modified_gmt":"2026-01-20T07:19:36","slug":"x-suojakypara-cerva-alpinworker-keltain","status":"publish","type":"product","link":"https:\/\/logistiikkakeskus.net\/kauppa\/tuote\/x-suojakypara-cerva-alpinworker-keltain\/","title":{"rendered":"Suojakyp\u00e4r\u00e4 Cerva Alpinworker, keltainen"},"content":{"rendered":"<p>Cerva Alpinworker on rattikiristeinen suojakyp\u00e4r\u00e4integroiduillasuojalaseilla ja otsalampun kiinnitysklipseill\u00e4. Kevyen kyp\u00e4r\u00e4ntekstiilisess\u00e4 sis\u00e4osassa on 8-pistekiinnitys ja leukahihnassa 4-pistekiinnitys.<\/p>\n<ul>\n<li>Kyp\u00e4r\u00e4n koko: 53-66 cm.\n<li>CE-merkitty\n<li>K\u00e4ytt\u00f6tarkoitus\/soveltuvuus : kevyt teollisuus,rakennusteollisuus\n<li>Materiaali : Polykarbonaatti (PC)\n<li>Sertifikaatit &#038; standardit : EN 397, EN 166\n<li>Sis\u00e4\u00e4ntaitettavat suojalasit : Kyll\u00e4<\/ul>\n<p><i>Hakusanat: teollisuuskyp\u00e4r\u00e4, suojakyp\u00e4r\u00e4<\/i><\/p>\n","protected":false},"excerpt":{"rendered":"<p>Cerva Alpinworker on rattikiristeinen suojakyp\u00e4r\u00e4integroiduillasuojalaseilla ja otsalampun kiinnitysklipseill\u00e4. Kevyen kyp\u00e4r\u00e4ntekstiilisess\u00e4 sis\u00e4osassa on 8-pistekiinnitys ja leukahihnassa 4-pistekiinnitys. Kyp\u00e4r\u00e4n koko: 53-66 cm. CE-merkitty K\u00e4ytt\u00f6tarkoitus\/soveltuvuus : kevyt teollisuus,rakennusteollisuus Materiaali : Polykarbonaatti (PC) Sertifikaatit &#038; standardit : EN 397, EN 166 Sis\u00e4\u00e4ntaitettavat suojalasit : Kyll\u00e4 Hakusanat: teollisuuskyp\u00e4r\u00e4, suojakyp\u00e4r\u00e4<\/p>\n","protected":false},"featured_media":104206,"comment_status":"open","ping_status":"closed","template":"","meta":[],"product_brand":[],"product_cat":[3373],"product_tag":[],"class_list":{"0":"post-92959","1":"product","2":"type-product","3":"status-publish","4":"has-post-thumbnail","6":"product_cat-henkilonsuojaimet-ja-tyoturvallisuus-henkilonsuojaimet-kyparat-ja-tarvikkeet","8":"first","9":"instock","10":"shipping-taxable","11":"purchasable","12":"product-type-simple"},"_links":{"self":[{"href":"https:\/\/logistiikkakeskus.net\/kauppa\/wp-json\/wp\/v2\/product\/92959","targetHints":{"allow":["GET"]}}],"collection":[{"href":"https:\/\/logistiikkakeskus.net\/kauppa\/wp-json\/wp\/v2\/product"}],"about":[{"href":"https:\/\/logistiikkakeskus.net\/kauppa\/wp-json\/wp\/v2\/types\/product"}],"replies":[{"embeddable":true,"href":"https:\/\/logistiikkakeskus.net\/kauppa\/wp-json\/wp\/v2\/comments?post=92959"}],"wp:featuredmedia":[{"embeddable":true,"href":"https:\/\/logistiikkakeskus.net\/kauppa\/wp-json\/wp\/v2\/media\/104206"}],"wp:attachment":[{"href":"https:\/\/logistiikkakeskus.net\/kauppa\/wp-json\/wp\/v2\/media?parent=92959"}],"wp:term":[{"taxonomy":"product_brand","embeddable":true,"href":"https:\/\/logistiikkakeskus.net\/kauppa\/wp-json\/wp\/v2\/product_brand?post=92959"},{"taxonomy":"product_cat","embeddable":true,"href":"https:\/\/logistiikkakeskus.net\/kauppa\/wp-json\/wp\/v2\/product_cat?post=92959"},{"taxonomy":"product_tag","embeddable":true,"href":"https:\/\/logistiikkakeskus.net\/kauppa\/wp-json\/wp\/v2\/product_tag?post=92959"}],"curies":[{"name":"wp","href":"https:\/\/api.w.org\/{rel}","templated":true}]}}