{"id":92933,"date":"2025-03-04T11:43:05","date_gmt":"2025-03-04T09:43:05","guid":{"rendered":"https:\/\/logistiikkakeskus.net\/kauppa\/tuote\/x-talvihousut-stara-huomio-naisten-40\/"},"modified":"2026-01-20T09:19:08","modified_gmt":"2026-01-20T07:19:08","slug":"x-talvihousut-stara-huomio-naisten-40","status":"publish","type":"product","link":"https:\/\/logistiikkakeskus.net\/kauppa\/tuote\/x-talvihousut-stara-huomio-naisten-40\/","title":{"rendered":"X Talvihousut Stara huomio naisten, 40"},"content":{"rendered":"<p>Talvihousut STARA-painatuksella.Keltaiset, heijastimilla.Vain Staran ty\u00f6ntekij\u00f6iden k\u00e4ytt\u00f6\u00f6n.<\/p>\n","protected":false},"excerpt":{"rendered":"<p>Talvihousut STARA-painatuksella.Keltaiset, heijastimilla.Vain Staran ty\u00f6ntekij\u00f6iden k\u00e4ytt\u00f6\u00f6n.<\/p>\n","protected":false},"featured_media":103941,"comment_status":"open","ping_status":"closed","template":"","meta":[],"product_brand":[],"product_cat":[3330],"product_tag":[],"class_list":{"0":"post-92933","1":"product","2":"type-product","3":"status-publish","4":"has-post-thumbnail","6":"product_cat-vaatteet-tyovaatteet-stara-talvivaatteet","8":"first","9":"instock","10":"shipping-taxable","11":"purchasable","12":"product-type-simple"},"_links":{"self":[{"href":"https:\/\/logistiikkakeskus.net\/kauppa\/wp-json\/wp\/v2\/product\/92933","targetHints":{"allow":["GET"]}}],"collection":[{"href":"https:\/\/logistiikkakeskus.net\/kauppa\/wp-json\/wp\/v2\/product"}],"about":[{"href":"https:\/\/logistiikkakeskus.net\/kauppa\/wp-json\/wp\/v2\/types\/product"}],"replies":[{"embeddable":true,"href":"https:\/\/logistiikkakeskus.net\/kauppa\/wp-json\/wp\/v2\/comments?post=92933"}],"wp:featuredmedia":[{"embeddable":true,"href":"https:\/\/logistiikkakeskus.net\/kauppa\/wp-json\/wp\/v2\/media\/103941"}],"wp:attachment":[{"href":"https:\/\/logistiikkakeskus.net\/kauppa\/wp-json\/wp\/v2\/media?parent=92933"}],"wp:term":[{"taxonomy":"product_brand","embeddable":true,"href":"https:\/\/logistiikkakeskus.net\/kauppa\/wp-json\/wp\/v2\/product_brand?post=92933"},{"taxonomy":"product_cat","embeddable":true,"href":"https:\/\/logistiikkakeskus.net\/kauppa\/wp-json\/wp\/v2\/product_cat?post=92933"},{"taxonomy":"product_tag","embeddable":true,"href":"https:\/\/logistiikkakeskus.net\/kauppa\/wp-json\/wp\/v2\/product_tag?post=92933"}],"curies":[{"name":"wp","href":"https:\/\/api.w.org\/{rel}","templated":true}]}}