{"id":92910,"date":"2025-03-04T11:42:51","date_gmt":"2025-03-04T09:42:51","guid":{"rendered":"https:\/\/logistiikkakeskus.net\/kauppa\/tuote\/x-talvikasine-guide-770w-sin-valk-10\/"},"modified":"2025-03-25T14:43:08","modified_gmt":"2025-03-25T12:43:08","slug":"x-talvikasine-guide-770w-sin-valk-10","status":"publish","type":"product","link":"https:\/\/logistiikkakeskus.net\/kauppa\/tuote\/x-talvikasine-guide-770w-sin-valk-10\/","title":{"rendered":"X Talvik\u00e4sine Guide 770W sin\/valk, 10"},"content":{"rendered":"<p>Vuorillinen ty\u00f6k\u00e4sine synteettist\u00e4 nahkaa. Puuvillap\u00e4\u00e4llinen. Kokovuori,tarranauha rannekkeessa. Myyntier\u00e4 1 pr (6 pr\/pss).<\/p>\n","protected":false},"excerpt":{"rendered":"<p>Vuorillinen ty\u00f6k\u00e4sine synteettist\u00e4 nahkaa. Puuvillap\u00e4\u00e4llinen. Kokovuori,tarranauha rannekkeessa. Myyntier\u00e4 1 pr (6 pr\/pss).<\/p>\n","protected":false},"featured_media":0,"comment_status":"open","ping_status":"closed","template":"","meta":[],"product_brand":[],"product_cat":[3383],"product_tag":[],"class_list":{"0":"post-92910","1":"product","2":"type-product","3":"status-publish","5":"product_cat-henkilonsuojaimet-ja-tyoturvallisuus-henkilonsuojaimet-kasineet","7":"first","8":"instock","9":"shipping-taxable","10":"purchasable","11":"product-type-simple"},"_links":{"self":[{"href":"https:\/\/logistiikkakeskus.net\/kauppa\/wp-json\/wp\/v2\/product\/92910","targetHints":{"allow":["GET"]}}],"collection":[{"href":"https:\/\/logistiikkakeskus.net\/kauppa\/wp-json\/wp\/v2\/product"}],"about":[{"href":"https:\/\/logistiikkakeskus.net\/kauppa\/wp-json\/wp\/v2\/types\/product"}],"replies":[{"embeddable":true,"href":"https:\/\/logistiikkakeskus.net\/kauppa\/wp-json\/wp\/v2\/comments?post=92910"}],"wp:attachment":[{"href":"https:\/\/logistiikkakeskus.net\/kauppa\/wp-json\/wp\/v2\/media?parent=92910"}],"wp:term":[{"taxonomy":"product_brand","embeddable":true,"href":"https:\/\/logistiikkakeskus.net\/kauppa\/wp-json\/wp\/v2\/product_brand?post=92910"},{"taxonomy":"product_cat","embeddable":true,"href":"https:\/\/logistiikkakeskus.net\/kauppa\/wp-json\/wp\/v2\/product_cat?post=92910"},{"taxonomy":"product_tag","embeddable":true,"href":"https:\/\/logistiikkakeskus.net\/kauppa\/wp-json\/wp\/v2\/product_tag?post=92910"}],"curies":[{"name":"wp","href":"https:\/\/api.w.org\/{rel}","templated":true}]}}