{"id":92889,"date":"2025-03-04T11:42:20","date_gmt":"2025-03-04T09:42:20","guid":{"rendered":"https:\/\/logistiikkakeskus.net\/kauppa\/tuote\/x-tyojalkine-street-44\/"},"modified":"2025-10-15T10:19:20","modified_gmt":"2025-10-15T07:19:20","slug":"x-tyojalkine-street-44","status":"publish","type":"product","link":"https:\/\/logistiikkakeskus.net\/kauppa\/tuote\/x-tyojalkine-street-44\/","title":{"rendered":"X Ty\u00f6jalkine Street 44"},"content":{"rendered":"<p>Laadukkaat k\u00e4velykeng\u00e4t,joiden p\u00e4\u00e4llinen on nappanahkaa. 3D-dry-vuori pit\u00e4\u00e4 jalkasi kuivina ja raikkainakoko p\u00e4iv\u00e4n ajan. Uudistettu pohja auttaa ehk\u00e4isem\u00e4\u00e4n jalkoihin ja selk\u00e4rankaan kohdistuvia iskujaja rasitusta koko pohjan pituudelta. Kokopitk\u00e4 Sievi Comfort -pohjallinen lis\u00e4\u00e4 mukavuutta.<\/p>\n","protected":false},"excerpt":{"rendered":"<p>Laadukkaat k\u00e4velykeng\u00e4t,joiden p\u00e4\u00e4llinen on nappanahkaa. 3D-dry-vuori pit\u00e4\u00e4 jalkasi kuivina ja raikkainakoko p\u00e4iv\u00e4n ajan. Uudistettu pohja auttaa ehk\u00e4isem\u00e4\u00e4n jalkoihin ja selk\u00e4rankaan kohdistuvia iskujaja rasitusta koko pohjan pituudelta. Kokopitk\u00e4 Sievi Comfort -pohjallinen lis\u00e4\u00e4 mukavuutta.<\/p>\n","protected":false},"featured_media":0,"comment_status":"open","ping_status":"closed","template":"","meta":[],"product_brand":[],"product_cat":[3519],"product_tag":[],"class_list":{"0":"post-92889","1":"product","2":"type-product","3":"status-publish","5":"product_cat-henkilonsuojaimet-ja-tyoturvallisuus-jalkineet-tyokengat","7":"first","8":"instock","9":"shipping-taxable","10":"purchasable","11":"product-type-simple"},"_links":{"self":[{"href":"https:\/\/logistiikkakeskus.net\/kauppa\/wp-json\/wp\/v2\/product\/92889","targetHints":{"allow":["GET"]}}],"collection":[{"href":"https:\/\/logistiikkakeskus.net\/kauppa\/wp-json\/wp\/v2\/product"}],"about":[{"href":"https:\/\/logistiikkakeskus.net\/kauppa\/wp-json\/wp\/v2\/types\/product"}],"replies":[{"embeddable":true,"href":"https:\/\/logistiikkakeskus.net\/kauppa\/wp-json\/wp\/v2\/comments?post=92889"}],"wp:attachment":[{"href":"https:\/\/logistiikkakeskus.net\/kauppa\/wp-json\/wp\/v2\/media?parent=92889"}],"wp:term":[{"taxonomy":"product_brand","embeddable":true,"href":"https:\/\/logistiikkakeskus.net\/kauppa\/wp-json\/wp\/v2\/product_brand?post=92889"},{"taxonomy":"product_cat","embeddable":true,"href":"https:\/\/logistiikkakeskus.net\/kauppa\/wp-json\/wp\/v2\/product_cat?post=92889"},{"taxonomy":"product_tag","embeddable":true,"href":"https:\/\/logistiikkakeskus.net\/kauppa\/wp-json\/wp\/v2\/product_tag?post=92889"}],"curies":[{"name":"wp","href":"https:\/\/api.w.org\/{rel}","templated":true}]}}