{"id":92886,"date":"2025-03-04T11:42:13","date_gmt":"2025-03-04T09:42:13","guid":{"rendered":"https:\/\/logistiikkakeskus.net\/kauppa\/tuote\/x-turvajalkine-sievi-gt-roller-s3-42\/"},"modified":"2026-01-20T09:18:34","modified_gmt":"2026-01-20T07:18:34","slug":"x-turvajalkine-sievi-gt-roller-s3-42","status":"publish","type":"product","link":"https:\/\/logistiikkakeskus.net\/kauppa\/tuote\/x-turvajalkine-sievi-gt-roller-s3-42\/","title":{"rendered":"x Turvajalkine Sievi GT Roller+ S3 42"},"content":{"rendered":"<p>TILAUSTUOTE TUOTTEELLA NORMAALIA PIDEMPI TOIMITUSAIKA.Boa\u00ae-mekanismi antaa mukavuutta turvajalkineiden k\u00e4ytt\u00e4jille: vainrullan py\u00f6r\u00e4ytys ja saat s\u00e4\u00e4detty\u00e4 jalkineiden istuvuuden juuri sinunjaloillesi sopivaksi. GORE-TEX\u00ae-vuori antaa jalan hengitt\u00e4\u00e4, mutta pit\u00e4\u00e4samalla kosteuden jalkineen ulkopuolella.Turvaluokitus: EN ISO 20345: S3Varvassuoja: komposiittiNaulaanastumissuoja: ter\u00e4sPohjamateriaali: kaksikerros PU\/TPUP\u00e4\u00e4llismateriaali: PU-nahka, Mikrokuitu, TekstiiliLesti:Normaali<\/p>\n","protected":false},"excerpt":{"rendered":"<p>TILAUSTUOTE TUOTTEELLA NORMAALIA PIDEMPI TOIMITUSAIKA.Boa\u00ae-mekanismi antaa mukavuutta turvajalkineiden k\u00e4ytt\u00e4jille: vainrullan py\u00f6r\u00e4ytys ja saat s\u00e4\u00e4detty\u00e4 jalkineiden istuvuuden juuri sinunjaloillesi sopivaksi. GORE-TEX\u00ae-vuori antaa jalan hengitt\u00e4\u00e4, mutta pit\u00e4\u00e4samalla kosteuden jalkineen ulkopuolella.Turvaluokitus: EN ISO 20345: S3Varvassuoja: komposiittiNaulaanastumissuoja: ter\u00e4sPohjamateriaali: kaksikerros PU\/TPUP\u00e4\u00e4llismateriaali: PU-nahka, Mikrokuitu, TekstiiliLesti:Normaali<\/p>\n","protected":false},"featured_media":0,"comment_status":"open","ping_status":"closed","template":"","meta":[],"product_brand":[],"product_cat":[3415],"product_tag":[],"class_list":{"0":"post-92886","1":"product","2":"type-product","3":"status-publish","5":"product_cat-henkilonsuojaimet-ja-tyoturvallisuus-jalkineet-turvakengat","7":"first","8":"instock","9":"shipping-taxable","10":"purchasable","11":"product-type-simple"},"_links":{"self":[{"href":"https:\/\/logistiikkakeskus.net\/kauppa\/wp-json\/wp\/v2\/product\/92886","targetHints":{"allow":["GET"]}}],"collection":[{"href":"https:\/\/logistiikkakeskus.net\/kauppa\/wp-json\/wp\/v2\/product"}],"about":[{"href":"https:\/\/logistiikkakeskus.net\/kauppa\/wp-json\/wp\/v2\/types\/product"}],"replies":[{"embeddable":true,"href":"https:\/\/logistiikkakeskus.net\/kauppa\/wp-json\/wp\/v2\/comments?post=92886"}],"wp:attachment":[{"href":"https:\/\/logistiikkakeskus.net\/kauppa\/wp-json\/wp\/v2\/media?parent=92886"}],"wp:term":[{"taxonomy":"product_brand","embeddable":true,"href":"https:\/\/logistiikkakeskus.net\/kauppa\/wp-json\/wp\/v2\/product_brand?post=92886"},{"taxonomy":"product_cat","embeddable":true,"href":"https:\/\/logistiikkakeskus.net\/kauppa\/wp-json\/wp\/v2\/product_cat?post=92886"},{"taxonomy":"product_tag","embeddable":true,"href":"https:\/\/logistiikkakeskus.net\/kauppa\/wp-json\/wp\/v2\/product_tag?post=92886"}],"curies":[{"name":"wp","href":"https:\/\/api.w.org\/{rel}","templated":true}]}}