{"id":92883,"date":"2025-03-04T11:41:44","date_gmt":"2025-03-04T09:41:44","guid":{"rendered":"https:\/\/logistiikkakeskus.net\/kauppa\/tuote\/x-viiltosuojakasi-talvi-thermo-cut-5-11\/"},"modified":"2026-01-20T09:18:16","modified_gmt":"2026-01-20T07:18:16","slug":"x-viiltosuojakasi-talvi-thermo-cut-5-11","status":"publish","type":"product","link":"https:\/\/logistiikkakeskus.net\/kauppa\/tuote\/x-viiltosuojakasi-talvi-thermo-cut-5-11\/","title":{"rendered":"X Viiltosuojak\u00e4si talvi Thermo-cut 5, 11"},"content":{"rendered":"<p>Viiltosuojak\u00e4sine talvik\u00e4ytt\u00f6\u00f6n. Materiaali UHMWPE &#038; Thermallanka,pinnoite Micro Foam latex. Kest\u00e4v\u00e4 ja l\u00e4mmin talvik\u00e4sine. Myyntier\u00e4: 1pr (12 pr\/nippu). Huom: viiltosuoja ei suojaa pistoilta. Hakusanat:viiltohanska, viillonsuoja<\/p>\n","protected":false},"excerpt":{"rendered":"<p>Viiltosuojak\u00e4sine talvik\u00e4ytt\u00f6\u00f6n. Materiaali UHMWPE &#038; Thermallanka,pinnoite Micro Foam latex. Kest\u00e4v\u00e4 ja l\u00e4mmin talvik\u00e4sine. Myyntier\u00e4: 1pr (12 pr\/nippu). Huom: viiltosuoja ei suojaa pistoilta. Hakusanat:viiltohanska, viillonsuoja<\/p>\n","protected":false},"featured_media":103518,"comment_status":"open","ping_status":"closed","template":"","meta":[],"product_brand":[],"product_cat":[3383],"product_tag":[],"class_list":{"0":"post-92883","1":"product","2":"type-product","3":"status-publish","4":"has-post-thumbnail","6":"product_cat-henkilonsuojaimet-ja-tyoturvallisuus-henkilonsuojaimet-kasineet","8":"first","9":"instock","10":"shipping-taxable","11":"purchasable","12":"product-type-simple"},"_links":{"self":[{"href":"https:\/\/logistiikkakeskus.net\/kauppa\/wp-json\/wp\/v2\/product\/92883","targetHints":{"allow":["GET"]}}],"collection":[{"href":"https:\/\/logistiikkakeskus.net\/kauppa\/wp-json\/wp\/v2\/product"}],"about":[{"href":"https:\/\/logistiikkakeskus.net\/kauppa\/wp-json\/wp\/v2\/types\/product"}],"replies":[{"embeddable":true,"href":"https:\/\/logistiikkakeskus.net\/kauppa\/wp-json\/wp\/v2\/comments?post=92883"}],"wp:featuredmedia":[{"embeddable":true,"href":"https:\/\/logistiikkakeskus.net\/kauppa\/wp-json\/wp\/v2\/media\/103518"}],"wp:attachment":[{"href":"https:\/\/logistiikkakeskus.net\/kauppa\/wp-json\/wp\/v2\/media?parent=92883"}],"wp:term":[{"taxonomy":"product_brand","embeddable":true,"href":"https:\/\/logistiikkakeskus.net\/kauppa\/wp-json\/wp\/v2\/product_brand?post=92883"},{"taxonomy":"product_cat","embeddable":true,"href":"https:\/\/logistiikkakeskus.net\/kauppa\/wp-json\/wp\/v2\/product_cat?post=92883"},{"taxonomy":"product_tag","embeddable":true,"href":"https:\/\/logistiikkakeskus.net\/kauppa\/wp-json\/wp\/v2\/product_tag?post=92883"}],"curies":[{"name":"wp","href":"https:\/\/api.w.org\/{rel}","templated":true}]}}