{"id":92860,"date":"2025-03-04T11:41:10","date_gmt":"2025-03-04T09:41:10","guid":{"rendered":"https:\/\/logistiikkakeskus.net\/kauppa\/tuote\/x-turvajalkine-1378-heavy-duty-39\/"},"modified":"2025-10-15T10:18:21","modified_gmt":"2025-10-15T07:18:21","slug":"x-turvajalkine-1378-heavy-duty-39","status":"publish","type":"product","link":"https:\/\/logistiikkakeskus.net\/kauppa\/tuote\/x-turvajalkine-1378-heavy-duty-39\/","title":{"rendered":"X Turvajalkine 1378 Heavy Duty 39"},"content":{"rendered":"<p>JALAS 1378 Heavy Duty, ter\u00e4s naulaanastumissuoja, komposiittivarvassuoja, PU-v\u00e4lipohja, kumi-ulkopohja, korkein suojaustaso,erinomainen pito, istuvuus ja iskunvaimennus, eritt\u00e4in mukava, l\u00e4mmin,kevyt, pohjatyyppi Arctic Grip, vuorin materiaali polyesteriturkis jaThinsulate, vett\u00e4hylkiv\u00e4, heijastin, kuumuutta ja \u00f6ljy\u00e4 kest\u00e4v\u00e4ulkopohja, ulkok\u00e4ytt\u00f6, liukkaat ja kylm\u00e4t ymp\u00e4rist\u00f6t, varsikenk\u00e4,vetoketju<\/p>\n","protected":false},"excerpt":{"rendered":"<p>JALAS 1378 Heavy Duty, ter\u00e4s naulaanastumissuoja, komposiittivarvassuoja, PU-v\u00e4lipohja, kumi-ulkopohja, korkein suojaustaso,erinomainen pito, istuvuus ja iskunvaimennus, eritt\u00e4in mukava, l\u00e4mmin,kevyt, pohjatyyppi Arctic Grip, vuorin materiaali polyesteriturkis jaThinsulate, vett\u00e4hylkiv\u00e4, heijastin, kuumuutta ja \u00f6ljy\u00e4 kest\u00e4v\u00e4ulkopohja, ulkok\u00e4ytt\u00f6, liukkaat ja kylm\u00e4t ymp\u00e4rist\u00f6t, varsikenk\u00e4,vetoketju<\/p>\n","protected":false},"featured_media":0,"comment_status":"open","ping_status":"closed","template":"","meta":[],"product_brand":[],"product_cat":[3415],"product_tag":[],"class_list":{"0":"post-92860","1":"product","2":"type-product","3":"status-publish","5":"product_cat-henkilonsuojaimet-ja-tyoturvallisuus-jalkineet-turvakengat","7":"first","8":"instock","9":"shipping-taxable","10":"purchasable","11":"product-type-simple"},"_links":{"self":[{"href":"https:\/\/logistiikkakeskus.net\/kauppa\/wp-json\/wp\/v2\/product\/92860","targetHints":{"allow":["GET"]}}],"collection":[{"href":"https:\/\/logistiikkakeskus.net\/kauppa\/wp-json\/wp\/v2\/product"}],"about":[{"href":"https:\/\/logistiikkakeskus.net\/kauppa\/wp-json\/wp\/v2\/types\/product"}],"replies":[{"embeddable":true,"href":"https:\/\/logistiikkakeskus.net\/kauppa\/wp-json\/wp\/v2\/comments?post=92860"}],"wp:attachment":[{"href":"https:\/\/logistiikkakeskus.net\/kauppa\/wp-json\/wp\/v2\/media?parent=92860"}],"wp:term":[{"taxonomy":"product_brand","embeddable":true,"href":"https:\/\/logistiikkakeskus.net\/kauppa\/wp-json\/wp\/v2\/product_brand?post=92860"},{"taxonomy":"product_cat","embeddable":true,"href":"https:\/\/logistiikkakeskus.net\/kauppa\/wp-json\/wp\/v2\/product_cat?post=92860"},{"taxonomy":"product_tag","embeddable":true,"href":"https:\/\/logistiikkakeskus.net\/kauppa\/wp-json\/wp\/v2\/product_tag?post=92860"}],"curies":[{"name":"wp","href":"https:\/\/api.w.org\/{rel}","templated":true}]}}