{"id":92854,"date":"2025-03-04T11:41:04","date_gmt":"2025-03-04T09:41:04","guid":{"rendered":"https:\/\/logistiikkakeskus.net\/kauppa\/tuote\/x-turvajalkine-jalas-1808-ice-track-42\/"},"modified":"2026-01-20T09:17:48","modified_gmt":"2026-01-20T07:17:48","slug":"x-turvajalkine-jalas-1808-ice-track-42","status":"publish","type":"product","link":"https:\/\/logistiikkakeskus.net\/kauppa\/tuote\/x-turvajalkine-jalas-1808-ice-track-42\/","title":{"rendered":"X Turvajalkine Jalas 1808 Ice Track 42"},"content":{"rendered":"<p>Talvi turvajalkine.JALAS 1808 IceTrack varsikengiss\u00e4 onnaulaanastumissuojan materiaalina plasmak\u00e4sitelty komposiitti (PTC),varvassuojan materiaali alumiini, PU-v\u00e4lipohja, muovilenkkituki, kumi-ulkopohja, pintamateriaalina vett\u00e4hylkiv\u00e4 PU-pintainen nahka.Talvimalli. Varressa vetoketju. Kuumuutta ja \u00f6ljy\u00e4 kest\u00e4v\u00e4 ulkopohja.<\/p>\n","protected":false},"excerpt":{"rendered":"<p>Talvi turvajalkine.JALAS 1808 IceTrack varsikengiss\u00e4 onnaulaanastumissuojan materiaalina plasmak\u00e4sitelty komposiitti (PTC),varvassuojan materiaali alumiini, PU-v\u00e4lipohja, muovilenkkituki, kumi-ulkopohja, pintamateriaalina vett\u00e4hylkiv\u00e4 PU-pintainen nahka.Talvimalli. Varressa vetoketju. Kuumuutta ja \u00f6ljy\u00e4 kest\u00e4v\u00e4 ulkopohja.<\/p>\n","protected":false},"featured_media":103377,"comment_status":"open","ping_status":"closed","template":"","meta":[],"product_brand":[],"product_cat":[3415],"product_tag":[],"class_list":{"0":"post-92854","1":"product","2":"type-product","3":"status-publish","4":"has-post-thumbnail","6":"product_cat-henkilonsuojaimet-ja-tyoturvallisuus-jalkineet-turvakengat","8":"first","9":"instock","10":"shipping-taxable","11":"purchasable","12":"product-type-simple"},"_links":{"self":[{"href":"https:\/\/logistiikkakeskus.net\/kauppa\/wp-json\/wp\/v2\/product\/92854","targetHints":{"allow":["GET"]}}],"collection":[{"href":"https:\/\/logistiikkakeskus.net\/kauppa\/wp-json\/wp\/v2\/product"}],"about":[{"href":"https:\/\/logistiikkakeskus.net\/kauppa\/wp-json\/wp\/v2\/types\/product"}],"replies":[{"embeddable":true,"href":"https:\/\/logistiikkakeskus.net\/kauppa\/wp-json\/wp\/v2\/comments?post=92854"}],"wp:featuredmedia":[{"embeddable":true,"href":"https:\/\/logistiikkakeskus.net\/kauppa\/wp-json\/wp\/v2\/media\/103377"}],"wp:attachment":[{"href":"https:\/\/logistiikkakeskus.net\/kauppa\/wp-json\/wp\/v2\/media?parent=92854"}],"wp:term":[{"taxonomy":"product_brand","embeddable":true,"href":"https:\/\/logistiikkakeskus.net\/kauppa\/wp-json\/wp\/v2\/product_brand?post=92854"},{"taxonomy":"product_cat","embeddable":true,"href":"https:\/\/logistiikkakeskus.net\/kauppa\/wp-json\/wp\/v2\/product_cat?post=92854"},{"taxonomy":"product_tag","embeddable":true,"href":"https:\/\/logistiikkakeskus.net\/kauppa\/wp-json\/wp\/v2\/product_tag?post=92854"}],"curies":[{"name":"wp","href":"https:\/\/api.w.org\/{rel}","templated":true}]}}