{"id":92826,"date":"2025-03-04T11:40:59","date_gmt":"2025-03-04T09:40:59","guid":{"rendered":"https:\/\/logistiikkakeskus.net\/kauppa\/tuote\/x-turvasaapas-1898-winter-king-38\/"},"modified":"2026-01-20T09:17:47","modified_gmt":"2026-01-20T07:17:47","slug":"x-turvasaapas-1898-winter-king-38","status":"publish","type":"product","link":"https:\/\/logistiikkakeskus.net\/kauppa\/tuote\/x-turvasaapas-1898-winter-king-38\/","title":{"rendered":"X Turvasaapas 1898 Winter King 38"},"content":{"rendered":"<p>Jalas 1898 Winter King -turvajalkineet ovat l\u00e4mminvuorellisettalvisaappaat, joissa on normaalia turvajalkinetta leve\u00e4mpi lesti jal\u00e4mmin vuorillinen varsi. Keng\u00e4t on valmistettu polyuretaanipintaisestanahasta ja sen saumat on vahvistettu eritt\u00e4in kest\u00e4v\u00e4ll\u00e4 Kevlar-langalla.<\/p>\n","protected":false},"excerpt":{"rendered":"<p>Jalas 1898 Winter King -turvajalkineet ovat l\u00e4mminvuorellisettalvisaappaat, joissa on normaalia turvajalkinetta leve\u00e4mpi lesti jal\u00e4mmin vuorillinen varsi. Keng\u00e4t on valmistettu polyuretaanipintaisestanahasta ja sen saumat on vahvistettu eritt\u00e4in kest\u00e4v\u00e4ll\u00e4 Kevlar-langalla.<\/p>\n","protected":false},"featured_media":103371,"comment_status":"open","ping_status":"closed","template":"","meta":[],"product_brand":[],"product_cat":[3415],"product_tag":[],"class_list":{"0":"post-92826","1":"product","2":"type-product","3":"status-publish","4":"has-post-thumbnail","6":"product_cat-henkilonsuojaimet-ja-tyoturvallisuus-jalkineet-turvakengat","8":"first","9":"instock","10":"shipping-taxable","11":"purchasable","12":"product-type-simple"},"_links":{"self":[{"href":"https:\/\/logistiikkakeskus.net\/kauppa\/wp-json\/wp\/v2\/product\/92826","targetHints":{"allow":["GET"]}}],"collection":[{"href":"https:\/\/logistiikkakeskus.net\/kauppa\/wp-json\/wp\/v2\/product"}],"about":[{"href":"https:\/\/logistiikkakeskus.net\/kauppa\/wp-json\/wp\/v2\/types\/product"}],"replies":[{"embeddable":true,"href":"https:\/\/logistiikkakeskus.net\/kauppa\/wp-json\/wp\/v2\/comments?post=92826"}],"wp:featuredmedia":[{"embeddable":true,"href":"https:\/\/logistiikkakeskus.net\/kauppa\/wp-json\/wp\/v2\/media\/103371"}],"wp:attachment":[{"href":"https:\/\/logistiikkakeskus.net\/kauppa\/wp-json\/wp\/v2\/media?parent=92826"}],"wp:term":[{"taxonomy":"product_brand","embeddable":true,"href":"https:\/\/logistiikkakeskus.net\/kauppa\/wp-json\/wp\/v2\/product_brand?post=92826"},{"taxonomy":"product_cat","embeddable":true,"href":"https:\/\/logistiikkakeskus.net\/kauppa\/wp-json\/wp\/v2\/product_cat?post=92826"},{"taxonomy":"product_tag","embeddable":true,"href":"https:\/\/logistiikkakeskus.net\/kauppa\/wp-json\/wp\/v2\/product_tag?post=92826"}],"curies":[{"name":"wp","href":"https:\/\/api.w.org\/{rel}","templated":true}]}}