{"id":92824,"date":"2025-03-04T11:40:58","date_gmt":"2025-03-04T09:40:58","guid":{"rendered":"https:\/\/logistiikkakeskus.net\/kauppa\/tuote\/x-turvajalkine-3045-fortyfive-39\/"},"modified":"2026-01-20T09:17:46","modified_gmt":"2026-01-20T07:17:46","slug":"x-turvajalkine-3045-fortyfive-39","status":"publish","type":"product","link":"https:\/\/logistiikkakeskus.net\/kauppa\/tuote\/x-turvajalkine-3045-fortyfive-39\/","title":{"rendered":"X Turvajalkine 3045 fortyfive 39"},"content":{"rendered":"<p>TILAUSTUOTE.TUOTTEELLA NORMAALIA PIDEMPI TOIMITUSAIKA.Street-henkinen turvakenk\u00e4, nauhakiinnitys. Ulkopinta nupukkinahkaa.Hengitt\u00e4v\u00e4 sis\u00e4vuori on mukava jaloille. Pohjan muotoilu tekee keng\u00e4st\u00e4ergonomisen. Alumiinik\u00e4rki suojaa varpaita. RPU-pohja, jossa hyv\u00e4pit\u00e4vyys vaihtelevilla alustoilla. Sopii parhaiten perinteiseensis\u00e4ty\u00f6skentelyyn sek\u00e4 kuiviin ulkot\u00f6ihin. \u00d6ljynkest\u00e4v\u00e4ss\u00e4 pohjassa ontaipuisa PTC-naulaanastumissuoja.Lesti:normaaliHakusanat:Alumiini,turvajalkine<\/p>\n","protected":false},"excerpt":{"rendered":"<p>TILAUSTUOTE.TUOTTEELLA NORMAALIA PIDEMPI TOIMITUSAIKA.Street-henkinen turvakenk\u00e4, nauhakiinnitys. Ulkopinta nupukkinahkaa.Hengitt\u00e4v\u00e4 sis\u00e4vuori on mukava jaloille. Pohjan muotoilu tekee keng\u00e4st\u00e4ergonomisen. Alumiinik\u00e4rki suojaa varpaita. RPU-pohja, jossa hyv\u00e4pit\u00e4vyys vaihtelevilla alustoilla. Sopii parhaiten perinteiseensis\u00e4ty\u00f6skentelyyn sek\u00e4 kuiviin ulkot\u00f6ihin. \u00d6ljynkest\u00e4v\u00e4ss\u00e4 pohjassa ontaipuisa PTC-naulaanastumissuoja.Lesti:normaaliHakusanat:Alumiini,turvajalkine<\/p>\n","protected":false},"featured_media":0,"comment_status":"open","ping_status":"closed","template":"","meta":[],"product_brand":[],"product_cat":[3415],"product_tag":[],"class_list":{"0":"post-92824","1":"product","2":"type-product","3":"status-publish","5":"product_cat-henkilonsuojaimet-ja-tyoturvallisuus-jalkineet-turvakengat","7":"first","8":"instock","9":"shipping-taxable","10":"purchasable","11":"product-type-simple"},"_links":{"self":[{"href":"https:\/\/logistiikkakeskus.net\/kauppa\/wp-json\/wp\/v2\/product\/92824","targetHints":{"allow":["GET"]}}],"collection":[{"href":"https:\/\/logistiikkakeskus.net\/kauppa\/wp-json\/wp\/v2\/product"}],"about":[{"href":"https:\/\/logistiikkakeskus.net\/kauppa\/wp-json\/wp\/v2\/types\/product"}],"replies":[{"embeddable":true,"href":"https:\/\/logistiikkakeskus.net\/kauppa\/wp-json\/wp\/v2\/comments?post=92824"}],"wp:attachment":[{"href":"https:\/\/logistiikkakeskus.net\/kauppa\/wp-json\/wp\/v2\/media?parent=92824"}],"wp:term":[{"taxonomy":"product_brand","embeddable":true,"href":"https:\/\/logistiikkakeskus.net\/kauppa\/wp-json\/wp\/v2\/product_brand?post=92824"},{"taxonomy":"product_cat","embeddable":true,"href":"https:\/\/logistiikkakeskus.net\/kauppa\/wp-json\/wp\/v2\/product_cat?post=92824"},{"taxonomy":"product_tag","embeddable":true,"href":"https:\/\/logistiikkakeskus.net\/kauppa\/wp-json\/wp\/v2\/product_tag?post=92824"}],"curies":[{"name":"wp","href":"https:\/\/api.w.org\/{rel}","templated":true}]}}