{"id":92817,"date":"2025-03-04T11:40:48","date_gmt":"2025-03-04T09:40:48","guid":{"rendered":"https:\/\/logistiikkakeskus.net\/kauppa\/tuote\/x-turvajalkine-6498-nature-47\/"},"modified":"2026-01-20T09:17:39","modified_gmt":"2026-01-20T07:17:39","slug":"x-turvajalkine-6498-nature-47","status":"publish","type":"product","link":"https:\/\/logistiikkakeskus.net\/kauppa\/tuote\/x-turvajalkine-6498-nature-47\/","title":{"rendered":"X Turvajalkine 6498 Nature 47"},"content":{"rendered":"<p>JALAS\u00ae 6498 Nature, Turvasaapas, naulaanastumissuojan materiaaliplasmak\u00e4sitelty komposiitti (PTC), varvassuojan materiaali komposiitti,muovilenkkituki, PU-ulkopohja, p\u00e4\u00e4llismateriaali mikrokuitu, tekstiiliKorkein suojaustaso, erinomainen pito, erinomainen istuvuus, eritt\u00e4inmukava, erinomainen iskunvaimennusUlkok\u00e4ytt\u00f6, ymp\u00e4rivuotinen k\u00e4ytt\u00f6, metallivapaiden kenkien vaatimukset,ymp\u00e4rist\u00f6t joissa vaarana ulkopohjan l\u00e4p\u00e4isy<\/p>\n","protected":false},"excerpt":{"rendered":"<p>JALAS\u00ae 6498 Nature, Turvasaapas, naulaanastumissuojan materiaaliplasmak\u00e4sitelty komposiitti (PTC), varvassuojan materiaali komposiitti,muovilenkkituki, PU-ulkopohja, p\u00e4\u00e4llismateriaali mikrokuitu, tekstiiliKorkein suojaustaso, erinomainen pito, erinomainen istuvuus, eritt\u00e4inmukava, erinomainen iskunvaimennusUlkok\u00e4ytt\u00f6, ymp\u00e4rivuotinen k\u00e4ytt\u00f6, metallivapaiden kenkien vaatimukset,ymp\u00e4rist\u00f6t joissa vaarana ulkopohjan l\u00e4p\u00e4isy<\/p>\n","protected":false},"featured_media":103315,"comment_status":"open","ping_status":"closed","template":"","meta":[],"product_brand":[],"product_cat":[3415],"product_tag":[],"class_list":{"0":"post-92817","1":"product","2":"type-product","3":"status-publish","4":"has-post-thumbnail","6":"product_cat-henkilonsuojaimet-ja-tyoturvallisuus-jalkineet-turvakengat","8":"first","9":"instock","10":"shipping-taxable","11":"purchasable","12":"product-type-simple"},"_links":{"self":[{"href":"https:\/\/logistiikkakeskus.net\/kauppa\/wp-json\/wp\/v2\/product\/92817","targetHints":{"allow":["GET"]}}],"collection":[{"href":"https:\/\/logistiikkakeskus.net\/kauppa\/wp-json\/wp\/v2\/product"}],"about":[{"href":"https:\/\/logistiikkakeskus.net\/kauppa\/wp-json\/wp\/v2\/types\/product"}],"replies":[{"embeddable":true,"href":"https:\/\/logistiikkakeskus.net\/kauppa\/wp-json\/wp\/v2\/comments?post=92817"}],"wp:featuredmedia":[{"embeddable":true,"href":"https:\/\/logistiikkakeskus.net\/kauppa\/wp-json\/wp\/v2\/media\/103315"}],"wp:attachment":[{"href":"https:\/\/logistiikkakeskus.net\/kauppa\/wp-json\/wp\/v2\/media?parent=92817"}],"wp:term":[{"taxonomy":"product_brand","embeddable":true,"href":"https:\/\/logistiikkakeskus.net\/kauppa\/wp-json\/wp\/v2\/product_brand?post=92817"},{"taxonomy":"product_cat","embeddable":true,"href":"https:\/\/logistiikkakeskus.net\/kauppa\/wp-json\/wp\/v2\/product_cat?post=92817"},{"taxonomy":"product_tag","embeddable":true,"href":"https:\/\/logistiikkakeskus.net\/kauppa\/wp-json\/wp\/v2\/product_tag?post=92817"}],"curies":[{"name":"wp","href":"https:\/\/api.w.org\/{rel}","templated":true}]}}