{"id":92777,"date":"2025-03-04T11:40:06","date_gmt":"2025-03-04T09:40:06","guid":{"rendered":"https:\/\/logistiikkakeskus.net\/kauppa\/tuote\/x-wolf-garten-be-m-hara-kultivaattori\/"},"modified":"2026-01-20T09:17:06","modified_gmt":"2026-01-20T07:17:06","slug":"x-wolf-garten-be-m-hara-kultivaattori","status":"publish","type":"product","link":"https:\/\/logistiikkakeskus.net\/kauppa\/tuote\/x-wolf-garten-be-m-hara-kultivaattori\/","title":{"rendered":"X Wolf-Garten BE-M hara-kultivaattori"},"content":{"rendered":"<p>Wolf-Gartenin multi-star-j\u00e4rjestelm\u00e4n BE-M-haran keih\u00e4\u00e4n malliset piikitpuhkaisevat helposti keskikovan maaper\u00e4n. Harassa on kest\u00e4v\u00e4 kromi- jalakkapinnoite. Varsi tilattava erikseen. hakusant: m\u00f6yhennin,puutarhaty\u00f6kalu<\/p>\n","protected":false},"excerpt":{"rendered":"<p>Wolf-Gartenin multi-star-j\u00e4rjestelm\u00e4n BE-M-haran keih\u00e4\u00e4n malliset piikitpuhkaisevat helposti keskikovan maaper\u00e4n. Harassa on kest\u00e4v\u00e4 kromi- jalakkapinnoite. Varsi tilattava erikseen. hakusant: m\u00f6yhennin,puutarhaty\u00f6kalu<\/p>\n","protected":false},"featured_media":102890,"comment_status":"open","ping_status":"closed","template":"","meta":[],"product_brand":[],"product_cat":[3362],"product_tag":[],"class_list":{"0":"post-92777","1":"product","2":"type-product","3":"status-publish","4":"has-post-thumbnail","6":"product_cat-tyokalut-puutarhatyokalut-muut-puutarhatyokalut","8":"first","9":"instock","10":"shipping-taxable","11":"purchasable","12":"product-type-simple"},"_links":{"self":[{"href":"https:\/\/logistiikkakeskus.net\/kauppa\/wp-json\/wp\/v2\/product\/92777","targetHints":{"allow":["GET"]}}],"collection":[{"href":"https:\/\/logistiikkakeskus.net\/kauppa\/wp-json\/wp\/v2\/product"}],"about":[{"href":"https:\/\/logistiikkakeskus.net\/kauppa\/wp-json\/wp\/v2\/types\/product"}],"replies":[{"embeddable":true,"href":"https:\/\/logistiikkakeskus.net\/kauppa\/wp-json\/wp\/v2\/comments?post=92777"}],"wp:featuredmedia":[{"embeddable":true,"href":"https:\/\/logistiikkakeskus.net\/kauppa\/wp-json\/wp\/v2\/media\/102890"}],"wp:attachment":[{"href":"https:\/\/logistiikkakeskus.net\/kauppa\/wp-json\/wp\/v2\/media?parent=92777"}],"wp:term":[{"taxonomy":"product_brand","embeddable":true,"href":"https:\/\/logistiikkakeskus.net\/kauppa\/wp-json\/wp\/v2\/product_brand?post=92777"},{"taxonomy":"product_cat","embeddable":true,"href":"https:\/\/logistiikkakeskus.net\/kauppa\/wp-json\/wp\/v2\/product_cat?post=92777"},{"taxonomy":"product_tag","embeddable":true,"href":"https:\/\/logistiikkakeskus.net\/kauppa\/wp-json\/wp\/v2\/product_tag?post=92777"}],"curies":[{"name":"wp","href":"https:\/\/api.w.org\/{rel}","templated":true}]}}