{"id":92538,"date":"2025-01-16T13:47:42","date_gmt":"2025-01-16T11:47:42","guid":{"rendered":"https:\/\/logistiikkakeskus.net\/kauppa\/tuote\/nestesaippua-tork-mildly-scented-1l\/"},"modified":"2026-01-20T09:20:10","modified_gmt":"2026-01-20T07:20:10","slug":"nestesaippua-tork-mildly-scented-1l","status":"publish","type":"product","link":"https:\/\/logistiikkakeskus.net\/kauppa\/tuote\/nestesaippua-tork-mildly-scented-1l\/","title":{"rendered":"Nestesaippua Tork Mildly Scented 1L"},"content":{"rendered":"<p>Myyntiyksikk\u00f6 LTK (6 plo)<\/p>\n<h2>Tork Mildly Scented -nestesaippua, 1000 ml<\/h2>\n<p>Tuoksultaan raikas Tork Mild k\u00e4sisaippua normaalille jakuivalleiholle. Yleissaippua sis\u00e4lt\u00e4\u00e4 kosteuttavia ainesosia ja puhdistaa k\u00e4dethell\u00e4varaisesti.<\/p>\n<ul>\n<li>Dermatologisesti testattu ja hyv\u00e4ksytty.\n<li>Miedosti hajustettu\n<li>pH noin 5\n<li>Ymp\u00e4rist\u00f6merkit: EU-kukka\n<li>Yhteensopiva j\u00e4rjestelm\u00e4: Tork neste- ja spray-saippuaannostelijat<\/ul>\n<p>Hakusanat: k\u00e4sienpesu, vastuullinen, nestesaippua<\/p>\n","protected":false},"excerpt":{"rendered":"<p>Myyntiyksikk\u00f6 LTK (6 plo) Tork Mildly Scented -nestesaippua, 1000 ml Tuoksultaan raikas Tork Mild k\u00e4sisaippua normaalille jakuivalleiholle. Yleissaippua sis\u00e4lt\u00e4\u00e4 kosteuttavia ainesosia ja puhdistaa k\u00e4dethell\u00e4varaisesti. Dermatologisesti testattu ja hyv\u00e4ksytty. Miedosti hajustettu pH noin 5 Ymp\u00e4rist\u00f6merkit: EU-kukka Yhteensopiva j\u00e4rjestelm\u00e4: Tork neste- ja spray-saippuaannostelijat Hakusanat: k\u00e4sienpesu, vastuullinen, nestesaippua<\/p>\n","protected":false},"featured_media":92539,"comment_status":"open","ping_status":"closed","template":"","meta":[],"product_brand":[],"product_cat":[3446],"product_tag":[],"class_list":{"0":"post-92538","1":"product","2":"type-product","3":"status-publish","4":"has-post-thumbnail","6":"product_cat-hoitotarvikkeet-henkilokohtainen-hygienia-ihon-pesunesteet","8":"first","9":"instock","10":"shipping-taxable","11":"purchasable","12":"product-type-simple"},"_links":{"self":[{"href":"https:\/\/logistiikkakeskus.net\/kauppa\/wp-json\/wp\/v2\/product\/92538","targetHints":{"allow":["GET"]}}],"collection":[{"href":"https:\/\/logistiikkakeskus.net\/kauppa\/wp-json\/wp\/v2\/product"}],"about":[{"href":"https:\/\/logistiikkakeskus.net\/kauppa\/wp-json\/wp\/v2\/types\/product"}],"replies":[{"embeddable":true,"href":"https:\/\/logistiikkakeskus.net\/kauppa\/wp-json\/wp\/v2\/comments?post=92538"}],"wp:featuredmedia":[{"embeddable":true,"href":"https:\/\/logistiikkakeskus.net\/kauppa\/wp-json\/wp\/v2\/media\/92539"}],"wp:attachment":[{"href":"https:\/\/logistiikkakeskus.net\/kauppa\/wp-json\/wp\/v2\/media?parent=92538"}],"wp:term":[{"taxonomy":"product_brand","embeddable":true,"href":"https:\/\/logistiikkakeskus.net\/kauppa\/wp-json\/wp\/v2\/product_brand?post=92538"},{"taxonomy":"product_cat","embeddable":true,"href":"https:\/\/logistiikkakeskus.net\/kauppa\/wp-json\/wp\/v2\/product_cat?post=92538"},{"taxonomy":"product_tag","embeddable":true,"href":"https:\/\/logistiikkakeskus.net\/kauppa\/wp-json\/wp\/v2\/product_tag?post=92538"}],"curies":[{"name":"wp","href":"https:\/\/api.w.org\/{rel}","templated":true}]}}