{"id":92536,"date":"2025-01-16T13:47:42","date_gmt":"2025-01-16T11:47:42","guid":{"rendered":"https:\/\/logistiikkakeskus.net\/kauppa\/tuote\/katrin-vaahtosaippua-1000-ml\/"},"modified":"2026-01-20T09:20:10","modified_gmt":"2026-01-20T07:20:10","slug":"katrin-vaahtosaippua-1000-ml","status":"publish","type":"product","link":"https:\/\/logistiikkakeskus.net\/kauppa\/tuote\/katrin-vaahtosaippua-1000-ml\/","title":{"rendered":"Katrin Vaahtosaippua 1000 ml"},"content":{"rendered":"<p>Myyntiyksikk\u00f6 LTK (6 kpl)<\/p>\n<h2>Katrin Clean -vaahtosaippua, 1000 ml<\/h2>\n<p>Iholle hell\u00e4varainen, mieto vaahtosaippua. Soveltuujokap\u00e4iv\u00e4iseenk\u00e4ytt\u00f6\u00f6n. Dermatologisesti testattu ja hyv\u00e4ksytty.<\/p>\n<ul>\n<li>Hajusteeton\n<li>pH 4,5\n<li>V\u00e4riaineeton\n<li>Ymp\u00e4rist\u00f6merkit: EU-kukka, Joutsenmerkki\n<li>Yhteensopiva j\u00e4rjestelm\u00e4: Katrin saippua-annostelija<\/ul>\n<p>Hakusanat: k\u00e4sienpesuvaahto, vastuullinen, nestesaippua<\/p>\n","protected":false},"excerpt":{"rendered":"<p>Myyntiyksikk\u00f6 LTK (6 kpl) Katrin Clean -vaahtosaippua, 1000 ml Iholle hell\u00e4varainen, mieto vaahtosaippua. Soveltuujokap\u00e4iv\u00e4iseenk\u00e4ytt\u00f6\u00f6n. Dermatologisesti testattu ja hyv\u00e4ksytty. Hajusteeton pH 4,5 V\u00e4riaineeton Ymp\u00e4rist\u00f6merkit: EU-kukka, Joutsenmerkki Yhteensopiva j\u00e4rjestelm\u00e4: Katrin saippua-annostelija Hakusanat: k\u00e4sienpesuvaahto, vastuullinen, nestesaippua<\/p>\n","protected":false},"featured_media":92537,"comment_status":"open","ping_status":"closed","template":"","meta":[],"product_brand":[],"product_cat":[3446],"product_tag":[],"class_list":{"0":"post-92536","1":"product","2":"type-product","3":"status-publish","4":"has-post-thumbnail","6":"product_cat-hoitotarvikkeet-henkilokohtainen-hygienia-ihon-pesunesteet","8":"first","9":"instock","10":"shipping-taxable","11":"purchasable","12":"product-type-simple"},"_links":{"self":[{"href":"https:\/\/logistiikkakeskus.net\/kauppa\/wp-json\/wp\/v2\/product\/92536","targetHints":{"allow":["GET"]}}],"collection":[{"href":"https:\/\/logistiikkakeskus.net\/kauppa\/wp-json\/wp\/v2\/product"}],"about":[{"href":"https:\/\/logistiikkakeskus.net\/kauppa\/wp-json\/wp\/v2\/types\/product"}],"replies":[{"embeddable":true,"href":"https:\/\/logistiikkakeskus.net\/kauppa\/wp-json\/wp\/v2\/comments?post=92536"}],"wp:featuredmedia":[{"embeddable":true,"href":"https:\/\/logistiikkakeskus.net\/kauppa\/wp-json\/wp\/v2\/media\/92537"}],"wp:attachment":[{"href":"https:\/\/logistiikkakeskus.net\/kauppa\/wp-json\/wp\/v2\/media?parent=92536"}],"wp:term":[{"taxonomy":"product_brand","embeddable":true,"href":"https:\/\/logistiikkakeskus.net\/kauppa\/wp-json\/wp\/v2\/product_brand?post=92536"},{"taxonomy":"product_cat","embeddable":true,"href":"https:\/\/logistiikkakeskus.net\/kauppa\/wp-json\/wp\/v2\/product_cat?post=92536"},{"taxonomy":"product_tag","embeddable":true,"href":"https:\/\/logistiikkakeskus.net\/kauppa\/wp-json\/wp\/v2\/product_tag?post=92536"}],"curies":[{"name":"wp","href":"https:\/\/api.w.org\/{rel}","templated":true}]}}