{"id":92534,"date":"2025-01-16T13:47:33","date_gmt":"2025-01-16T11:47:33","guid":{"rendered":"https:\/\/logistiikkakeskus.net\/kauppa\/tuote\/kynsiharja-kaksipuoleinen-sini-410va\/"},"modified":"2026-01-20T09:20:08","modified_gmt":"2026-01-20T07:20:08","slug":"kynsiharja-kaksipuoleinen-sini-410va","status":"publish","type":"product","link":"https:\/\/logistiikkakeskus.net\/kauppa\/tuote\/kynsiharja-kaksipuoleinen-sini-410va\/","title":{"rendered":"Kynsiharja, kaksipuoleinen Sini 410VA"},"content":{"rendered":"<p>Kaksipuoleinen kynsiharja 410VA<\/p>\n<p>Kotimainen kaksipuoleinen kynsiharja henkil\u00f6kohtaisen hygienianyll\u00e4pitoon yleisesti ja erityisesti olosuhteisiin miss\u00e4 vaaditaan hyv\u00e4\u00e4hygieniaa<\/p>\n<p><i>Hakusanat: siivousv\u00e4lineet, hoitotarvikkeet, hygienia,k\u00e4sienpesu<\/i><\/p>\n","protected":false},"excerpt":{"rendered":"<p>Kaksipuoleinen kynsiharja 410VA Kotimainen kaksipuoleinen kynsiharja henkil\u00f6kohtaisen hygienianyll\u00e4pitoon yleisesti ja erityisesti olosuhteisiin miss\u00e4 vaaditaan hyv\u00e4\u00e4hygieniaa Hakusanat: siivousv\u00e4lineet, hoitotarvikkeet, hygienia,k\u00e4sienpesu<\/p>\n","protected":false},"featured_media":104493,"comment_status":"open","ping_status":"closed","template":"","meta":[],"product_brand":[],"product_cat":[3279],"product_tag":[],"class_list":{"0":"post-92534","1":"product","2":"type-product","3":"status-publish","4":"has-post-thumbnail","6":"product_cat-hoitotarvikkeet-henkilokohtainen-hygienia-hygieniatarvikkeet","8":"first","9":"instock","10":"shipping-taxable","11":"purchasable","12":"product-type-simple"},"_links":{"self":[{"href":"https:\/\/logistiikkakeskus.net\/kauppa\/wp-json\/wp\/v2\/product\/92534","targetHints":{"allow":["GET"]}}],"collection":[{"href":"https:\/\/logistiikkakeskus.net\/kauppa\/wp-json\/wp\/v2\/product"}],"about":[{"href":"https:\/\/logistiikkakeskus.net\/kauppa\/wp-json\/wp\/v2\/types\/product"}],"replies":[{"embeddable":true,"href":"https:\/\/logistiikkakeskus.net\/kauppa\/wp-json\/wp\/v2\/comments?post=92534"}],"wp:featuredmedia":[{"embeddable":true,"href":"https:\/\/logistiikkakeskus.net\/kauppa\/wp-json\/wp\/v2\/media\/104493"}],"wp:attachment":[{"href":"https:\/\/logistiikkakeskus.net\/kauppa\/wp-json\/wp\/v2\/media?parent=92534"}],"wp:term":[{"taxonomy":"product_brand","embeddable":true,"href":"https:\/\/logistiikkakeskus.net\/kauppa\/wp-json\/wp\/v2\/product_brand?post=92534"},{"taxonomy":"product_cat","embeddable":true,"href":"https:\/\/logistiikkakeskus.net\/kauppa\/wp-json\/wp\/v2\/product_cat?post=92534"},{"taxonomy":"product_tag","embeddable":true,"href":"https:\/\/logistiikkakeskus.net\/kauppa\/wp-json\/wp\/v2\/product_tag?post=92534"}],"curies":[{"name":"wp","href":"https:\/\/api.w.org\/{rel}","templated":true}]}}