{"id":92530,"date":"2025-01-16T13:47:30","date_gmt":"2025-01-16T11:47:30","guid":{"rendered":"https:\/\/logistiikkakeskus.net\/kauppa\/tuote\/pesunesteannostelija-soft-care-line\/"},"modified":"2026-01-20T09:20:08","modified_gmt":"2026-01-20T07:20:08","slug":"pesunesteannostelija-soft-care-line","status":"publish","type":"product","link":"https:\/\/logistiikkakeskus.net\/kauppa\/tuote\/pesunesteannostelija-soft-care-line\/","title":{"rendered":"Pesunesteannostelija Soft Care Line"},"content":{"rendered":"<h2>Soft Care Line-pesunesteannostelija <\/h2>\n<p>Annostelulaitevalmistettu kest\u00e4v\u00e4st\u00e4 ABS-muovista ja se on muotoiltu helposti puhtaanapidett\u00e4v\u00e4ksi. Etuosassa olevasta ikkunasta n\u00e4kyy j\u00e4ljell\u00e4 olevan aineenm\u00e4\u00e4r\u00e4. Yksi painallus antaa n. 1ml pesunestett\u00e4. Mukana kiinnitysruuvitja teippinauhat. Telineeseen kuuluvan pesunesteen koodi 620890. <\/p>\n<p><i><br \/> Toimittajan tuotenro:7514295 Diversey Ltd <br \/>hakusanat:Annostelijat,nestesaippua,telineet V\u00c4LITYSTUOTE<\/i><\/p>\n","protected":false},"excerpt":{"rendered":"<p>Soft Care Line-pesunesteannostelija Annostelulaitevalmistettu kest\u00e4v\u00e4st\u00e4 ABS-muovista ja se on muotoiltu helposti puhtaanapidett\u00e4v\u00e4ksi. Etuosassa olevasta ikkunasta n\u00e4kyy j\u00e4ljell\u00e4 olevan aineenm\u00e4\u00e4r\u00e4. Yksi painallus antaa n. 1ml pesunestett\u00e4. Mukana kiinnitysruuvitja teippinauhat. Telineeseen kuuluvan pesunesteen koodi 620890. Toimittajan tuotenro:7514295 Diversey Ltd hakusanat:Annostelijat,nestesaippua,telineet V\u00c4LITYSTUOTE<\/p>\n","protected":false},"featured_media":104490,"comment_status":"open","ping_status":"closed","template":"","meta":[],"product_brand":[],"product_cat":[3445],"product_tag":[],"class_list":{"0":"post-92530","1":"product","2":"type-product","3":"status-publish","4":"has-post-thumbnail","6":"product_cat-hoitotarvikkeet-annostelijat-astiat-ja-telineet-annostelijat","8":"first","9":"instock","10":"shipping-taxable","11":"purchasable","12":"product-type-simple"},"_links":{"self":[{"href":"https:\/\/logistiikkakeskus.net\/kauppa\/wp-json\/wp\/v2\/product\/92530","targetHints":{"allow":["GET"]}}],"collection":[{"href":"https:\/\/logistiikkakeskus.net\/kauppa\/wp-json\/wp\/v2\/product"}],"about":[{"href":"https:\/\/logistiikkakeskus.net\/kauppa\/wp-json\/wp\/v2\/types\/product"}],"replies":[{"embeddable":true,"href":"https:\/\/logistiikkakeskus.net\/kauppa\/wp-json\/wp\/v2\/comments?post=92530"}],"wp:featuredmedia":[{"embeddable":true,"href":"https:\/\/logistiikkakeskus.net\/kauppa\/wp-json\/wp\/v2\/media\/104490"}],"wp:attachment":[{"href":"https:\/\/logistiikkakeskus.net\/kauppa\/wp-json\/wp\/v2\/media?parent=92530"}],"wp:term":[{"taxonomy":"product_brand","embeddable":true,"href":"https:\/\/logistiikkakeskus.net\/kauppa\/wp-json\/wp\/v2\/product_brand?post=92530"},{"taxonomy":"product_cat","embeddable":true,"href":"https:\/\/logistiikkakeskus.net\/kauppa\/wp-json\/wp\/v2\/product_cat?post=92530"},{"taxonomy":"product_tag","embeddable":true,"href":"https:\/\/logistiikkakeskus.net\/kauppa\/wp-json\/wp\/v2\/product_tag?post=92530"}],"curies":[{"name":"wp","href":"https:\/\/api.w.org\/{rel}","templated":true}]}}