{"id":92528,"date":"2025-01-16T13:47:14","date_gmt":"2025-01-16T11:47:14","guid":{"rendered":"https:\/\/logistiikkakeskus.net\/kauppa\/tuote\/lattiateline-katrin-teollisuuspyyhe\/"},"modified":"2026-01-20T09:20:05","modified_gmt":"2026-01-20T07:20:05","slug":"lattiateline-katrin-teollisuuspyyhe","status":"publish","type":"product","link":"https:\/\/logistiikkakeskus.net\/kauppa\/tuote\/lattiateline-katrin-teollisuuspyyhe\/","title":{"rendered":"Lattiateline Katrin (teollisuuspyyhe)"},"content":{"rendered":"<p>Katrin lattiateline 999309Tukeva lattia-annostelija Katrin teollisuuspyyherullilleRullan leveys enint. 33 cmHelppo liikuttaa telineen py\u00f6rien ansiostaMetallia, suuri kapasiteettiErityisesti teollisuusk\u00e4ytt\u00f6\u00f6n<\/p>\n","protected":false},"excerpt":{"rendered":"<p>Katrin lattiateline 999309Tukeva lattia-annostelija Katrin teollisuuspyyherullilleRullan leveys enint. 33 cmHelppo liikuttaa telineen py\u00f6rien ansiostaMetallia, suuri kapasiteettiErityisesti teollisuusk\u00e4ytt\u00f6\u00f6n<\/p>\n","protected":false},"featured_media":104463,"comment_status":"open","ping_status":"closed","template":"","meta":[],"product_brand":[],"product_cat":[45],"product_tag":[],"class_list":{"0":"post-92528","1":"product","2":"type-product","3":"status-publish","4":"has-post-thumbnail","6":"product_cat-siivousvalineet-ja-tarvikkeet-muut-siivoustarvikkeet-muut-siivoustarvikkeet","8":"first","9":"instock","10":"shipping-taxable","11":"purchasable","12":"product-type-simple"},"_links":{"self":[{"href":"https:\/\/logistiikkakeskus.net\/kauppa\/wp-json\/wp\/v2\/product\/92528","targetHints":{"allow":["GET"]}}],"collection":[{"href":"https:\/\/logistiikkakeskus.net\/kauppa\/wp-json\/wp\/v2\/product"}],"about":[{"href":"https:\/\/logistiikkakeskus.net\/kauppa\/wp-json\/wp\/v2\/types\/product"}],"replies":[{"embeddable":true,"href":"https:\/\/logistiikkakeskus.net\/kauppa\/wp-json\/wp\/v2\/comments?post=92528"}],"wp:featuredmedia":[{"embeddable":true,"href":"https:\/\/logistiikkakeskus.net\/kauppa\/wp-json\/wp\/v2\/media\/104463"}],"wp:attachment":[{"href":"https:\/\/logistiikkakeskus.net\/kauppa\/wp-json\/wp\/v2\/media?parent=92528"}],"wp:term":[{"taxonomy":"product_brand","embeddable":true,"href":"https:\/\/logistiikkakeskus.net\/kauppa\/wp-json\/wp\/v2\/product_brand?post=92528"},{"taxonomy":"product_cat","embeddable":true,"href":"https:\/\/logistiikkakeskus.net\/kauppa\/wp-json\/wp\/v2\/product_cat?post=92528"},{"taxonomy":"product_tag","embeddable":true,"href":"https:\/\/logistiikkakeskus.net\/kauppa\/wp-json\/wp\/v2\/product_tag?post=92528"}],"curies":[{"name":"wp","href":"https:\/\/api.w.org\/{rel}","templated":true}]}}