{"id":92459,"date":"2025-01-16T13:40:48","date_gmt":"2025-01-16T11:40:48","guid":{"rendered":"https:\/\/logistiikkakeskus.net\/kauppa\/tuote\/kengannauha-mustaharmaa-120-cm\/"},"modified":"2026-01-20T09:19:33","modified_gmt":"2026-01-20T07:19:33","slug":"kengannauha-mustaharmaa-120-cm","status":"publish","type":"product","link":"https:\/\/logistiikkakeskus.net\/kauppa\/tuote\/kengannauha-mustaharmaa-120-cm\/","title":{"rendered":"Keng\u00e4nnauha musta\/harmaa 150 cm"},"content":{"rendered":"<p>Kuumuutta kest\u00e4v\u00e4 Nomex-vahvisteinen keng\u00e4nnauha. Soveltuu mm. hitsaus-ja hiomaroiskeita sis\u00e4lt\u00e4v\u00e4\u00e4n ty\u00f6h\u00f6n.<\/p>\n","protected":false},"excerpt":{"rendered":"<p>Kuumuutta kest\u00e4v\u00e4 Nomex-vahvisteinen keng\u00e4nnauha. Soveltuu mm. hitsaus-ja hiomaroiskeita sis\u00e4lt\u00e4v\u00e4\u00e4n ty\u00f6h\u00f6n.<\/p>\n","protected":false},"featured_media":104185,"comment_status":"open","ping_status":"closed","template":"","meta":[],"product_brand":[],"product_cat":[3334],"product_tag":[],"class_list":{"0":"post-92459","1":"product","2":"type-product","3":"status-publish","4":"has-post-thumbnail","6":"product_cat-vaatteet-jalkineet-tarvikkeet-ja-kenganhoitotuotteet","8":"first","9":"instock","10":"shipping-taxable","11":"purchasable","12":"product-type-simple"},"_links":{"self":[{"href":"https:\/\/logistiikkakeskus.net\/kauppa\/wp-json\/wp\/v2\/product\/92459","targetHints":{"allow":["GET"]}}],"collection":[{"href":"https:\/\/logistiikkakeskus.net\/kauppa\/wp-json\/wp\/v2\/product"}],"about":[{"href":"https:\/\/logistiikkakeskus.net\/kauppa\/wp-json\/wp\/v2\/types\/product"}],"replies":[{"embeddable":true,"href":"https:\/\/logistiikkakeskus.net\/kauppa\/wp-json\/wp\/v2\/comments?post=92459"}],"wp:featuredmedia":[{"embeddable":true,"href":"https:\/\/logistiikkakeskus.net\/kauppa\/wp-json\/wp\/v2\/media\/104185"}],"wp:attachment":[{"href":"https:\/\/logistiikkakeskus.net\/kauppa\/wp-json\/wp\/v2\/media?parent=92459"}],"wp:term":[{"taxonomy":"product_brand","embeddable":true,"href":"https:\/\/logistiikkakeskus.net\/kauppa\/wp-json\/wp\/v2\/product_brand?post=92459"},{"taxonomy":"product_cat","embeddable":true,"href":"https:\/\/logistiikkakeskus.net\/kauppa\/wp-json\/wp\/v2\/product_cat?post=92459"},{"taxonomy":"product_tag","embeddable":true,"href":"https:\/\/logistiikkakeskus.net\/kauppa\/wp-json\/wp\/v2\/product_tag?post=92459"}],"curies":[{"name":"wp","href":"https:\/\/api.w.org\/{rel}","templated":true}]}}