{"id":92421,"date":"2025-01-16T13:35:19","date_gmt":"2025-01-16T11:35:19","guid":{"rendered":"https:\/\/logistiikkakeskus.net\/kauppa\/tuote\/tyojalkine-jalas-spoc-5342-37\/"},"modified":"2026-01-20T09:18:39","modified_gmt":"2026-01-20T07:18:39","slug":"tyojalkine-jalas-spoc-5342-37","status":"publish","type":"product","link":"https:\/\/logistiikkakeskus.net\/kauppa\/tuote\/tyojalkine-jalas-spoc-5342-37\/","title":{"rendered":"Ty\u00f6jalkine Jalas Spoc 5342 37"},"content":{"rendered":"<p>Tilaustuote. Tilaustuotteella on normaalia pidempitoimitusaika.Tilaustuotteella ei ole palautusoikeutta.<\/p>\n<p>Jalas Spoc 5342 pintanahkainen ty\u00f6kenk\u00e4 toimistoon,siivoukseen,hoiva-alalle, hotelliin, ravintolaan, elektronikka-alalle,terveydenhuoltoon, turvallisuus- ja poliisihommiin. Nahkamalli kest\u00e4\u00e4roiskeita ja on helppo pyyhki\u00e4 puhtaaksi. Antistaattiset ominaisuudet jaESD-suojaus t\u00e4ytt\u00e4v\u00e4t standardin (IEC61340-5-1) vaatimukset.Nitriilikuminen ulkopohja pit\u00e4\u00e4 m\u00e4rill\u00e4 ja liukkailla alustoilla. Iskujavaimentava pohjallinen vakiona. Lesti: normaali<\/p>\n<p>Hakusanat: ty\u00f6keng\u00e4t, nahkakeng\u00e4t<\/p>\n","protected":false},"excerpt":{"rendered":"<p>Tilaustuote. Tilaustuotteella on normaalia pidempitoimitusaika.Tilaustuotteella ei ole palautusoikeutta. Jalas Spoc 5342 pintanahkainen ty\u00f6kenk\u00e4 toimistoon,siivoukseen,hoiva-alalle, hotelliin, ravintolaan, elektronikka-alalle,terveydenhuoltoon, turvallisuus- ja poliisihommiin. Nahkamalli kest\u00e4\u00e4roiskeita ja on helppo pyyhki\u00e4 puhtaaksi. Antistaattiset ominaisuudet jaESD-suojaus t\u00e4ytt\u00e4v\u00e4t standardin (IEC61340-5-1) vaatimukset.Nitriilikuminen ulkopohja pit\u00e4\u00e4 m\u00e4rill\u00e4 ja liukkailla alustoilla. Iskujavaimentava pohjallinen vakiona. Lesti: normaali Hakusanat: ty\u00f6keng\u00e4t, nahkakeng\u00e4t<\/p>\n","protected":false},"featured_media":92422,"comment_status":"open","ping_status":"closed","template":"","meta":[],"product_brand":[],"product_cat":[3519],"product_tag":[],"class_list":{"0":"post-92421","1":"product","2":"type-product","3":"status-publish","4":"has-post-thumbnail","6":"product_cat-henkilonsuojaimet-ja-tyoturvallisuus-jalkineet-tyokengat","8":"first","9":"instock","10":"shipping-taxable","11":"purchasable","12":"product-type-simple"},"_links":{"self":[{"href":"https:\/\/logistiikkakeskus.net\/kauppa\/wp-json\/wp\/v2\/product\/92421","targetHints":{"allow":["GET"]}}],"collection":[{"href":"https:\/\/logistiikkakeskus.net\/kauppa\/wp-json\/wp\/v2\/product"}],"about":[{"href":"https:\/\/logistiikkakeskus.net\/kauppa\/wp-json\/wp\/v2\/types\/product"}],"replies":[{"embeddable":true,"href":"https:\/\/logistiikkakeskus.net\/kauppa\/wp-json\/wp\/v2\/comments?post=92421"}],"wp:featuredmedia":[{"embeddable":true,"href":"https:\/\/logistiikkakeskus.net\/kauppa\/wp-json\/wp\/v2\/media\/92422"}],"wp:attachment":[{"href":"https:\/\/logistiikkakeskus.net\/kauppa\/wp-json\/wp\/v2\/media?parent=92421"}],"wp:term":[{"taxonomy":"product_brand","embeddable":true,"href":"https:\/\/logistiikkakeskus.net\/kauppa\/wp-json\/wp\/v2\/product_brand?post=92421"},{"taxonomy":"product_cat","embeddable":true,"href":"https:\/\/logistiikkakeskus.net\/kauppa\/wp-json\/wp\/v2\/product_cat?post=92421"},{"taxonomy":"product_tag","embeddable":true,"href":"https:\/\/logistiikkakeskus.net\/kauppa\/wp-json\/wp\/v2\/product_tag?post=92421"}],"curies":[{"name":"wp","href":"https:\/\/api.w.org\/{rel}","templated":true}]}}