{"id":92272,"date":"2025-01-16T13:10:04","date_gmt":"2025-01-16T11:10:04","guid":{"rendered":"https:\/\/logistiikkakeskus.net\/kauppa\/tuote\/heijastinvaljaat-keltaiset\/"},"modified":"2026-01-20T09:15:54","modified_gmt":"2026-01-20T07:15:54","slug":"heijastinvaljaat-keltaiset","status":"publish","type":"product","link":"https:\/\/logistiikkakeskus.net\/kauppa\/tuote\/heijastinvaljaat-keltaiset\/","title":{"rendered":"Heijastinvaljaat, keltaiset"},"content":{"rendered":"<ul>\n<li>Materiaali: 100 % polyesteri\n<li>S\u00e4\u00e4dett\u00e4v\u00e4t<\/ul>\n<p><i>Hakusanat: huomioliivi, turvaliivi, heijastusliivi<\/i><\/p>\n","protected":false},"excerpt":{"rendered":"<p>Materiaali: 100 % polyesteri S\u00e4\u00e4dett\u00e4v\u00e4t Hakusanat: huomioliivi, turvaliivi, heijastusliivi<\/p>\n","protected":false},"featured_media":102180,"comment_status":"open","ping_status":"closed","template":"","meta":[],"product_brand":[],"product_cat":[3302],"product_tag":[],"class_list":{"0":"post-92272","1":"product","2":"type-product","3":"status-publish","4":"has-post-thumbnail","6":"product_cat-sekalaiset-tarvikkeet-tekstiilit-vaatetus","8":"first","9":"instock","10":"shipping-taxable","11":"purchasable","12":"product-type-simple"},"_links":{"self":[{"href":"https:\/\/logistiikkakeskus.net\/kauppa\/wp-json\/wp\/v2\/product\/92272","targetHints":{"allow":["GET"]}}],"collection":[{"href":"https:\/\/logistiikkakeskus.net\/kauppa\/wp-json\/wp\/v2\/product"}],"about":[{"href":"https:\/\/logistiikkakeskus.net\/kauppa\/wp-json\/wp\/v2\/types\/product"}],"replies":[{"embeddable":true,"href":"https:\/\/logistiikkakeskus.net\/kauppa\/wp-json\/wp\/v2\/comments?post=92272"}],"wp:featuredmedia":[{"embeddable":true,"href":"https:\/\/logistiikkakeskus.net\/kauppa\/wp-json\/wp\/v2\/media\/102180"}],"wp:attachment":[{"href":"https:\/\/logistiikkakeskus.net\/kauppa\/wp-json\/wp\/v2\/media?parent=92272"}],"wp:term":[{"taxonomy":"product_brand","embeddable":true,"href":"https:\/\/logistiikkakeskus.net\/kauppa\/wp-json\/wp\/v2\/product_brand?post=92272"},{"taxonomy":"product_cat","embeddable":true,"href":"https:\/\/logistiikkakeskus.net\/kauppa\/wp-json\/wp\/v2\/product_cat?post=92272"},{"taxonomy":"product_tag","embeddable":true,"href":"https:\/\/logistiikkakeskus.net\/kauppa\/wp-json\/wp\/v2\/product_tag?post=92272"}],"curies":[{"name":"wp","href":"https:\/\/api.w.org\/{rel}","templated":true}]}}