{"id":92264,"date":"2025-01-16T13:09:37","date_gmt":"2025-01-16T11:09:37","guid":{"rendered":"https:\/\/logistiikkakeskus.net\/kauppa\/tuote\/hihalauta-sini-ode-7530\/"},"modified":"2026-01-20T09:15:50","modified_gmt":"2026-01-20T07:15:50","slug":"hihalauta-sini-ode-7530","status":"publish","type":"product","link":"https:\/\/logistiikkakeskus.net\/kauppa\/tuote\/hihalauta-sini-ode-7530\/","title":{"rendered":"Hihalauta SINI Ode 7530"},"content":{"rendered":"<p>Ode on kokoontaitettava, hihojen silitt\u00e4miseen muotoiltu silityslauta.Tukevassa SINI Ode-hihalaudassa on luistamattomat jalat ja se onp\u00e4\u00e4llystetty paksulla puuvillakankaalla.<\/p>\n","protected":false},"excerpt":{"rendered":"<p>Ode on kokoontaitettava, hihojen silitt\u00e4miseen muotoiltu silityslauta.Tukevassa SINI Ode-hihalaudassa on luistamattomat jalat ja se onp\u00e4\u00e4llystetty paksulla puuvillakankaalla.<\/p>\n","protected":false},"featured_media":102136,"comment_status":"open","ping_status":"closed","template":"","meta":[],"product_brand":[],"product_cat":[45],"product_tag":[],"class_list":{"0":"post-92264","1":"product","2":"type-product","3":"status-publish","4":"has-post-thumbnail","6":"product_cat-siivousvalineet-ja-tarvikkeet-muut-siivoustarvikkeet-muut-siivoustarvikkeet","8":"first","9":"instock","10":"shipping-taxable","11":"purchasable","12":"product-type-simple"},"_links":{"self":[{"href":"https:\/\/logistiikkakeskus.net\/kauppa\/wp-json\/wp\/v2\/product\/92264","targetHints":{"allow":["GET"]}}],"collection":[{"href":"https:\/\/logistiikkakeskus.net\/kauppa\/wp-json\/wp\/v2\/product"}],"about":[{"href":"https:\/\/logistiikkakeskus.net\/kauppa\/wp-json\/wp\/v2\/types\/product"}],"replies":[{"embeddable":true,"href":"https:\/\/logistiikkakeskus.net\/kauppa\/wp-json\/wp\/v2\/comments?post=92264"}],"wp:featuredmedia":[{"embeddable":true,"href":"https:\/\/logistiikkakeskus.net\/kauppa\/wp-json\/wp\/v2\/media\/102136"}],"wp:attachment":[{"href":"https:\/\/logistiikkakeskus.net\/kauppa\/wp-json\/wp\/v2\/media?parent=92264"}],"wp:term":[{"taxonomy":"product_brand","embeddable":true,"href":"https:\/\/logistiikkakeskus.net\/kauppa\/wp-json\/wp\/v2\/product_brand?post=92264"},{"taxonomy":"product_cat","embeddable":true,"href":"https:\/\/logistiikkakeskus.net\/kauppa\/wp-json\/wp\/v2\/product_cat?post=92264"},{"taxonomy":"product_tag","embeddable":true,"href":"https:\/\/logistiikkakeskus.net\/kauppa\/wp-json\/wp\/v2\/product_tag?post=92264"}],"curies":[{"name":"wp","href":"https:\/\/api.w.org\/{rel}","templated":true}]}}