{"id":92262,"date":"2025-01-16T13:09:36","date_gmt":"2025-01-16T11:09:36","guid":{"rendered":"https:\/\/logistiikkakeskus.net\/kauppa\/tuote\/hoyrysilityslauta-sini-silverline-9400\/"},"modified":"2026-01-20T09:15:50","modified_gmt":"2026-01-20T07:15:50","slug":"hoyrysilityslauta-sini-silverline-9400","status":"publish","type":"product","link":"https:\/\/logistiikkakeskus.net\/kauppa\/tuote\/hoyrysilityslauta-sini-silverline-9400\/","title":{"rendered":"H\u00f6yrysilityslauta SINI Silverline 9400"},"content":{"rendered":"<p>SINI Silverline h\u00f6yrysilityslaudan jalat lukkiutuvat paikalleen, eiv\u00e4tk\u00e4kaatuile s\u00e4ilytyksess\u00e4k\u00e4\u00e4n. Laudassa olevan s\u00e4\u00e4t\u00f6vivun avulla korkeudenvoi s\u00e4\u00e4t\u00e4\u00e4 portaattomasti jopa 97 cm korkeudelle asti. Lauta sopii my\u00f6sistualtaan silitt\u00e4miseen.SINI silityslaudanp\u00e4\u00e4llisille on my\u00f6nnetty \u00d6ko-Tex -sertifikaatti. \u00d6ko-Tex on kansainv\u00e4linen tekstiilien testaus- ja sertifiointij\u00e4rjestelm\u00e4,joka takaa, etteiv\u00e4t p\u00e4\u00e4lliset sis\u00e4ll\u00e4 terveydelle vaarallisia aineita.Koko 38&#215;120 cm<\/p>\n","protected":false},"excerpt":{"rendered":"<p>SINI Silverline h\u00f6yrysilityslaudan jalat lukkiutuvat paikalleen, eiv\u00e4tk\u00e4kaatuile s\u00e4ilytyksess\u00e4k\u00e4\u00e4n. Laudassa olevan s\u00e4\u00e4t\u00f6vivun avulla korkeudenvoi s\u00e4\u00e4t\u00e4\u00e4 portaattomasti jopa 97 cm korkeudelle asti. Lauta sopii my\u00f6sistualtaan silitt\u00e4miseen.SINI silityslaudanp\u00e4\u00e4llisille on my\u00f6nnetty \u00d6ko-Tex -sertifikaatti. \u00d6ko-Tex on kansainv\u00e4linen tekstiilien testaus- ja sertifiointij\u00e4rjestelm\u00e4,joka takaa, etteiv\u00e4t p\u00e4\u00e4lliset sis\u00e4ll\u00e4 terveydelle vaarallisia aineita.Koko 38&#215;120 cm<\/p>\n","protected":false},"featured_media":102135,"comment_status":"open","ping_status":"closed","template":"","meta":[],"product_brand":[],"product_cat":[45],"product_tag":[],"class_list":{"0":"post-92262","1":"product","2":"type-product","3":"status-publish","4":"has-post-thumbnail","6":"product_cat-siivousvalineet-ja-tarvikkeet-muut-siivoustarvikkeet-muut-siivoustarvikkeet","8":"first","9":"instock","10":"shipping-taxable","11":"purchasable","12":"product-type-simple"},"_links":{"self":[{"href":"https:\/\/logistiikkakeskus.net\/kauppa\/wp-json\/wp\/v2\/product\/92262","targetHints":{"allow":["GET"]}}],"collection":[{"href":"https:\/\/logistiikkakeskus.net\/kauppa\/wp-json\/wp\/v2\/product"}],"about":[{"href":"https:\/\/logistiikkakeskus.net\/kauppa\/wp-json\/wp\/v2\/types\/product"}],"replies":[{"embeddable":true,"href":"https:\/\/logistiikkakeskus.net\/kauppa\/wp-json\/wp\/v2\/comments?post=92262"}],"wp:featuredmedia":[{"embeddable":true,"href":"https:\/\/logistiikkakeskus.net\/kauppa\/wp-json\/wp\/v2\/media\/102135"}],"wp:attachment":[{"href":"https:\/\/logistiikkakeskus.net\/kauppa\/wp-json\/wp\/v2\/media?parent=92262"}],"wp:term":[{"taxonomy":"product_brand","embeddable":true,"href":"https:\/\/logistiikkakeskus.net\/kauppa\/wp-json\/wp\/v2\/product_brand?post=92262"},{"taxonomy":"product_cat","embeddable":true,"href":"https:\/\/logistiikkakeskus.net\/kauppa\/wp-json\/wp\/v2\/product_cat?post=92262"},{"taxonomy":"product_tag","embeddable":true,"href":"https:\/\/logistiikkakeskus.net\/kauppa\/wp-json\/wp\/v2\/product_tag?post=92262"}],"curies":[{"name":"wp","href":"https:\/\/api.w.org\/{rel}","templated":true}]}}