{"id":92224,"date":"2025-01-16T13:04:58","date_gmt":"2025-01-16T11:04:58","guid":{"rendered":"https:\/\/logistiikkakeskus.net\/kauppa\/tuote\/usb-muistitikku-32gt-salaava\/"},"modified":"2026-01-20T09:14:59","modified_gmt":"2026-01-20T07:14:59","slug":"usb-muistitikku-32gt-salaava","status":"publish","type":"product","link":"https:\/\/logistiikkakeskus.net\/kauppa\/tuote\/usb-muistitikku-32gt-salaava\/","title":{"rendered":"USB-muistitikku 32Gt, salaava"},"content":{"rendered":"<p>SanDisk Ultra USB 3.0 Flash Drive &#8211; 32Gt<\/p>\n<ul>\n<li>USB 3.0 (lukunopeus <130Mb\/s)\n\n<li>Salasanasuojaus, sis\u00e4\u00e4nvedett\u00e4v\u00e4 liitin, avainrengas\n<li>Salaus: 128-bit AES\n<li>Mukana tulevat ohjelmistot: SanDisk RescuePRO, SanDiskSecureAccess\n<li>5 vuoden takuu<\/ul>\n<p><b>HUOM! Salauksen k\u00e4ytt\u00f6\u00f6notto Helsingin kaupungintietokoneissavaatii tukipyynn\u00f6n Stadin Helpdeskiin.<\/b><\/p>\n","protected":false},"excerpt":{"rendered":"<p>SanDisk Ultra USB 3.0 Flash Drive &#8211; 32Gt USB 3.0 (lukunopeus<\/p>\n","protected":false},"featured_media":101658,"comment_status":"open","ping_status":"closed","template":"","meta":[],"product_brand":[],"product_cat":[3254],"product_tag":[],"class_list":{"0":"post-92224","1":"product","2":"type-product","3":"status-publish","4":"has-post-thumbnail","6":"product_cat-it-toimisto-sahkolaitteet-ja-tarv-tallennusmediat-usb-muistit","8":"first","9":"instock","10":"shipping-taxable","11":"purchasable","12":"product-type-simple"},"_links":{"self":[{"href":"https:\/\/logistiikkakeskus.net\/kauppa\/wp-json\/wp\/v2\/product\/92224","targetHints":{"allow":["GET"]}}],"collection":[{"href":"https:\/\/logistiikkakeskus.net\/kauppa\/wp-json\/wp\/v2\/product"}],"about":[{"href":"https:\/\/logistiikkakeskus.net\/kauppa\/wp-json\/wp\/v2\/types\/product"}],"replies":[{"embeddable":true,"href":"https:\/\/logistiikkakeskus.net\/kauppa\/wp-json\/wp\/v2\/comments?post=92224"}],"wp:featuredmedia":[{"embeddable":true,"href":"https:\/\/logistiikkakeskus.net\/kauppa\/wp-json\/wp\/v2\/media\/101658"}],"wp:attachment":[{"href":"https:\/\/logistiikkakeskus.net\/kauppa\/wp-json\/wp\/v2\/media?parent=92224"}],"wp:term":[{"taxonomy":"product_brand","embeddable":true,"href":"https:\/\/logistiikkakeskus.net\/kauppa\/wp-json\/wp\/v2\/product_brand?post=92224"},{"taxonomy":"product_cat","embeddable":true,"href":"https:\/\/logistiikkakeskus.net\/kauppa\/wp-json\/wp\/v2\/product_cat?post=92224"},{"taxonomy":"product_tag","embeddable":true,"href":"https:\/\/logistiikkakeskus.net\/kauppa\/wp-json\/wp\/v2\/product_tag?post=92224"}],"curies":[{"name":"wp","href":"https:\/\/api.w.org\/{rel}","templated":true}]}}