{"id":92219,"date":"2025-01-16T13:03:35","date_gmt":"2025-01-16T11:03:35","guid":{"rendered":"https:\/\/logistiikkakeskus.net\/kauppa\/tuote\/lenovo-privacy-filter-27-169\/"},"modified":"2026-01-20T09:14:47","modified_gmt":"2026-01-20T07:14:47","slug":"lenovo-privacy-filter-27-169","status":"publish","type":"product","link":"https:\/\/logistiikkakeskus.net\/kauppa\/tuote\/lenovo-privacy-filter-27-169\/","title":{"rendered":"LENOVO PRIVACY FILTER 27&#8243; 16:9"},"content":{"rendered":"<p>Lenovo Monitor Privacy Filter 3M -tietoturvasuoja suojaa n\u00e4ytt\u00f6sisis\u00e4lt\u00f6\u00e4 ulkopuolisten katseilta. Toisella puolella kiilt\u00e4v\u00e4 pinta jatoisella puolella matta pinta.Teippikiinnitys.Yhteensopivat n\u00e4yt\u00f6t:Lenovo Thinkvision E27q-20 #62D0Lenovo Thinkvision P27h-10 #61AFLenovo Thinkvision T27h-20 #61ECLenovo Thinkvision T27h-2L #62B1Lenovo Thinkvision T27hv-20 #62A9Lenovo Thinkvision T27q-20 #61EDLenovo Thinkvision T27i-10 #61C6Lenovo Thinkvision T27i-30 #63B9Lenovo Thinkvision TIO 27 #11JHLenovo Thinkvision T27H-30 #63A3Lenovo Thinkvision P27H-20 #61E9 *Lenovo Thinkvision P27H-30 #63A1 *Lenovo Thinkvision P27Q-20 #61EA *Lenovo Thinkvision P27Q-30 #63A2 **Huom! Kalvo peitt\u00e4\u00e4 n\u00e4kyv\u00e4n kuva-alan, n\u00e4yt\u00f6n kehyksen ja kalvon v\u00e4liinj\u00e4\u00e4 pieni rako. Huomioi t\u00e4m\u00e4 kalvon asemoinnissa (teippikiinnitys).<\/p>\n","protected":false},"excerpt":{"rendered":"<p>Lenovo Monitor Privacy Filter 3M -tietoturvasuoja suojaa n\u00e4ytt\u00f6sisis\u00e4lt\u00f6\u00e4 ulkopuolisten katseilta. Toisella puolella kiilt\u00e4v\u00e4 pinta jatoisella puolella matta pinta.Teippikiinnitys.Yhteensopivat n\u00e4yt\u00f6t:Lenovo Thinkvision E27q-20 #62D0Lenovo Thinkvision P27h-10 #61AFLenovo Thinkvision T27h-20 #61ECLenovo Thinkvision T27h-2L #62B1Lenovo Thinkvision T27hv-20 #62A9Lenovo Thinkvision T27q-20 #61EDLenovo Thinkvision T27i-10 #61C6Lenovo Thinkvision T27i-30 #63B9Lenovo Thinkvision TIO 27 #11JHLenovo Thinkvision T27H-30 #63A3Lenovo Thinkvision P27H-20 #61E9 *Lenovo Thinkvision [&hellip;]<\/p>\n","protected":false},"featured_media":101513,"comment_status":"open","ping_status":"closed","template":"","meta":[],"product_brand":[],"product_cat":[3248],"product_tag":[],"class_list":{"0":"post-92219","1":"product","2":"type-product","3":"status-publish","4":"has-post-thumbnail","6":"product_cat-it-toimisto-sahkolaitteet-ja-tarv-it-tarvikkeet-nayttosuojat","8":"first","9":"instock","10":"shipping-taxable","11":"purchasable","12":"product-type-simple"},"_links":{"self":[{"href":"https:\/\/logistiikkakeskus.net\/kauppa\/wp-json\/wp\/v2\/product\/92219","targetHints":{"allow":["GET"]}}],"collection":[{"href":"https:\/\/logistiikkakeskus.net\/kauppa\/wp-json\/wp\/v2\/product"}],"about":[{"href":"https:\/\/logistiikkakeskus.net\/kauppa\/wp-json\/wp\/v2\/types\/product"}],"replies":[{"embeddable":true,"href":"https:\/\/logistiikkakeskus.net\/kauppa\/wp-json\/wp\/v2\/comments?post=92219"}],"wp:featuredmedia":[{"embeddable":true,"href":"https:\/\/logistiikkakeskus.net\/kauppa\/wp-json\/wp\/v2\/media\/101513"}],"wp:attachment":[{"href":"https:\/\/logistiikkakeskus.net\/kauppa\/wp-json\/wp\/v2\/media?parent=92219"}],"wp:term":[{"taxonomy":"product_brand","embeddable":true,"href":"https:\/\/logistiikkakeskus.net\/kauppa\/wp-json\/wp\/v2\/product_brand?post=92219"},{"taxonomy":"product_cat","embeddable":true,"href":"https:\/\/logistiikkakeskus.net\/kauppa\/wp-json\/wp\/v2\/product_cat?post=92219"},{"taxonomy":"product_tag","embeddable":true,"href":"https:\/\/logistiikkakeskus.net\/kauppa\/wp-json\/wp\/v2\/product_tag?post=92219"}],"curies":[{"name":"wp","href":"https:\/\/api.w.org\/{rel}","templated":true}]}}