{"id":92202,"date":"2025-01-16T12:57:14","date_gmt":"2025-01-16T10:57:14","guid":{"rendered":"https:\/\/logistiikkakeskus.net\/kauppa\/tuote\/poljinroskis-acadia-2-x-30-litraa\/"},"modified":"2026-01-20T09:13:33","modified_gmt":"2026-01-20T07:13:33","slug":"poljinroskis-acadia-2-x-30-litraa","status":"publish","type":"product","link":"https:\/\/logistiikkakeskus.net\/kauppa\/tuote\/poljinroskis-acadia-2-x-30-litraa\/","title":{"rendered":"Poljinroskis ACADIA, 2 x 30 litraa"},"content":{"rendered":"<p>Poljinroskiksessa on irrotettavat sis\u00e4s\u00e4ili\u00f6t, joissa on kahvathelppoa tyhjent\u00e4mist\u00e4 ja puhdistamista varten, sek\u00e4 polkimet avaamistavarten. Polkimen k\u00e4ytt\u00f6 on hygieenist\u00e4, sill\u00e4 roska-astiaan ei tarvitsekoskea k\u00e4sin.<\/p>\n<ul>\n<li>2 x 30 litran astiaa\n<li>Ruostumatonta ter\u00e4st\u00e4\n<li>Irrotettavat sis\u00e4s\u00e4ili\u00f6t<\/ul>\n<p><i>Hakusanat: roskakorit, roskis, j\u00e4teastia, roska-astia,roskikset,lajittelu<\/i><\/p>\n","protected":false},"excerpt":{"rendered":"<p>Poljinroskiksessa on irrotettavat sis\u00e4s\u00e4ili\u00f6t, joissa on kahvathelppoa tyhjent\u00e4mist\u00e4 ja puhdistamista varten, sek\u00e4 polkimet avaamistavarten. Polkimen k\u00e4ytt\u00f6 on hygieenist\u00e4, sill\u00e4 roska-astiaan ei tarvitsekoskea k\u00e4sin. 2 x 30 litran astiaa Ruostumatonta ter\u00e4st\u00e4 Irrotettavat sis\u00e4s\u00e4ili\u00f6t Hakusanat: roskakorit, roskis, j\u00e4teastia, roska-astia,roskikset,lajittelu<\/p>\n","protected":false},"featured_media":0,"comment_status":"open","ping_status":"closed","template":"","meta":[],"product_brand":[],"product_cat":[3137],"product_tag":[],"class_list":{"0":"post-92202","1":"product","2":"type-product","3":"status-publish","5":"product_cat-siivousvalineet-ja-tarvikkeet-jateastiat-poljinkannella","7":"first","8":"instock","9":"shipping-taxable","10":"purchasable","11":"product-type-simple"},"_links":{"self":[{"href":"https:\/\/logistiikkakeskus.net\/kauppa\/wp-json\/wp\/v2\/product\/92202","targetHints":{"allow":["GET"]}}],"collection":[{"href":"https:\/\/logistiikkakeskus.net\/kauppa\/wp-json\/wp\/v2\/product"}],"about":[{"href":"https:\/\/logistiikkakeskus.net\/kauppa\/wp-json\/wp\/v2\/types\/product"}],"replies":[{"embeddable":true,"href":"https:\/\/logistiikkakeskus.net\/kauppa\/wp-json\/wp\/v2\/comments?post=92202"}],"wp:attachment":[{"href":"https:\/\/logistiikkakeskus.net\/kauppa\/wp-json\/wp\/v2\/media?parent=92202"}],"wp:term":[{"taxonomy":"product_brand","embeddable":true,"href":"https:\/\/logistiikkakeskus.net\/kauppa\/wp-json\/wp\/v2\/product_brand?post=92202"},{"taxonomy":"product_cat","embeddable":true,"href":"https:\/\/logistiikkakeskus.net\/kauppa\/wp-json\/wp\/v2\/product_cat?post=92202"},{"taxonomy":"product_tag","embeddable":true,"href":"https:\/\/logistiikkakeskus.net\/kauppa\/wp-json\/wp\/v2\/product_tag?post=92202"}],"curies":[{"name":"wp","href":"https:\/\/api.w.org\/{rel}","templated":true}]}}