{"id":92196,"date":"2025-01-16T12:57:13","date_gmt":"2025-01-16T10:57:13","guid":{"rendered":"https:\/\/logistiikkakeskus.net\/kauppa\/tuote\/jateastia-vileda-hera-85l-musta\/"},"modified":"2025-10-15T10:12:49","modified_gmt":"2025-10-15T07:12:49","slug":"jateastia-vileda-hera-85l-musta","status":"publish","type":"product","link":"https:\/\/logistiikkakeskus.net\/kauppa\/tuote\/jateastia-vileda-hera-85l-musta\/","title":{"rendered":"J\u00e4teastia Vileda Hera 85L, musta"},"content":{"rendered":"<p>Polkimellinen ja kannellinen Vileda Hera roska-astia vastaaHACCP-vaatimuksia, jossa k\u00e4sikosketusta astiaan on v\u00e4ltett\u00e4v\u00e4. Ihanteellinenesimerkiksi sairaaloiden potilashuoneiden ruoanvalmistustiloissa, kunriskikontaminaatiota on v\u00e4ltett\u00e4v\u00e4. Tiivis kansi pit\u00e4\u00e4 hajut astiassa jakumitassut pit\u00e4v\u00e4t astian paikoillaan.<\/p>\n<ul>Tilavuus: 85 litraa<\/ul>\n<p><i>Hakusanat: roskakorit, roskis, j\u00e4teastia, roska-astia,roskikset,lajittelu<\/i><\/p>\n","protected":false},"excerpt":{"rendered":"<p>Polkimellinen ja kannellinen Vileda Hera roska-astia vastaaHACCP-vaatimuksia, jossa k\u00e4sikosketusta astiaan on v\u00e4ltett\u00e4v\u00e4. Ihanteellinenesimerkiksi sairaaloiden potilashuoneiden ruoanvalmistustiloissa, kunriskikontaminaatiota on v\u00e4ltett\u00e4v\u00e4. Tiivis kansi pit\u00e4\u00e4 hajut astiassa jakumitassut pit\u00e4v\u00e4t astian paikoillaan. Tilavuus: 85 litraa Hakusanat: roskakorit, roskis, j\u00e4teastia, roska-astia,roskikset,lajittelu<\/p>\n","protected":false},"featured_media":0,"comment_status":"open","ping_status":"closed","template":"","meta":[],"product_brand":[],"product_cat":[3137],"product_tag":[],"class_list":{"0":"post-92196","1":"product","2":"type-product","3":"status-publish","5":"product_cat-siivousvalineet-ja-tarvikkeet-jateastiat-poljinkannella","7":"first","8":"instock","9":"shipping-taxable","10":"purchasable","11":"product-type-simple"},"_links":{"self":[{"href":"https:\/\/logistiikkakeskus.net\/kauppa\/wp-json\/wp\/v2\/product\/92196","targetHints":{"allow":["GET"]}}],"collection":[{"href":"https:\/\/logistiikkakeskus.net\/kauppa\/wp-json\/wp\/v2\/product"}],"about":[{"href":"https:\/\/logistiikkakeskus.net\/kauppa\/wp-json\/wp\/v2\/types\/product"}],"replies":[{"embeddable":true,"href":"https:\/\/logistiikkakeskus.net\/kauppa\/wp-json\/wp\/v2\/comments?post=92196"}],"wp:attachment":[{"href":"https:\/\/logistiikkakeskus.net\/kauppa\/wp-json\/wp\/v2\/media?parent=92196"}],"wp:term":[{"taxonomy":"product_brand","embeddable":true,"href":"https:\/\/logistiikkakeskus.net\/kauppa\/wp-json\/wp\/v2\/product_brand?post=92196"},{"taxonomy":"product_cat","embeddable":true,"href":"https:\/\/logistiikkakeskus.net\/kauppa\/wp-json\/wp\/v2\/product_cat?post=92196"},{"taxonomy":"product_tag","embeddable":true,"href":"https:\/\/logistiikkakeskus.net\/kauppa\/wp-json\/wp\/v2\/product_tag?post=92196"}],"curies":[{"name":"wp","href":"https:\/\/api.w.org\/{rel}","templated":true}]}}