{"id":91671,"date":"2024-09-12T07:46:08","date_gmt":"2024-09-12T04:46:08","guid":{"rendered":"https:\/\/logistiikkakeskus.net\/kauppa\/tuote\/turvajalkine-racer-roller-high-s3-44\/"},"modified":"2026-01-20T09:17:51","modified_gmt":"2026-01-20T07:17:51","slug":"turvajalkine-racer-roller-high-s3-44","status":"publish","type":"product","link":"https:\/\/logistiikkakeskus.net\/kauppa\/tuote\/turvajalkine-racer-roller-high-s3-44\/","title":{"rendered":"Turvajalkine Racer roller high S3 44"},"content":{"rendered":"<p>TILAUSTUOTE.TUOTTEELLA NORMAALIA PIDEMPI TOIMITUSAIKA.Sievin Racer Roller High S3 turvakengill\u00e4 sivuille oikealla BOA\u00ae-turvakengill\u00e4. Kenk\u00e4 on valmistettu kest\u00e4v\u00e4st\u00e4, vett\u00e4 hylkiv\u00e4st\u00e4 jahengitt\u00e4v\u00e4st\u00e4 PU-nahasta ja mikrokuidusta. FlexStep-kiilapohja onpitk\u00e4ll\u00e4 hyv\u00e4ll\u00e4 pidolla, joka kest\u00e4\u00e4 my\u00f6s \u00f6ljy\u00e4 ja useita kemikaaleja.Keng\u00e4ss\u00e4 on FlexEnergy -joustoelementti joka antaa \u00e4\u00e4rimm\u00e4iseniskunvaimennuksen, se sitoo syntyv\u00e4\u00e4 liike-energiaa niin hyvin, ett\u00e4 yli55 prosenttia energiasta palautuu askellukseen.Turvakenk\u00e4 on varustettu alumiinivarvassuojalla ja ter\u00e4snaulaanastumissuojalla. Memory foam- nilkkasuojat ja akillesj\u00e4nnett\u00e4suojavalla t\u00f6rm\u00e4yssuojat antavat lis\u00e4tukea ja suoja nilkoille.Varvassuoja, Alumiini, Varvassuoja, AlumiiniNaulaanastumissuoja, Ter\u00e4s,\u00d6ljynkest\u00e4v\u00e4,AntistaattinenVett\u00e4 hylkiv\u00e4, Koron jousto FlexStep,Pohjamateriaali FlexStepSievi Dual Comfort -pohjallinen ,Muisti vaahto -nilkkasuojaSievi FlexEnergy joustoelemen<\/p>\n","protected":false},"excerpt":{"rendered":"<p>TILAUSTUOTE.TUOTTEELLA NORMAALIA PIDEMPI TOIMITUSAIKA.Sievin Racer Roller High S3 turvakengill\u00e4 sivuille oikealla BOA\u00ae-turvakengill\u00e4. Kenk\u00e4 on valmistettu kest\u00e4v\u00e4st\u00e4, vett\u00e4 hylkiv\u00e4st\u00e4 jahengitt\u00e4v\u00e4st\u00e4 PU-nahasta ja mikrokuidusta. FlexStep-kiilapohja onpitk\u00e4ll\u00e4 hyv\u00e4ll\u00e4 pidolla, joka kest\u00e4\u00e4 my\u00f6s \u00f6ljy\u00e4 ja useita kemikaaleja.Keng\u00e4ss\u00e4 on FlexEnergy -joustoelementti joka antaa \u00e4\u00e4rimm\u00e4iseniskunvaimennuksen, se sitoo syntyv\u00e4\u00e4 liike-energiaa niin hyvin, ett\u00e4 yli55 prosenttia energiasta palautuu askellukseen.Turvakenk\u00e4 on varustettu alumiinivarvassuojalla ja [&hellip;]<\/p>\n","protected":false},"featured_media":0,"comment_status":"open","ping_status":"closed","template":"","meta":[],"product_brand":[],"product_cat":[3415],"product_tag":[],"class_list":{"0":"post-91671","1":"product","2":"type-product","3":"status-publish","5":"product_cat-henkilonsuojaimet-ja-tyoturvallisuus-jalkineet-turvakengat","7":"first","8":"instock","9":"shipping-taxable","10":"purchasable","11":"product-type-simple"},"_links":{"self":[{"href":"https:\/\/logistiikkakeskus.net\/kauppa\/wp-json\/wp\/v2\/product\/91671","targetHints":{"allow":["GET"]}}],"collection":[{"href":"https:\/\/logistiikkakeskus.net\/kauppa\/wp-json\/wp\/v2\/product"}],"about":[{"href":"https:\/\/logistiikkakeskus.net\/kauppa\/wp-json\/wp\/v2\/types\/product"}],"replies":[{"embeddable":true,"href":"https:\/\/logistiikkakeskus.net\/kauppa\/wp-json\/wp\/v2\/comments?post=91671"}],"wp:attachment":[{"href":"https:\/\/logistiikkakeskus.net\/kauppa\/wp-json\/wp\/v2\/media?parent=91671"}],"wp:term":[{"taxonomy":"product_brand","embeddable":true,"href":"https:\/\/logistiikkakeskus.net\/kauppa\/wp-json\/wp\/v2\/product_brand?post=91671"},{"taxonomy":"product_cat","embeddable":true,"href":"https:\/\/logistiikkakeskus.net\/kauppa\/wp-json\/wp\/v2\/product_cat?post=91671"},{"taxonomy":"product_tag","embeddable":true,"href":"https:\/\/logistiikkakeskus.net\/kauppa\/wp-json\/wp\/v2\/product_tag?post=91671"}],"curies":[{"name":"wp","href":"https:\/\/api.w.org\/{rel}","templated":true}]}}