{"id":91652,"date":"2024-09-12T07:46:01","date_gmt":"2024-09-12T04:46:01","guid":{"rendered":"https:\/\/logistiikkakeskus.net\/kauppa\/tuote\/turvajalkine-jalas-3325-drylock-39\/"},"modified":"2026-01-20T09:17:49","modified_gmt":"2026-01-20T07:17:49","slug":"turvajalkine-jalas-3325-drylock-39","status":"publish","type":"product","link":"https:\/\/logistiikkakeskus.net\/kauppa\/tuote\/turvajalkine-jalas-3325-drylock-39\/","title":{"rendered":"Turvajalkine Jalas 3325 Drylock 39"},"content":{"rendered":"<p>JALAS 3325 Drylock on vedenpit\u00e4v\u00e4 talviturvamaihari m\u00e4rkiin jakylmiin olosuhteisiin. Suojausluokka S3. Pintanahkap\u00e4\u00e4llinen ja korkeavarsi antavat jaloille erinomaisen suojan ja tuen. L\u00e4mmin vuori. \u00d6ljyn-ja l\u00e4mm\u00f6nkest\u00e4v\u00e4 nitriiliulkopohja antaa erinomaisen pidon. AlumiininenJALAS-varvassuoja, ter\u00e4ksinen naulaanastumissuoja. Vetoketju.Pohjallisen PORON XRD-kaksoisiskunvaimennusvy\u00f6hykkeet vaimentavattehokkaasti iskuja. Lesti: normaali<\/p>\n<p>Hakusanat: turvakenk\u00e4, turvakeng\u00e4t, maihari<\/p>\n","protected":false},"excerpt":{"rendered":"<p>JALAS 3325 Drylock on vedenpit\u00e4v\u00e4 talviturvamaihari m\u00e4rkiin jakylmiin olosuhteisiin. Suojausluokka S3. Pintanahkap\u00e4\u00e4llinen ja korkeavarsi antavat jaloille erinomaisen suojan ja tuen. L\u00e4mmin vuori. \u00d6ljyn-ja l\u00e4mm\u00f6nkest\u00e4v\u00e4 nitriiliulkopohja antaa erinomaisen pidon. AlumiininenJALAS-varvassuoja, ter\u00e4ksinen naulaanastumissuoja. Vetoketju.Pohjallisen PORON XRD-kaksoisiskunvaimennusvy\u00f6hykkeet vaimentavattehokkaasti iskuja. Lesti: normaali Hakusanat: turvakenk\u00e4, turvakeng\u00e4t, maihari<\/p>\n","protected":false},"featured_media":103379,"comment_status":"open","ping_status":"closed","template":"","meta":[],"product_brand":[],"product_cat":[3415],"product_tag":[],"class_list":{"0":"post-91652","1":"product","2":"type-product","3":"status-publish","4":"has-post-thumbnail","6":"product_cat-henkilonsuojaimet-ja-tyoturvallisuus-jalkineet-turvakengat","8":"first","9":"instock","10":"shipping-taxable","11":"purchasable","12":"product-type-simple"},"_links":{"self":[{"href":"https:\/\/logistiikkakeskus.net\/kauppa\/wp-json\/wp\/v2\/product\/91652","targetHints":{"allow":["GET"]}}],"collection":[{"href":"https:\/\/logistiikkakeskus.net\/kauppa\/wp-json\/wp\/v2\/product"}],"about":[{"href":"https:\/\/logistiikkakeskus.net\/kauppa\/wp-json\/wp\/v2\/types\/product"}],"replies":[{"embeddable":true,"href":"https:\/\/logistiikkakeskus.net\/kauppa\/wp-json\/wp\/v2\/comments?post=91652"}],"wp:featuredmedia":[{"embeddable":true,"href":"https:\/\/logistiikkakeskus.net\/kauppa\/wp-json\/wp\/v2\/media\/103379"}],"wp:attachment":[{"href":"https:\/\/logistiikkakeskus.net\/kauppa\/wp-json\/wp\/v2\/media?parent=91652"}],"wp:term":[{"taxonomy":"product_brand","embeddable":true,"href":"https:\/\/logistiikkakeskus.net\/kauppa\/wp-json\/wp\/v2\/product_brand?post=91652"},{"taxonomy":"product_cat","embeddable":true,"href":"https:\/\/logistiikkakeskus.net\/kauppa\/wp-json\/wp\/v2\/product_cat?post=91652"},{"taxonomy":"product_tag","embeddable":true,"href":"https:\/\/logistiikkakeskus.net\/kauppa\/wp-json\/wp\/v2\/product_tag?post=91652"}],"curies":[{"name":"wp","href":"https:\/\/api.w.org\/{rel}","templated":true}]}}