{"id":91517,"date":"2024-09-12T07:44:52","date_gmt":"2024-09-12T04:44:52","guid":{"rendered":"https:\/\/logistiikkakeskus.net\/kauppa\/tuote\/wolf-garten-wk-m-haavi\/"},"modified":"2026-01-20T09:17:07","modified_gmt":"2026-01-20T07:17:07","slug":"wolf-garten-wk-m-haavi","status":"publish","type":"product","link":"https:\/\/logistiikkakeskus.net\/kauppa\/tuote\/wolf-garten-wk-m-haavi\/","title":{"rendered":"Wolf-Garten WK-M haavi"},"content":{"rendered":"<p>TILAUSTUOTE.TUOTTEELLA NORMAALIA PIDEMPI TOIMITUSAIKA.Wolf-Gartenin multi-star-j\u00e4rjestelm\u00e4n suorakaiteen muotoinen WK-M-haavilehtien ja roskien nostoon altaista ja lammikoista. Eritt\u00e4in tihe\u00e4verkko toimii my\u00f6s pienempien roskien puhdistamiseen. Tilaa t\u00e4llehaaville tarvittaessa multi-star-j\u00e4rjestelm\u00e4n varsi erikseen.Koko 35&#215;30 cm<\/p>\n","protected":false},"excerpt":{"rendered":"<p>TILAUSTUOTE.TUOTTEELLA NORMAALIA PIDEMPI TOIMITUSAIKA.Wolf-Gartenin multi-star-j\u00e4rjestelm\u00e4n suorakaiteen muotoinen WK-M-haavilehtien ja roskien nostoon altaista ja lammikoista. Eritt\u00e4in tihe\u00e4verkko toimii my\u00f6s pienempien roskien puhdistamiseen. Tilaa t\u00e4llehaaville tarvittaessa multi-star-j\u00e4rjestelm\u00e4n varsi erikseen.Koko 35&#215;30 cm<\/p>\n","protected":false},"featured_media":102896,"comment_status":"open","ping_status":"closed","template":"","meta":[],"product_brand":[],"product_cat":[3362],"product_tag":[],"class_list":{"0":"post-91517","1":"product","2":"type-product","3":"status-publish","4":"has-post-thumbnail","6":"product_cat-tyokalut-puutarhatyokalut-muut-puutarhatyokalut","8":"first","9":"instock","10":"shipping-taxable","11":"purchasable","12":"product-type-simple"},"_links":{"self":[{"href":"https:\/\/logistiikkakeskus.net\/kauppa\/wp-json\/wp\/v2\/product\/91517","targetHints":{"allow":["GET"]}}],"collection":[{"href":"https:\/\/logistiikkakeskus.net\/kauppa\/wp-json\/wp\/v2\/product"}],"about":[{"href":"https:\/\/logistiikkakeskus.net\/kauppa\/wp-json\/wp\/v2\/types\/product"}],"replies":[{"embeddable":true,"href":"https:\/\/logistiikkakeskus.net\/kauppa\/wp-json\/wp\/v2\/comments?post=91517"}],"wp:featuredmedia":[{"embeddable":true,"href":"https:\/\/logistiikkakeskus.net\/kauppa\/wp-json\/wp\/v2\/media\/102896"}],"wp:attachment":[{"href":"https:\/\/logistiikkakeskus.net\/kauppa\/wp-json\/wp\/v2\/media?parent=91517"}],"wp:term":[{"taxonomy":"product_brand","embeddable":true,"href":"https:\/\/logistiikkakeskus.net\/kauppa\/wp-json\/wp\/v2\/product_brand?post=91517"},{"taxonomy":"product_cat","embeddable":true,"href":"https:\/\/logistiikkakeskus.net\/kauppa\/wp-json\/wp\/v2\/product_cat?post=91517"},{"taxonomy":"product_tag","embeddable":true,"href":"https:\/\/logistiikkakeskus.net\/kauppa\/wp-json\/wp\/v2\/product_tag?post=91517"}],"curies":[{"name":"wp","href":"https:\/\/api.w.org\/{rel}","templated":true}]}}