{"id":91497,"date":"2024-09-12T07:44:48","date_gmt":"2024-09-12T04:44:48","guid":{"rendered":"https:\/\/logistiikkakeskus.net\/kauppa\/tuote\/wolf-garten-rt-m-oksakoukku\/"},"modified":"2025-03-25T14:40:31","modified_gmt":"2025-03-25T12:40:31","slug":"wolf-garten-rt-m-oksakoukku","status":"publish","type":"product","link":"https:\/\/logistiikkakeskus.net\/kauppa\/tuote\/wolf-garten-rt-m-oksakoukku\/","title":{"rendered":"Wolf-Garten RT-M oksakoukku"},"content":{"rendered":"<p>Wolf-Gartenin multi-star-j\u00e4rjestelm\u00e4n RT-M on k\u00e4tev\u00e4 ty\u00f6kalu, jolla voitpoistaa jo katkaistuja oksia puista ja tukea sahausta. Sopii my\u00f6s oksienravisteluun ja esim. omenien pudotteluun. Hakusanat: puutarha, puunhoito<\/p>\n","protected":false},"excerpt":{"rendered":"<p>Wolf-Gartenin multi-star-j\u00e4rjestelm\u00e4n RT-M on k\u00e4tev\u00e4 ty\u00f6kalu, jolla voitpoistaa jo katkaistuja oksia puista ja tukea sahausta. Sopii my\u00f6s oksienravisteluun ja esim. omenien pudotteluun. Hakusanat: puutarha, puunhoito<\/p>\n","protected":false},"featured_media":0,"comment_status":"open","ping_status":"closed","template":"","meta":[],"product_brand":[],"product_cat":[3362],"product_tag":[],"class_list":{"0":"post-91497","1":"product","2":"type-product","3":"status-publish","5":"product_cat-tyokalut-puutarhatyokalut-muut-puutarhatyokalut","7":"first","8":"instock","9":"shipping-taxable","10":"purchasable","11":"product-type-simple"},"_links":{"self":[{"href":"https:\/\/logistiikkakeskus.net\/kauppa\/wp-json\/wp\/v2\/product\/91497","targetHints":{"allow":["GET"]}}],"collection":[{"href":"https:\/\/logistiikkakeskus.net\/kauppa\/wp-json\/wp\/v2\/product"}],"about":[{"href":"https:\/\/logistiikkakeskus.net\/kauppa\/wp-json\/wp\/v2\/types\/product"}],"replies":[{"embeddable":true,"href":"https:\/\/logistiikkakeskus.net\/kauppa\/wp-json\/wp\/v2\/comments?post=91497"}],"wp:attachment":[{"href":"https:\/\/logistiikkakeskus.net\/kauppa\/wp-json\/wp\/v2\/media?parent=91497"}],"wp:term":[{"taxonomy":"product_brand","embeddable":true,"href":"https:\/\/logistiikkakeskus.net\/kauppa\/wp-json\/wp\/v2\/product_brand?post=91497"},{"taxonomy":"product_cat","embeddable":true,"href":"https:\/\/logistiikkakeskus.net\/kauppa\/wp-json\/wp\/v2\/product_cat?post=91497"},{"taxonomy":"product_tag","embeddable":true,"href":"https:\/\/logistiikkakeskus.net\/kauppa\/wp-json\/wp\/v2\/product_tag?post=91497"}],"curies":[{"name":"wp","href":"https:\/\/api.w.org\/{rel}","templated":true}]}}