{"id":91439,"date":"2024-09-12T07:40:44","date_gmt":"2024-09-12T04:40:44","guid":{"rendered":"https:\/\/logistiikkakeskus.net\/kauppa\/tuote\/cirafon-privacy-filter-23-509-x-286mm-1\/"},"modified":"2026-01-20T09:14:47","modified_gmt":"2026-01-20T07:14:47","slug":"cirafon-privacy-filter-23-509-x-286mm-1","status":"publish","type":"product","link":"https:\/\/logistiikkakeskus.net\/kauppa\/tuote\/cirafon-privacy-filter-23-509-x-286mm-1\/","title":{"rendered":"Tietoturvasuoja 23&#8243; 509 x 286mm 1"},"content":{"rendered":"<p>leveys: 509 korkeus: 286mm. sopii my\u00f6s kosketusn\u00e4ytt\u00f6ihin.Tietoturvasuoja v\u00e4hent\u00e4\u00e4 51% (\u00b1 5%) sinisen valonl\u00e4p\u00e4isyst\u00e4. Toinenpuoli kiilt\u00e4v\u00e4, toinen matta. Katselukulma 60-astetta. kuvasuhde: 16:9.<\/p>\n","protected":false},"excerpt":{"rendered":"<p>leveys: 509 korkeus: 286mm. sopii my\u00f6s kosketusn\u00e4ytt\u00f6ihin.Tietoturvasuoja v\u00e4hent\u00e4\u00e4 51% (\u00b1 5%) sinisen valonl\u00e4p\u00e4isyst\u00e4. Toinenpuoli kiilt\u00e4v\u00e4, toinen matta. Katselukulma 60-astetta. kuvasuhde: 16:9.<\/p>\n","protected":false},"featured_media":101512,"comment_status":"open","ping_status":"closed","template":"","meta":[],"product_brand":[],"product_cat":[3247],"product_tag":[],"class_list":{"0":"post-91439","1":"product","2":"type-product","3":"status-publish","4":"has-post-thumbnail","6":"product_cat-it-toimisto-sahkolaitteet-ja-tarv-it-tarvikkeet-muut-it-tarvikkeet","8":"first","9":"instock","10":"shipping-taxable","11":"purchasable","12":"product-type-simple"},"_links":{"self":[{"href":"https:\/\/logistiikkakeskus.net\/kauppa\/wp-json\/wp\/v2\/product\/91439","targetHints":{"allow":["GET"]}}],"collection":[{"href":"https:\/\/logistiikkakeskus.net\/kauppa\/wp-json\/wp\/v2\/product"}],"about":[{"href":"https:\/\/logistiikkakeskus.net\/kauppa\/wp-json\/wp\/v2\/types\/product"}],"replies":[{"embeddable":true,"href":"https:\/\/logistiikkakeskus.net\/kauppa\/wp-json\/wp\/v2\/comments?post=91439"}],"wp:featuredmedia":[{"embeddable":true,"href":"https:\/\/logistiikkakeskus.net\/kauppa\/wp-json\/wp\/v2\/media\/101512"}],"wp:attachment":[{"href":"https:\/\/logistiikkakeskus.net\/kauppa\/wp-json\/wp\/v2\/media?parent=91439"}],"wp:term":[{"taxonomy":"product_brand","embeddable":true,"href":"https:\/\/logistiikkakeskus.net\/kauppa\/wp-json\/wp\/v2\/product_brand?post=91439"},{"taxonomy":"product_cat","embeddable":true,"href":"https:\/\/logistiikkakeskus.net\/kauppa\/wp-json\/wp\/v2\/product_cat?post=91439"},{"taxonomy":"product_tag","embeddable":true,"href":"https:\/\/logistiikkakeskus.net\/kauppa\/wp-json\/wp\/v2\/product_tag?post=91439"}],"curies":[{"name":"wp","href":"https:\/\/api.w.org\/{rel}","templated":true}]}}