{"id":91358,"date":"2024-08-12T12:49:53","date_gmt":"2024-08-12T09:49:53","guid":{"rendered":"https:\/\/logistiikkakeskus.net\/kauppa\/tuote\/pohjalliset-8710m-medium-arch-44-45\/"},"modified":"2025-01-14T11:25:09","modified_gmt":"2025-01-14T09:25:09","slug":"pohjalliset-8710m-medium-arch-44-45","status":"publish","type":"product","link":"https:\/\/logistiikkakeskus.net\/kauppa\/tuote\/pohjalliset-8710m-medium-arch-44-45\/","title":{"rendered":"Pohjalliset 8710M Medium Arch, 44-45"},"content":{"rendered":"<p>Jalas 8710M Medium Arch -pohjalliset on tarkoitettukeskikorkeallejalkaholville. PORON XRD -kaksoisiskunvaimennusvy\u00f6hykkeet, vahvikekantap\u00e4\u00e4n alla ja perferoitu p\u00e4ki\u00e4osa v\u00e4hent\u00e4v\u00e4t vammojen riski\u00e4 jalis\u00e4\u00e4v\u00e4t k\u00e4ytt\u00f6mukavuutta. Pohjallinen on anatomisesti muotoiltu jasopii k\u00e4ytett\u00e4v\u00e4ksi kaikissa JALAS-turvajalkineissa. T\u00e4ytt\u00e4\u00e4 IEC 61340-5-1 (ESD) -vaatimukset. Pohjallinen leikataan merkkiviivasta pienemp\u00e4\u00e4nkokoon. V\u00e4ri: vihre\u00e4.<\/p>\n<p><i>Hakusanat: keng\u00e4npohjalliset, pohjallinen,keng\u00e4npohjallinen<\/i><\/p>\n","protected":false},"excerpt":{"rendered":"<p>Jalas 8710M Medium Arch -pohjalliset on tarkoitettukeskikorkeallejalkaholville. PORON XRD -kaksoisiskunvaimennusvy\u00f6hykkeet, vahvikekantap\u00e4\u00e4n alla ja perferoitu p\u00e4ki\u00e4osa v\u00e4hent\u00e4v\u00e4t vammojen riski\u00e4 jalis\u00e4\u00e4v\u00e4t k\u00e4ytt\u00f6mukavuutta. Pohjallinen on anatomisesti muotoiltu jasopii k\u00e4ytett\u00e4v\u00e4ksi kaikissa JALAS-turvajalkineissa. T\u00e4ytt\u00e4\u00e4 IEC 61340-5-1 (ESD) -vaatimukset. Pohjallinen leikataan merkkiviivasta pienemp\u00e4\u00e4nkokoon. V\u00e4ri: vihre\u00e4.<\/p>\n<p><i>Hakusanat: keng\u00e4npohjalliset, pohjallinen,keng\u00e4npohjallinen<\/i><\/p>\n","protected":false},"featured_media":0,"comment_status":"open","ping_status":"closed","template":"","meta":[],"product_brand":[],"product_cat":[3518],"product_tag":[],"class_list":{"0":"post-91358","1":"product","2":"type-product","3":"status-publish","5":"product_cat-henkilonsuojaimet-ja-tyoturvallisuus-jalkineet-pohjalliset-ja-syylinkit","7":"first","8":"instock","9":"shipping-taxable","10":"purchasable","11":"product-type-simple"},"_links":{"self":[{"href":"https:\/\/logistiikkakeskus.net\/kauppa\/wp-json\/wp\/v2\/product\/91358","targetHints":{"allow":["GET"]}}],"collection":[{"href":"https:\/\/logistiikkakeskus.net\/kauppa\/wp-json\/wp\/v2\/product"}],"about":[{"href":"https:\/\/logistiikkakeskus.net\/kauppa\/wp-json\/wp\/v2\/types\/product"}],"replies":[{"embeddable":true,"href":"https:\/\/logistiikkakeskus.net\/kauppa\/wp-json\/wp\/v2\/comments?post=91358"}],"wp:attachment":[{"href":"https:\/\/logistiikkakeskus.net\/kauppa\/wp-json\/wp\/v2\/media?parent=91358"}],"wp:term":[{"taxonomy":"product_brand","embeddable":true,"href":"https:\/\/logistiikkakeskus.net\/kauppa\/wp-json\/wp\/v2\/product_brand?post=91358"},{"taxonomy":"product_cat","embeddable":true,"href":"https:\/\/logistiikkakeskus.net\/kauppa\/wp-json\/wp\/v2\/product_cat?post=91358"},{"taxonomy":"product_tag","embeddable":true,"href":"https:\/\/logistiikkakeskus.net\/kauppa\/wp-json\/wp\/v2\/product_tag?post=91358"}],"curies":[{"name":"wp","href":"https:\/\/api.w.org\/{rel}","templated":true}]}}