{"id":91341,"date":"2024-08-12T12:49:43","date_gmt":"2024-08-12T09:49:43","guid":{"rendered":"https:\/\/logistiikkakeskus.net\/kauppa\/tuote\/turvajalkine-jalas-heavy-duty-1258-44\/"},"modified":"2025-10-15T10:21:27","modified_gmt":"2025-10-15T07:21:27","slug":"turvajalkine-jalas-heavy-duty-1258-44","status":"publish","type":"product","link":"https:\/\/logistiikkakeskus.net\/kauppa\/tuote\/turvajalkine-jalas-heavy-duty-1258-44\/","title":{"rendered":"Turvajalkine Jalas Heavy Duty 1258, 44"},"content":{"rendered":"<p>Tilaustuote. Tuotteella on normaalia pidempi toimitusaika.Tilaustuotteilla ei ole palautusoikeutta.<\/p>\n<p>Ter\u00e4ksinen naulaanastumissuoja, luistamaton pohja, BOA-kiinnitysmekanismi tai tarrakiinnitys ja hankaamista kest\u00e4vi\u00e4materiaaleja, esim. Kevlar-neulokset ja polyuretaaniset yl\u00e4osat.Kest\u00e4v\u00e4 turvajalkine, jossa on korkein suojaustaso vaativiinymp\u00e4rist\u00f6ihin. Erikoisk\u00e4sitelty nahka ja l\u00e4mm\u00f6nkest\u00e4v\u00e4 para-amidilankasaumoissa. Suojaa kuumuudelta 30 minuutin ajan ylimm\u00e4n k\u00e4ytt\u00f6l\u00e4mp\u00f6tilanollessa 400 C. \u00d6ljyn- ja l\u00e4mm\u00f6nkest\u00e4v\u00e4 nitriiliulkopohja takaaerinomaisen pidon ja JALAS-komposiittivarvassuoja, ter\u00e4ksinen pistosuojaja kaksinkertaiset PORON XRD -iskunvaimennusvy\u00f6hykkeet auttavat pit\u00e4m\u00e4\u00e4njalat suojattuina \u00e4\u00e4rimm\u00e4isiss\u00e4 olosuhteissa. T\u00e4m\u00e4 tarramalli 1258kest\u00e4\u00e4 hitsausta ja l\u00e4mp\u00f6\u00e4, siin\u00e4 on erityisen kuumaa kest\u00e4v\u00e4 p\u00e4\u00e4llinenja ulkopohja. Lesti: Normaali<\/p>\n<p><i>Hakusanat: turvajalkineet, turvakenk\u00e4, turvakeng\u00e4t,hitsausjalkin<\/p>\n","protected":false},"excerpt":{"rendered":"<p>Tilaustuote. Tuotteella on normaalia pidempi toimitusaika.Tilaustuotteilla ei ole palautusoikeutta. Ter\u00e4ksinen naulaanastumissuoja, luistamaton pohja, BOA-kiinnitysmekanismi tai tarrakiinnitys ja hankaamista kest\u00e4vi\u00e4materiaaleja, esim. Kevlar-neulokset ja polyuretaaniset yl\u00e4osat.Kest\u00e4v\u00e4 turvajalkine, jossa on korkein suojaustaso vaativiinymp\u00e4rist\u00f6ihin. Erikoisk\u00e4sitelty nahka ja l\u00e4mm\u00f6nkest\u00e4v\u00e4 para-amidilankasaumoissa. Suojaa kuumuudelta 30 minuutin ajan ylimm\u00e4n k\u00e4ytt\u00f6l\u00e4mp\u00f6tilanollessa 400 C. \u00d6ljyn- ja l\u00e4mm\u00f6nkest\u00e4v\u00e4 nitriiliulkopohja takaaerinomaisen pidon ja JALAS-komposiittivarvassuoja, ter\u00e4ksinen pistosuojaja kaksinkertaiset [&hellip;]<\/p>\n","protected":false},"featured_media":92505,"comment_status":"open","ping_status":"closed","template":"","meta":[],"product_brand":[],"product_cat":[3415],"product_tag":[],"class_list":{"0":"post-91341","1":"product","2":"type-product","3":"status-publish","4":"has-post-thumbnail","6":"product_cat-henkilonsuojaimet-ja-tyoturvallisuus-jalkineet-turvakengat","8":"first","9":"instock","10":"shipping-taxable","11":"purchasable","12":"product-type-simple"},"_links":{"self":[{"href":"https:\/\/logistiikkakeskus.net\/kauppa\/wp-json\/wp\/v2\/product\/91341","targetHints":{"allow":["GET"]}}],"collection":[{"href":"https:\/\/logistiikkakeskus.net\/kauppa\/wp-json\/wp\/v2\/product"}],"about":[{"href":"https:\/\/logistiikkakeskus.net\/kauppa\/wp-json\/wp\/v2\/types\/product"}],"replies":[{"embeddable":true,"href":"https:\/\/logistiikkakeskus.net\/kauppa\/wp-json\/wp\/v2\/comments?post=91341"}],"wp:featuredmedia":[{"embeddable":true,"href":"https:\/\/logistiikkakeskus.net\/kauppa\/wp-json\/wp\/v2\/media\/92505"}],"wp:attachment":[{"href":"https:\/\/logistiikkakeskus.net\/kauppa\/wp-json\/wp\/v2\/media?parent=91341"}],"wp:term":[{"taxonomy":"product_brand","embeddable":true,"href":"https:\/\/logistiikkakeskus.net\/kauppa\/wp-json\/wp\/v2\/product_brand?post=91341"},{"taxonomy":"product_cat","embeddable":true,"href":"https:\/\/logistiikkakeskus.net\/kauppa\/wp-json\/wp\/v2\/product_cat?post=91341"},{"taxonomy":"product_tag","embeddable":true,"href":"https:\/\/logistiikkakeskus.net\/kauppa\/wp-json\/wp\/v2\/product_tag?post=91341"}],"curies":[{"name":"wp","href":"https:\/\/api.w.org\/{rel}","templated":true}]}}