{"id":91308,"date":"2024-08-12T12:49:26","date_gmt":"2024-08-12T09:49:26","guid":{"rendered":"https:\/\/logistiikkakeskus.net\/kauppa\/tuote\/turvajalkine-sieviair-r4-roller-s1p-39\/"},"modified":"2026-01-20T09:20:03","modified_gmt":"2026-01-20T07:20:03","slug":"turvajalkine-sieviair-r4-roller-s1p-39","status":"publish","type":"product","link":"https:\/\/logistiikkakeskus.net\/kauppa\/tuote\/turvajalkine-sieviair-r4-roller-s1p-39\/","title":{"rendered":"Turvajalkine SieviAir R4 Roller S1P, 39"},"content":{"rendered":"<p>SieviAir R4 Roller on rullakiinnitteinen turvasandaali.Varvassuojaalumiinia ja naulaanastumissuoja ter\u00e4st\u00e4. P\u00e4\u00e4llinen mikrokuitua ja PU-nahkaa. Keng\u00e4n kyljiss\u00e4 on tuuletusaukot, joista p\u00e4iv\u00e4 paistaa l\u00e4pi!Sivulle sijoitettu BOA Fit System -kiinnitysmekanismi lis\u00e4\u00e4k\u00e4ytt\u00f6mukavuutta. Maailman kehittynein FlexEnergy-kantavaimennus sitoosyntyv\u00e4\u00e4 liike-energiaa ja yli 55 prosenttia energiasta palautuutakaisin askellukseen. SieviAir-pohjaratkaisu poistaa jalkojenl\u00e4mpenemisest\u00e4 syntyv\u00e4n kosteuden keng\u00e4st\u00e4 pohjan sivussa olevienvirtauskanavien kautta. \u00d6ljyn kest\u00e4v\u00e4, staattista s\u00e4hk\u00f6\u00e4 poistava ESDjalkine. Lesti: Normaali.<\/p>\n<p><i>Hakusanat: turvakenk\u00e4, turvakeng\u00e4t, turvajalkineet,turvasandaali,kes\u00e4jalkine, kes\u00e4kenk\u00e4<\/i><\/p>\n","protected":false},"excerpt":{"rendered":"<p>SieviAir R4 Roller on rullakiinnitteinen turvasandaali.Varvassuojaalumiinia ja naulaanastumissuoja ter\u00e4st\u00e4. P\u00e4\u00e4llinen mikrokuitua ja PU-nahkaa. Keng\u00e4n kyljiss\u00e4 on tuuletusaukot, joista p\u00e4iv\u00e4 paistaa l\u00e4pi!Sivulle sijoitettu BOA Fit System -kiinnitysmekanismi lis\u00e4\u00e4k\u00e4ytt\u00f6mukavuutta. Maailman kehittynein FlexEnergy-kantavaimennus sitoosyntyv\u00e4\u00e4 liike-energiaa ja yli 55 prosenttia energiasta palautuutakaisin askellukseen. SieviAir-pohjaratkaisu poistaa jalkojenl\u00e4mpenemisest\u00e4 syntyv\u00e4n kosteuden keng\u00e4st\u00e4 pohjan sivussa olevienvirtauskanavien kautta. \u00d6ljyn kest\u00e4v\u00e4, staattista s\u00e4hk\u00f6\u00e4 poistava ESDjalkine. [&hellip;]<\/p>\n","protected":false},"featured_media":92474,"comment_status":"open","ping_status":"closed","template":"","meta":[],"product_brand":[],"product_cat":[3415],"product_tag":[],"class_list":{"0":"post-91308","1":"product","2":"type-product","3":"status-publish","4":"has-post-thumbnail","6":"product_cat-henkilonsuojaimet-ja-tyoturvallisuus-jalkineet-turvakengat","8":"first","9":"instock","10":"shipping-taxable","11":"purchasable","12":"product-type-simple"},"_links":{"self":[{"href":"https:\/\/logistiikkakeskus.net\/kauppa\/wp-json\/wp\/v2\/product\/91308","targetHints":{"allow":["GET"]}}],"collection":[{"href":"https:\/\/logistiikkakeskus.net\/kauppa\/wp-json\/wp\/v2\/product"}],"about":[{"href":"https:\/\/logistiikkakeskus.net\/kauppa\/wp-json\/wp\/v2\/types\/product"}],"replies":[{"embeddable":true,"href":"https:\/\/logistiikkakeskus.net\/kauppa\/wp-json\/wp\/v2\/comments?post=91308"}],"wp:featuredmedia":[{"embeddable":true,"href":"https:\/\/logistiikkakeskus.net\/kauppa\/wp-json\/wp\/v2\/media\/92474"}],"wp:attachment":[{"href":"https:\/\/logistiikkakeskus.net\/kauppa\/wp-json\/wp\/v2\/media?parent=91308"}],"wp:term":[{"taxonomy":"product_brand","embeddable":true,"href":"https:\/\/logistiikkakeskus.net\/kauppa\/wp-json\/wp\/v2\/product_brand?post=91308"},{"taxonomy":"product_cat","embeddable":true,"href":"https:\/\/logistiikkakeskus.net\/kauppa\/wp-json\/wp\/v2\/product_cat?post=91308"},{"taxonomy":"product_tag","embeddable":true,"href":"https:\/\/logistiikkakeskus.net\/kauppa\/wp-json\/wp\/v2\/product_tag?post=91308"}],"curies":[{"name":"wp","href":"https:\/\/api.w.org\/{rel}","templated":true}]}}