{"id":91069,"date":"2024-08-12T12:26:50","date_gmt":"2024-08-12T09:26:50","guid":{"rendered":"https:\/\/logistiikkakeskus.net\/kauppa\/tuote\/roskanpoimija-fiskars-solid\/"},"modified":"2026-01-20T09:16:56","modified_gmt":"2026-01-20T07:16:56","slug":"roskanpoimija-fiskars-solid","status":"publish","type":"product","link":"https:\/\/logistiikkakeskus.net\/kauppa\/tuote\/roskanpoimija-fiskars-solid\/","title":{"rendered":"Roskanpoimija Fiskars Solid"},"content":{"rendered":"<p>K\u00e4yt\u00e4 Fiskars Solid roskanpoimijaa roskien, oksien, lehtien ja muidenj\u00e4tteiden poimimiseen ilman ett\u00e4 sinun t\u00e4ytyy kumartua, ponnistella tailiata k\u00e4si\u00e4si.Tukevat kumiottimet pysyv\u00e4t paikoillaan eik\u00e4 niit\u00e4 tarvitse vaihtaa.Niiden avulla irtoroskat, kuten paperit tai pienet oksat on helppopoimia. Ergonomiset k\u00e4densijat sormilenkill\u00e4 takaavat tukevan otteensamalla kun helppok\u00e4ytt\u00f6inen peukalolukitus pit\u00e4\u00e4 pihdit suljettuinak\u00e4sien puristusvoiman s\u00e4\u00e4st\u00e4miseksi.Kest\u00e4v\u00e4 ja kevyt ter\u00e4srakenne takaa mukavuuden ja pitk\u00e4n k\u00e4ytt\u00f6i\u00e4n.<\/p>\n","protected":false},"excerpt":{"rendered":"<p>K\u00e4yt\u00e4 Fiskars Solid roskanpoimijaa roskien, oksien, lehtien ja muidenj\u00e4tteiden poimimiseen ilman ett\u00e4 sinun t\u00e4ytyy kumartua, ponnistella tailiata k\u00e4si\u00e4si.Tukevat kumiottimet pysyv\u00e4t paikoillaan eik\u00e4 niit\u00e4 tarvitse vaihtaa.Niiden avulla irtoroskat, kuten paperit tai pienet oksat on helppopoimia. Ergonomiset k\u00e4densijat sormilenkill\u00e4 takaavat tukevan otteensamalla kun helppok\u00e4ytt\u00f6inen peukalolukitus pit\u00e4\u00e4 pihdit suljettuinak\u00e4sien puristusvoiman s\u00e4\u00e4st\u00e4miseksi.Kest\u00e4v\u00e4 ja kevyt ter\u00e4srakenne takaa mukavuuden ja pitk\u00e4n [&hellip;]<\/p>\n","protected":false},"featured_media":0,"comment_status":"open","ping_status":"closed","template":"","meta":[],"product_brand":[],"product_cat":[3362],"product_tag":[],"class_list":{"0":"post-91069","1":"product","2":"type-product","3":"status-publish","5":"product_cat-tyokalut-puutarhatyokalut-muut-puutarhatyokalut","7":"first","8":"instock","9":"shipping-taxable","10":"purchasable","11":"product-type-simple"},"_links":{"self":[{"href":"https:\/\/logistiikkakeskus.net\/kauppa\/wp-json\/wp\/v2\/product\/91069","targetHints":{"allow":["GET"]}}],"collection":[{"href":"https:\/\/logistiikkakeskus.net\/kauppa\/wp-json\/wp\/v2\/product"}],"about":[{"href":"https:\/\/logistiikkakeskus.net\/kauppa\/wp-json\/wp\/v2\/types\/product"}],"replies":[{"embeddable":true,"href":"https:\/\/logistiikkakeskus.net\/kauppa\/wp-json\/wp\/v2\/comments?post=91069"}],"wp:attachment":[{"href":"https:\/\/logistiikkakeskus.net\/kauppa\/wp-json\/wp\/v2\/media?parent=91069"}],"wp:term":[{"taxonomy":"product_brand","embeddable":true,"href":"https:\/\/logistiikkakeskus.net\/kauppa\/wp-json\/wp\/v2\/product_brand?post=91069"},{"taxonomy":"product_cat","embeddable":true,"href":"https:\/\/logistiikkakeskus.net\/kauppa\/wp-json\/wp\/v2\/product_cat?post=91069"},{"taxonomy":"product_tag","embeddable":true,"href":"https:\/\/logistiikkakeskus.net\/kauppa\/wp-json\/wp\/v2\/product_tag?post=91069"}],"curies":[{"name":"wp","href":"https:\/\/api.w.org\/{rel}","templated":true}]}}