{"id":91052,"date":"2024-08-12T12:14:14","date_gmt":"2024-08-12T09:14:14","guid":{"rendered":"https:\/\/logistiikkakeskus.net\/kauppa\/tuote\/adressikansio-sininen-nukka\/"},"modified":"2025-10-15T10:15:22","modified_gmt":"2025-10-15T07:15:22","slug":"adressikansio-sininen-nukka","status":"publish","type":"product","link":"https:\/\/logistiikkakeskus.net\/kauppa\/tuote\/adressikansio-sininen-nukka\/","title":{"rendered":"Adressikansio sininen (nukka)"},"content":{"rendered":"<p>Myyntiyksikk\u00f6: KPL<\/p>\n<p>Adressin muovikannet hopeany\u00f6rein, sininen<\/p>\n<p>Hakusanat: tarkastuspyynt\u00f6-tuote<\/i><\/p>\n","protected":false},"excerpt":{"rendered":"<p>Myyntiyksikk\u00f6: KPL Adressin muovikannet hopeany\u00f6rein, sininen Hakusanat: tarkastuspyynt\u00f6-tuote<\/p>\n","protected":false},"featured_media":0,"comment_status":"open","ping_status":"closed","template":"","meta":[],"product_brand":[],"product_cat":[3321],"product_tag":[],"class_list":{"0":"post-91052","1":"product","2":"type-product","3":"status-publish","5":"product_cat-lomakkeet-muut-painatustuotteet-adressit","7":"first","8":"instock","9":"shipping-taxable","10":"purchasable","11":"product-type-simple"},"_links":{"self":[{"href":"https:\/\/logistiikkakeskus.net\/kauppa\/wp-json\/wp\/v2\/product\/91052","targetHints":{"allow":["GET"]}}],"collection":[{"href":"https:\/\/logistiikkakeskus.net\/kauppa\/wp-json\/wp\/v2\/product"}],"about":[{"href":"https:\/\/logistiikkakeskus.net\/kauppa\/wp-json\/wp\/v2\/types\/product"}],"replies":[{"embeddable":true,"href":"https:\/\/logistiikkakeskus.net\/kauppa\/wp-json\/wp\/v2\/comments?post=91052"}],"wp:attachment":[{"href":"https:\/\/logistiikkakeskus.net\/kauppa\/wp-json\/wp\/v2\/media?parent=91052"}],"wp:term":[{"taxonomy":"product_brand","embeddable":true,"href":"https:\/\/logistiikkakeskus.net\/kauppa\/wp-json\/wp\/v2\/product_brand?post=91052"},{"taxonomy":"product_cat","embeddable":true,"href":"https:\/\/logistiikkakeskus.net\/kauppa\/wp-json\/wp\/v2\/product_cat?post=91052"},{"taxonomy":"product_tag","embeddable":true,"href":"https:\/\/logistiikkakeskus.net\/kauppa\/wp-json\/wp\/v2\/product_tag?post=91052"}],"curies":[{"name":"wp","href":"https:\/\/api.w.org\/{rel}","templated":true}]}}